{"id":14030,"date":"2024-10-14T11:39:26","date_gmt":"2024-10-14T04:39:26","guid":{"rendered":"https:\/\/serverhot.vn\/vi\/-product-\/may-tinh-de-ban-hp-z4-g5-workstation-w3-2435-8c-4-30ghz-22-5mb-32gb-2x16gb-ddr5-4800-ecc-512gb-ssd-m-2-usb-keyboard-mouselinux3y-onsite_-57k36av-ma-san-pham-57k36av\/"},"modified":"2024-10-14T11:39:28","modified_gmt":"2024-10-14T04:39:28","slug":"may-tinh-de-ban-hp-z4-g5-workstation-w3-2435-8c-4-30ghz-22-5mb-32gb-2x16gb-ddr5-4800-ecc-512gb-ssd-m-2-usb-keyboard-mouselinux3y-onsite_-57k36av-ma-san-pham-57k36av","status":"publish","type":"product","link":"https:\/\/serverhot.vn\/en\/-product-\/may-tinh-de-ban-hp-z4-g5-workstation-w3-2435-8c-4-30ghz-22-5mb-32gb-2x16gb-ddr5-4800-ecc-512gb-ssd-m-2-usb-keyboard-mouselinux3y-onsite_-57k36av-ma-san-pham-57k36av\/","title":{"rendered":"M\u00e1y t\u00ednh \u0111\u1ec3 b\u00e0n HP Z4 G5 Workstation, W3-2435 (8C, 4.30Ghz, 22.5Mb), 32GB (2x16GB DDR5 4800 ECC), 512GB SSD M.2 \/ USB Keyboard &amp; Mouse,Linux,3Y Onsite_ 57K36AV M\u00e3 s\u1ea3n ph\u1ea9m: 57K36AV"},"content":{"rendered":"<div class=\"showText tabs\" id=\"tab2\">\n                                    <\/div>","protected":false},"excerpt":{"rendered":"<ul>\n<p>HP Z4 G5 Workstation, W3-2435 (8C, 4.30Ghz, 22.5Mb), 32GB (2x16GB DDR5 4800 ECC), 512GB SSD M.2 \/ USB Keyboard &amp; Mouse,Linux,3Y Onsite_ 57K36AVHP Z4 G5 Workstation, W3-2435 (8C, 4.30Ghz, 22.5Mb), 32GB (2x16GB DDR5 4800 ECC), 512GB SSD M.2 \/ USB Keyboard &amp; Mouse,Linux,3Y Onsite_ 57K36AV<\/p>\n<\/ul>","protected":false},"featured_media":14031,"comment_status":"closed","ping_status":"closed","template":"","meta":[],"pwb-brand":[],"product_cat":[2887],"product_tag":[],"class_list":{"0":"post-14030","1":"product","2":"type-product","3":"status-publish","4":"has-post-thumbnail","6":"product_cat-hp","8":"first","9":"instock","10":"shipping-taxable","11":"product-type-simple"},"brands":[],"_links":{"self":[{"href":"https:\/\/serverhot.vn\/en\/wp-json\/wp\/v2\/product\/14030","targetHints":{"allow":["GET"]}}],"collection":[{"href":"https:\/\/serverhot.vn\/en\/wp-json\/wp\/v2\/product"}],"about":[{"href":"https:\/\/serverhot.vn\/en\/wp-json\/wp\/v2\/types\/product"}],"replies":[{"embeddable":true,"href":"https:\/\/serverhot.vn\/en\/wp-json\/wp\/v2\/comments?post=14030"}],"wp:featuredmedia":[{"embeddable":true,"href":"https:\/\/serverhot.vn\/en\/wp-json\/wp\/v2\/media\/14031"}],"wp:attachment":[{"href":"https:\/\/serverhot.vn\/en\/wp-json\/wp\/v2\/media?parent=14030"}],"wp:term":[{"taxonomy":"pwb-brand","embeddable":true,"href":"https:\/\/serverhot.vn\/en\/wp-json\/wp\/v2\/pwb-brand?post=14030"},{"taxonomy":"product_cat","embeddable":true,"href":"https:\/\/serverhot.vn\/en\/wp-json\/wp\/v2\/product_cat?post=14030"},{"taxonomy":"product_tag","embeddable":true,"href":"https:\/\/serverhot.vn\/en\/wp-json\/wp\/v2\/product_tag?post=14030"}],"curies":[{"name":"wp","href":"https:\/\/api.w.org\/{rel}","templated":true}]}}