{"id":14196,"date":"2024-10-17T00:00:20","date_gmt":"2024-10-16T17:00:20","guid":{"rendered":"https:\/\/serverhot.vn\/-product-\/bo-gop-chuyen-mach-hdmi-switcher-2-vao-1-ra-ho-tro-4k-60hz-chinh-hang-ugreen-80126-ma-san-pham-80126\/"},"modified":"2024-10-17T00:00:26","modified_gmt":"2024-10-16T17:00:26","slug":"bo-gop-chuyen-mach-hdmi-switcher-2-vao-1-ra-ho-tro-4k-60hz-chinh-hang-ugreen-80126-ma-san-pham-80126","status":"publish","type":"product","link":"https:\/\/serverhot.vn\/en\/-product-\/bo-gop-chuyen-mach-hdmi-switcher-2-vao-1-ra-ho-tro-4k-60hz-chinh-hang-ugreen-80126-ma-san-pham-80126\/","title":{"rendered":"B\u1ed9 g\u1ed9p chuy\u1ec3n m\u1ea1ch HDMI Switcher 2 v\u00e0o 1 ra h\u1ed7 tr\u1ee3 4K\/60Hz ch\u00ednh h\u00e3ng Ugreen 80126 M\u00e3 s\u1ea3n ph\u1ea9m: 80126"},"content":{"rendered":"<div class=\"showText tabs\" id=\"tab2\">\n<div class=\"box_right_pro_view\">\n<div class=\"thongso_pro a_technical\" style=\"max-height: fit-content\">\n<p>H\u00e3ng s\u1ea3n xu\u1ea5t: Ugreen<\/p>\n<p>Model: 80126<\/p>\n<p>T\u00ednh n\u0103ng: HDMI 2 v\u00e0o 1 ra<\/p>\n<p>Chu\u1ea9n HDMI 2.0, c\u00f3 th\u1ec3 d\u00f9ng \u0111\u01b0\u1ee3c cho c\u00e1c chu\u1ea9n HDMI 2.0, 1.1, 1.3, 1.4 &#8230;<\/p>\n<p>Input: HDMI x2\u00a0<\/p>\n<p>Outpput: HDMI x1<\/p>\n<p>H\u1ed7 tr\u1ee3 \u0111\u1ed9 ph\u00e2n gi\u1ea3i: 4K*2K@60Hz, FullHD<\/p>\n<p>H\u1ed7 tr\u1ee3 3D, CEC v\u00e0 HDCP 1.4<\/p>\n<p>H\u1ed7 tr\u1ee3 c\u1ed5ng tr\u1ee3 ngu\u1ed3n Micro USB 5V\/2A (k\u00e8m c\u00e1p micro usb)<\/p>\n<p>H\u1ed7 tr\u1ee3 h\u1ec7 \u0111i\u1ec1u h\u00e0nh Mac OS, Windows, Linux<\/p>\n<\/p><\/div>\n<p>                            <!--                            <\/p>\n<div class=\"xemthem_id_r\">--><br \/>\n                            <!--                                <a><!--\/show\/?token=--><br \/>\n                            <!--\"--><br \/>\n                            <!--                                   class=\"preview fancybox fancybox.ajax\" rel=\"nofollow\"&gt;Xem th&#234;m th&#244;ng s&#7889; k&#7929; thu&#7853;t<\/a>--><br \/>\n                            <!--                            <\/div>\n<p>-->\n                        <\/p><\/div>\n<\/p><\/div>","protected":false},"excerpt":{"rendered":"<ul>\n<p>B\u1ed9 g\u1ed9p HDMI 4K@60Hz 2 c\u1ed5ng v\u00e0o Ugreen 80126 l\u00e0 gi\u1ea3i ph\u00e1p gi\u00fap b\u1ea1n d\u1ec5 d\u00e0ng k\u1ebft n\u1ed1i 2 thi\u1ebft b\u1ecb nh\u01b0 PS4, XBOX, PC v\u1edbi HDTV v\u00e0 l\u1ef1a ch\u1ecdn thi\u1ebft b\u1ecb ph\u00e1t h\u00ecnh \u1ea3nh, \u00e2m thanh qua m\u1ed9t ph\u00edm b\u1ea5m, duy nh\u1ea5t. Thu\u1eadn ti\u1ec7n v\u00e0 gi\u00fap h\u1ea1n ch\u1ebf h\u01b0 h\u1ecfng c\u1ed5ng HDMI do ph\u1ea3i th\u00e1o v\u00e0 l\u1eafp th\u01b0\u1eddng xuy\u00ean. B\u1ed9 g\u1ed9p HDMI 2 v\u00e0o 1 ra c\u00f2n cho ph\u00e9p b\u1ea1n s\u1eed d\u1ee5ng nh\u01b0 m\u1ed9t thi\u1ebft b\u1ecb ch\u1ecdn m\u00e0n h\u00ecnh hi\u1ec3n th\u1ecb. H\u1ed7 tr\u1ee3 \u0111\u1ed9 ph\u00e2n gi\u1ea3i cao video \u0111\u1ea7u ra l\u00ean \u0111\u1ebfn 4K@60Hz.<\/p>\n<\/ul>","protected":false},"featured_media":14197,"comment_status":"closed","ping_status":"closed","template":"","meta":[],"pwb-brand":[],"product_cat":[2910],"product_tag":[50,2849],"class_list":{"0":"post-14196","1":"product","2":"type-product","3":"status-publish","4":"has-post-thumbnail","6":"product_cat-thiet-bi-van-phong","7":"product_tag-green","8":"product_tag-switch","10":"first","11":"instock","12":"shipping-taxable","13":"product-type-simple"},"brands":[],"_links":{"self":[{"href":"https:\/\/serverhot.vn\/en\/wp-json\/wp\/v2\/product\/14196","targetHints":{"allow":["GET"]}}],"collection":[{"href":"https:\/\/serverhot.vn\/en\/wp-json\/wp\/v2\/product"}],"about":[{"href":"https:\/\/serverhot.vn\/en\/wp-json\/wp\/v2\/types\/product"}],"replies":[{"embeddable":true,"href":"https:\/\/serverhot.vn\/en\/wp-json\/wp\/v2\/comments?post=14196"}],"wp:featuredmedia":[{"embeddable":true,"href":"https:\/\/serverhot.vn\/en\/wp-json\/wp\/v2\/media\/14197"}],"wp:attachment":[{"href":"https:\/\/serverhot.vn\/en\/wp-json\/wp\/v2\/media?parent=14196"}],"wp:term":[{"taxonomy":"pwb-brand","embeddable":true,"href":"https:\/\/serverhot.vn\/en\/wp-json\/wp\/v2\/pwb-brand?post=14196"},{"taxonomy":"product_cat","embeddable":true,"href":"https:\/\/serverhot.vn\/en\/wp-json\/wp\/v2\/product_cat?post=14196"},{"taxonomy":"product_tag","embeddable":true,"href":"https:\/\/serverhot.vn\/en\/wp-json\/wp\/v2\/product_tag?post=14196"}],"curies":[{"name":"wp","href":"https:\/\/api.w.org\/{rel}","templated":true}]}}