{"id":14366,"date":"2024-10-29T19:30:24","date_gmt":"2024-10-29T12:30:24","guid":{"rendered":"https:\/\/serverhot.vn\/-product-\/chuyen-doi-quang-dien-media-converter-aptek-ap110-20s-ma-san-pham-ap110-20s\/"},"modified":"2024-10-29T19:30:29","modified_gmt":"2024-10-29T12:30:29","slug":"chuyen-doi-quang-dien-media-converter-aptek-ap110-20s-ma-san-pham-ap110-20s","status":"publish","type":"product","link":"https:\/\/serverhot.vn\/en\/-product-\/chuyen-doi-quang-dien-media-converter-aptek-ap110-20s-ma-san-pham-ap110-20s\/","title":{"rendered":"Chuy\u1ec3n \u0111\u1ed5i quang \u0111i\u1ec7n Media Converter APTEK AP110-20S M\u00e3 s\u1ea3n ph\u1ea9m: AP110-20S"},"content":{"rendered":"<div class=\"showText tabs\" id=\"tab2\">\n<div class=\"box_right_pro_view\">\n<div class=\"thongso_pro a_technical\" style=\"max-height: fit-content\">\n<p>Giao ti\u00ea\u0301p quang<span> <\/span><\/p>\n<p>1000Mbps Slot SFP<\/p>\n<p>\u00a0<\/p>\n<p>Giao ti\u00ea\u0301p \u0111i\u00ea\u0323n<span> <\/span><\/p>\n<p>10\/100\/1000Mbit\/s RJ45 port<\/p>\n<p>\u00a0<\/p>\n<p>B\u01b0\u01a1\u0301c so\u0301ng truy\u00ea\u0300n<span> <\/span><\/p>\n<p>Single-Mode: 1310\/1550nm<\/p>\n<p>\u00a0<\/p>\n<p>Khoa\u0309ng ca\u0301ch truy\u00ea\u0300n<span> <\/span><\/p>\n<p>20Km<\/p>\n<p>\u00a0<\/p>\n<p>Ti\u0301nh n\u0103ng kha\u0301c cu\u0309a Converter<span> <\/span><\/p>\n<p>Data Channel: IEEE802.3x and collision base backpressure supported Working Mode:\u00a0 Full\/half duplex supported Transmission Rate: 1000Mbit\/s with error rate of zero<\/p>\n<p>\u00a0<\/p>\n<p>M\u00f4i tr\u01b0\u1eddng s\u1eed d\u1ee5ng<span> <\/span><\/p>\n<p>Operating Voltage : AC 100-220V or DC +5V<\/p>\n<p>\u00a0<\/p>\n<p>Overall Power: &lt;3W<\/p>\n<p>\u00a0<\/p>\n<p>Operating Temperature:\u00a0 0\u2103 to +50\u2103<\/p>\n<p>\u00a0<\/p>\n<p>Storage Temperature:\u00a0 -20\u2103 to +70\u2103<\/p>\n<p>\u00a0<\/p>\n<p>Humidity: 5% to 90%<\/p>\n<\/p><\/div>\n<p>                            <!--                            <\/p>\n<div class=\"xemthem_id_r\">--><br \/>\n                            <!--                                <a><!--\/show\/?token=--><br \/>\n                            <!--\"--><br \/>\n                            <!--                                   class=\"preview fancybox fancybox.ajax\" rel=\"nofollow\"&gt;Xem th&#234;m th&#244;ng s&#7889; k&#7929; thu&#7853;t<\/a>--><br \/>\n                            <!--                            <\/div>\n<p>-->\n                        <\/p><\/div>\n<\/p><\/div>","protected":false},"excerpt":{"rendered":"<ul>\n<p>B\u1ed9 chuy\u1ec3n \u0111\u1ed5i quang \u0111i\u1ec7n d\u00f9ng c\u1ed5ng SFP.<\/p>\n<p>\u00a0<\/p>\n<p>1 slot SFP Gigabit g\u1eafn module quang SFP 1 ho\u1eb7c 2 s\u1ee3i, Single mode ho\u1eb7c Multi mode.<\/p>\n<p>1 port Ethernet RJ45 10\/100\/1000Mbps.<\/p>\n<p>T\u00f9y thu\u1ed9c v\u00e0o d\u00f9ng k\u00e8m v\u1edbi module quang SFP n\u00e0o m\u00e0 b\u1ea1n s\u1ebd c\u00f3 th\u1ec3 k\u1ebft n\u1ed1i nhi\u1ec1u lo\u1ea1i c\u00e1p quang v\u00e0 kho\u1ea3ng c\u00e1ch truy\u1ec1n kh\u00e1c nhau.<\/p>\n<p>Truy\u1ec1n t\u00edn hi\u1ec7u \u0111i\u1ec7n l\u00ean \u0111\u1ebfn 100m v\u1edbi c\u00e1p DINTEK, APTEK Copper.<\/p>\n<p>Ngu\u1ed3n Adaptor \u0111i k\u00e8m Input AC100 ~ 240V, Output DC 5VDC.<\/p>\n<\/ul>","protected":false},"featured_media":14367,"comment_status":"closed","ping_status":"closed","template":"","meta":[],"pwb-brand":[],"product_cat":[2897],"product_tag":[],"class_list":{"0":"post-14366","1":"product","2":"type-product","3":"status-publish","4":"has-post-thumbnail","6":"product_cat-aptek","8":"first","9":"instock","10":"shipping-taxable","11":"product-type-simple"},"brands":[],"_links":{"self":[{"href":"https:\/\/serverhot.vn\/en\/wp-json\/wp\/v2\/product\/14366","targetHints":{"allow":["GET"]}}],"collection":[{"href":"https:\/\/serverhot.vn\/en\/wp-json\/wp\/v2\/product"}],"about":[{"href":"https:\/\/serverhot.vn\/en\/wp-json\/wp\/v2\/types\/product"}],"replies":[{"embeddable":true,"href":"https:\/\/serverhot.vn\/en\/wp-json\/wp\/v2\/comments?post=14366"}],"wp:featuredmedia":[{"embeddable":true,"href":"https:\/\/serverhot.vn\/en\/wp-json\/wp\/v2\/media\/14367"}],"wp:attachment":[{"href":"https:\/\/serverhot.vn\/en\/wp-json\/wp\/v2\/media?parent=14366"}],"wp:term":[{"taxonomy":"pwb-brand","embeddable":true,"href":"https:\/\/serverhot.vn\/en\/wp-json\/wp\/v2\/pwb-brand?post=14366"},{"taxonomy":"product_cat","embeddable":true,"href":"https:\/\/serverhot.vn\/en\/wp-json\/wp\/v2\/product_cat?post=14366"},{"taxonomy":"product_tag","embeddable":true,"href":"https:\/\/serverhot.vn\/en\/wp-json\/wp\/v2\/product_tag?post=14366"}],"curies":[{"name":"wp","href":"https:\/\/api.w.org\/{rel}","templated":true}]}}