{"id":14767,"date":"2025-03-18T09:30:23","date_gmt":"2025-03-18T02:30:23","guid":{"rendered":"https:\/\/serverhot.vn\/-product-\/nguon-may-tinh-cooler-master-elite-v3-230v-pc600-600w-ma-san-pham-pc600\/"},"modified":"2025-03-18T09:30:26","modified_gmt":"2025-03-18T02:30:26","slug":"nguon-may-tinh-cooler-master-elite-v3-230v-pc600-600w-ma-san-pham-pc600","status":"publish","type":"product","link":"https:\/\/serverhot.vn\/en\/-product-\/nguon-may-tinh-cooler-master-elite-v3-230v-pc600-600w-ma-san-pham-pc600\/","title":{"rendered":"Ngu\u1ed3n m\u00e1y t\u00ednh Cooler Master Elite V3 230V PC600 600w M\u00e3 s\u1ea3n ph\u1ea9m: PC600"},"content":{"rendered":"<div class=\"showText tabs\" id=\"tab2\">\n<div class=\"box_right_pro_view\">\n<div class=\"thongso_pro a_technical\" style=\"max-height: fit-content\">\n<p>h\u00f4ng tin chung<\/p>\n<p>Th\u01b0\u01a1ng hi\u1ec7u<span> <\/span>COOLERMASTER<\/p>\n<p>T\u00ean s\u1ea3n ph\u1ea9m<span> <\/span>PC600 Elite V3<\/p>\n<p>Ch\u1ee7ng lo\u1ea1i<span> <\/span>Ngu\u1ed3n m\u00e1y t\u00ednh<\/p>\n<p>Chi ti\u1ebft<\/p>\n<p>\u0110i\u1ec7n \u00e1p \u0111\u1ea7u v\u00e0o<span> <\/span>200-240V<\/p>\n<p>C\u00f4ng su\u1ea5t t\u1ed1i \u0111a<span> <\/span>600w<\/p>\n<p>Qu\u1ea1t<span> <\/span>120mm<\/p>\n<p>Ti\u00eau chu\u1ea9n<span> <\/span>Active PFC<\/p>\n<p>K\u00edch th\u01b0\u1edbc (CxRxD)<span> <\/span>86 x 140 x 150mm<\/p>\n<p>Chi\u1ec1u d\u00e0i ngu\u1ed3n t\u1ed1i \u0111a<span> <\/span>150mm<\/p>\n<p>Kh\u1ed1i l\u01b0\u1ee3ng<span> <\/span>\u00a0<\/p>\n<p>S\u1ed1 l\u01b0\u1ee3ng cable k\u1ebft n\u1ed1i<span> <\/span>1 \u0111\u01b0\u1eddng 12v 40A ,\u00a0<\/p>\n<p>1 (4+4pin ) CPU,\u00a0<\/p>\n<p>3 sata,\u00a0<\/p>\n<p>3 ata ,\u00a0<\/p>\n<p>2 PCI express 6+2 pin<\/p>\n<p>Lo\u1ea1i d\u00e2y c\u1eafm<span> <\/span>\u00a0<\/p>\n<p>T\u00ednh n\u0103ng n\u1ed5i b\u1eadt<\/p>\n<p>T\u00ednh n\u0103ng n\u1ed5i b\u1eadt<span> <\/span>Hi\u1ec7u su\u1ea5t 75%<\/p>\n<\/p><\/div>\n<p>                            <!--                            <\/p>\n<div class=\"xemthem_id_r\">--><br \/>\n                            <!--                                <a><!--\/show\/?token=--><br \/>\n                            <!--\"--><br \/>\n                            <!--                                   class=\"preview fancybox fancybox.ajax\" rel=\"nofollow\"&gt;Xem th&#234;m th&#244;ng s&#7889; k&#7929; thu&#7853;t<\/a>--><br \/>\n                            <!--                            <\/div>\n<p>-->\n                        <\/p><\/div>\n<\/p><\/div>","protected":false},"excerpt":{"rendered":"<ul>\n<p>C\u00f4ng ngh\u1ec7 Active PFC<\/p>\n<p>Kh\u00e1ng nhi\u1ec7t \u0111\u1ed9 cao h\u01a1n<\/p>\n<p>Hi\u1ec7u qu\u1ea3 c\u00f4ng su\u1ea5t l\u00ean t\u1edbi 75%<\/p>\n<\/ul>","protected":false},"featured_media":14768,"comment_status":"closed","ping_status":"closed","template":"","meta":[],"pwb-brand":[],"product_cat":[2916],"product_tag":[],"class_list":{"0":"post-14767","1":"product","2":"type-product","3":"status-publish","4":"has-post-thumbnail","6":"product_cat-linh-kien-may-chu","8":"first","9":"instock","10":"shipping-taxable","11":"product-type-simple"},"brands":[],"_links":{"self":[{"href":"https:\/\/serverhot.vn\/en\/wp-json\/wp\/v2\/product\/14767","targetHints":{"allow":["GET"]}}],"collection":[{"href":"https:\/\/serverhot.vn\/en\/wp-json\/wp\/v2\/product"}],"about":[{"href":"https:\/\/serverhot.vn\/en\/wp-json\/wp\/v2\/types\/product"}],"replies":[{"embeddable":true,"href":"https:\/\/serverhot.vn\/en\/wp-json\/wp\/v2\/comments?post=14767"}],"wp:featuredmedia":[{"embeddable":true,"href":"https:\/\/serverhot.vn\/en\/wp-json\/wp\/v2\/media\/14768"}],"wp:attachment":[{"href":"https:\/\/serverhot.vn\/en\/wp-json\/wp\/v2\/media?parent=14767"}],"wp:term":[{"taxonomy":"pwb-brand","embeddable":true,"href":"https:\/\/serverhot.vn\/en\/wp-json\/wp\/v2\/pwb-brand?post=14767"},{"taxonomy":"product_cat","embeddable":true,"href":"https:\/\/serverhot.vn\/en\/wp-json\/wp\/v2\/product_cat?post=14767"},{"taxonomy":"product_tag","embeddable":true,"href":"https:\/\/serverhot.vn\/en\/wp-json\/wp\/v2\/product_tag?post=14767"}],"curies":[{"name":"wp","href":"https:\/\/api.w.org\/{rel}","templated":true}]}}