{"id":14795,"date":"2025-03-25T00:15:08","date_gmt":"2025-03-24T17:15:08","guid":{"rendered":"https:\/\/serverhot.vn\/-product-\/cap-mang-duc-san-cat6-tron-dai-10m-chinh-hang-ugreen-20164-ma-san-pham-20164\/"},"modified":"2025-03-25T00:15:12","modified_gmt":"2025-03-24T17:15:12","slug":"cap-mang-duc-san-cat6-tron-dai-10m-chinh-hang-ugreen-20164-ma-san-pham-20164","status":"publish","type":"product","link":"https:\/\/serverhot.vn\/en\/-product-\/cap-mang-duc-san-cat6-tron-dai-10m-chinh-hang-ugreen-20164-ma-san-pham-20164\/","title":{"rendered":"C\u00e1p m\u1ea1ng \u0111\u00fac s\u1eb5n Cat6 tr\u00f2n d\u00e0i 10m ch\u00ednh h\u00e3ng Ugreen 20164 M\u00e3 s\u1ea3n ph\u1ea9m: 20164"},"content":{"rendered":"<div class=\"showText tabs\" id=\"tab2\">\n                                    <\/div>","protected":false},"excerpt":{"rendered":"<ul>\n<p>Cat6, 10m, Black Ugreen 20164. Cable length: 10 m, Cable standard: Cat6, Cable shielding: U\/UTP (UTP), Connector 1: RJ-45, Connector 2: RJ-45, Connector contacts plating: Gold, Data transfer rate: 1000 Mbit\/s, Product colour: Black<\/p>\n<\/ul>","protected":false},"featured_media":14796,"comment_status":"closed","ping_status":"closed","template":"","meta":[],"pwb-brand":[],"product_cat":[2910],"product_tag":[50],"class_list":{"0":"post-14795","1":"product","2":"type-product","3":"status-publish","4":"has-post-thumbnail","6":"product_cat-thiet-bi-van-phong","7":"product_tag-green","9":"first","10":"instock","11":"shipping-taxable","12":"product-type-simple"},"brands":[],"_links":{"self":[{"href":"https:\/\/serverhot.vn\/en\/wp-json\/wp\/v2\/product\/14795","targetHints":{"allow":["GET"]}}],"collection":[{"href":"https:\/\/serverhot.vn\/en\/wp-json\/wp\/v2\/product"}],"about":[{"href":"https:\/\/serverhot.vn\/en\/wp-json\/wp\/v2\/types\/product"}],"replies":[{"embeddable":true,"href":"https:\/\/serverhot.vn\/en\/wp-json\/wp\/v2\/comments?post=14795"}],"wp:featuredmedia":[{"embeddable":true,"href":"https:\/\/serverhot.vn\/en\/wp-json\/wp\/v2\/media\/14796"}],"wp:attachment":[{"href":"https:\/\/serverhot.vn\/en\/wp-json\/wp\/v2\/media?parent=14795"}],"wp:term":[{"taxonomy":"pwb-brand","embeddable":true,"href":"https:\/\/serverhot.vn\/en\/wp-json\/wp\/v2\/pwb-brand?post=14795"},{"taxonomy":"product_cat","embeddable":true,"href":"https:\/\/serverhot.vn\/en\/wp-json\/wp\/v2\/product_cat?post=14795"},{"taxonomy":"product_tag","embeddable":true,"href":"https:\/\/serverhot.vn\/en\/wp-json\/wp\/v2\/product_tag?post=14795"}],"curies":[{"name":"wp","href":"https:\/\/api.w.org\/{rel}","templated":true}]}}