{"id":14927,"date":"2025-05-13T05:46:51","date_gmt":"2025-05-12T22:46:51","guid":{"rendered":"https:\/\/serverhot.vn\/-product-\/dell-optiplex-7020-sff-i5-14500-8gb-ddr5-512gb-ssd-kb_m-180w-win11home-1yr-ma-san-pham-s7020-14500-08512w\/"},"modified":"2025-05-13T05:46:51","modified_gmt":"2025-05-12T22:46:51","slug":"dell-optiplex-7020-sff-i5-14500-8gb-ddr5-512gb-ssd-kb_m-180w-win11home-1yr-ma-san-pham-s7020-14500-08512w","status":"publish","type":"product","link":"https:\/\/serverhot.vn\/en\/-product-\/dell-optiplex-7020-sff-i5-14500-8gb-ddr5-512gb-ssd-kb_m-180w-win11home-1yr-ma-san-pham-s7020-14500-08512w\/","title":{"rendered":"Dell OptiPlex 7020 SFF (i5 &#8211; 14500 | 8GB DDR5 | 512GB SSD | KB_M | 180W | Win11Home | 1Yr ) M\u00e3 s\u1ea3n ph\u1ea9m: S7020-14500-08512W"},"content":{"rendered":"<div class=\"showText tabs\" id=\"tab2\">\n<div class=\"box_right_pro_view\">\n<div class=\"thongso_pro a_technical\" style=\"max-height: fit-content\">\n<p>OS<span> <\/span><\/p>\n<p>Windows 11 Home\u00a0<\/p>\n<p>CPU<span> <\/span><\/p>\n<p>Intel Core i5 14500 up to 5.0GHz, 24MB<\/p>\n<p>RAM<span> <\/span><\/p>\n<p>8GB DDR5 4800 MT\/s<\/p>\n<p>\u1ed4 c\u1ee9ng<span> <\/span><\/p>\n<p>512GB SSD PCIe NVMe<\/p>\n<p>VGA<span> <\/span><\/p>\n<p>Intel UHD Graphics 770<\/p>\n<p>\u1ed4 \u0111\u0129a quang (DVD)<span> <\/span><\/p>\n<p>Kh\u00f4ng DVD\u00a0<\/p>\n<p>Keyboard<span> <\/span><\/p>\n<p>B\u00e0n ph\u00edm + Chu\u1ed9t Dell c\u00f3 d\u00e2y\u00a0<\/p>\n<p>Ph\u00e2n lo\u1ea1i<span> <\/span><\/p>\n<p>Small Form Factor<\/p>\n<p>C\u1ed5ng k\u1ebft n\u1ed1i<span> <\/span><\/p>\n<p>2 x USB 2.0, 2 x USB 3.2 Gen 1, 1 x Universal audio jack, 2 x USB 2.0 (480 Mbps) ports with Smart Power On, 2 x USB 3.2 Gen 1 (5 Gbps) ports, 1 x DisplayPort 1.4a, 1 x HDMI 1.4b, 1 x RJ45 Ethernet Port 10\/100\/1000 Mbps<\/p>\n<p>C\u00f4\u0309ng xu\u00e2\u0301t hi\u0300nh<span> <\/span><\/p>\n<p>HDMI, DisplayPort\u00a0<\/p>\n<p>Wifi<span> <\/span><\/p>\n<p>Kh\u00f4ng\u00a0<\/p>\n<p>Bluetooth<span> <\/span><\/p>\n<p>Kh\u00f4ng\u00a0<\/p>\n<p>K\u1ebft n\u1ed1i m\u1ea1ng LAN<span> <\/span><\/p>\n<p>1 x RJ45 Ethernet Port 10\/100\/1000 Mbps<\/p>\n<p>Ph\u1ee5 ki\u1ec7n k\u00e8m theo<span> <\/span><\/p>\n<p>Full box\u00a0<\/p>\n<p>K\u00edch th\u01b0\u1edbc<span> <\/span><\/p>\n<p>290.00mm x 92.60mm x 292.80mm (HxWxD)<\/p>\n<p>Kh\u1ed1i l\u01b0\u1ee3ng<span> <\/span><\/p>\n<p>5.38 kg<\/p>\n<\/p><\/div>\n<p>                            <!--                            <\/p>\n<div class=\"xemthem_id_r\">--><br \/>\n                            <!--                                <a><!--\/show\/?token=--><br \/>\n                            <!--\"--><br \/>\n                            <!--                                   class=\"preview fancybox fancybox.ajax\" rel=\"nofollow\"&gt;Xem th&#234;m th&#244;ng s&#7889; k&#7929; thu&#7853;t<\/a>--><br \/>\n                            <!--                            <\/div>\n<p>-->\n                        <\/p><\/div>\n<\/p><\/div>","protected":false},"excerpt":{"rendered":"<ul>\n<p>Intel Core i5-14500 vpro (14C\/20T\/Cache 24MB\/2.6Ghz Up to 5.0GHz\/65W)<\/p>\n<p>8GB DDR5 4800MHZ (1x8GB) (x2 slot) &#8211; max 64GB<\/p>\n<p>512GB SSD PCIe NVMe (x1 HDD 3.5&#8243; sata)<\/p>\n<p>\u1ed4 \u0111\u0129a quang: Kh\u00f4ng<\/p>\n<\/ul>","protected":false},"featured_media":0,"comment_status":"closed","ping_status":"closed","template":"","meta":[],"pwb-brand":[],"product_cat":[],"product_tag":[],"class_list":{"0":"post-14927","1":"product","2":"type-product","3":"status-publish","6":"first","7":"instock","8":"shipping-taxable","9":"product-type-simple"},"brands":[],"_links":{"self":[{"href":"https:\/\/serverhot.vn\/en\/wp-json\/wp\/v2\/product\/14927","targetHints":{"allow":["GET"]}}],"collection":[{"href":"https:\/\/serverhot.vn\/en\/wp-json\/wp\/v2\/product"}],"about":[{"href":"https:\/\/serverhot.vn\/en\/wp-json\/wp\/v2\/types\/product"}],"replies":[{"embeddable":true,"href":"https:\/\/serverhot.vn\/en\/wp-json\/wp\/v2\/comments?post=14927"}],"wp:attachment":[{"href":"https:\/\/serverhot.vn\/en\/wp-json\/wp\/v2\/media?parent=14927"}],"wp:term":[{"taxonomy":"pwb-brand","embeddable":true,"href":"https:\/\/serverhot.vn\/en\/wp-json\/wp\/v2\/pwb-brand?post=14927"},{"taxonomy":"product_cat","embeddable":true,"href":"https:\/\/serverhot.vn\/en\/wp-json\/wp\/v2\/product_cat?post=14927"},{"taxonomy":"product_tag","embeddable":true,"href":"https:\/\/serverhot.vn\/en\/wp-json\/wp\/v2\/product_tag?post=14927"}],"curies":[{"name":"wp","href":"https:\/\/api.w.org\/{rel}","templated":true}]}}