{"id":15066,"date":"2025-06-03T16:30:45","date_gmt":"2025-06-03T09:30:45","guid":{"rendered":"https:\/\/serverhot.vn\/-product-\/may-tinh-de-ban-dong-bo-dell-optiplex-7020-sff-i3-12100-8gb-ddr5-4800mhz-512gb-ssd-kb_m-winhome11-1yr-ma-san-pham-71050730\/"},"modified":"2025-06-03T16:30:47","modified_gmt":"2025-06-03T09:30:47","slug":"may-tinh-de-ban-dong-bo-dell-optiplex-7020-sff-i3-12100-8gb-ddr5-4800mhz-512gb-ssd-kb_m-winhome11-1yr-ma-san-pham-71050730","status":"publish","type":"product","link":"https:\/\/serverhot.vn\/en\/-product-\/may-tinh-de-ban-dong-bo-dell-optiplex-7020-sff-i3-12100-8gb-ddr5-4800mhz-512gb-ssd-kb_m-winhome11-1yr-ma-san-pham-71050730\/","title":{"rendered":"M\u00e1y t\u00ednh \u0111\u1ec3 b\u00e0n \u0111\u1ed3ng b\u1ed9 Dell OptiPlex 7020 SFF (i3-12100| 8GB DDR5 4800MHZ | 512GB SSD | KB_M | WinHome11| 1Yr ) M\u00e3 s\u1ea3n ph\u1ea9m: 71050730"},"content":{"rendered":"<div class=\"showText tabs\" id=\"tab2\">\n<div class=\"box_right_pro_view\">\n<div class=\"thongso_pro a_technical\" style=\"max-height: fit-content\">\n<p>B\u1ed9 x\u1eed l\u00fd<\/p>\n<p>D\u00f2ng CPU<span> <\/span>Core i3<\/p>\n<p>C\u00f4ng ngh\u1ec7 CPU<span> <\/span>Alder Lake<\/p>\n<p>M\u00e3 CPU<span> <\/span>12100<\/p>\n<p>T\u1ed1c \u0111\u1ed9 CPU<span> <\/span>3.3Ghz<\/p>\n<p>T\u1ea7n s\u1ed1 turbo t\u1ed1i \u0111a<span> <\/span>Up to 4.3Ghz<\/p>\n<p>S\u1ed1 l\u00f5i CPU<span> <\/span>4 Cores<\/p>\n<p>S\u1ed1 lu\u1ed3ng<span> <\/span>8 Threads<\/p>\n<p>B\u1ed9 nh\u1edb \u0111\u1ec7m<span> <\/span>12Mb Cache<\/p>\n<p>Chipset<span> <\/span>Intel Q670<\/p>\n<p>B\u1ed9 nh\u1edb RAM<\/p>\n<p>Dung l\u01b0\u1ee3ng RAM<span> <\/span>8GB<\/p>\n<p>Lo\u1ea1i RAM<span> <\/span>DDR5<\/p>\n<p>T\u1ed1c \u0111\u1ed9 Bus RAM<span> <\/span>5600<\/p>\n<p>H\u1ed7 tr\u1ee3 RAM t\u1ed1i \u0111a<span> <\/span>64GB<\/p>\n<p>Khe c\u1eafm RAM<span> <\/span>2 khe ram<\/p>\n<p>\u1ed4 c\u1ee9ng<\/p>\n<p>Dung l\u01b0\u1ee3ng \u1ed5 c\u1ee9ng<span> <\/span>512Gb<\/p>\n<p>Lo\u1ea1i \u1ed5 c\u1ee9ng<span> <\/span>SSD<\/p>\n<p>Chu\u1ea9n \u1ed5 c\u1ee9ng<span> <\/span>512GB PCIe NVMe SSD (1 x M.2 2230 slot for WiFi &amp; Bluetooth Card ; 1 x M.2 2230\/2280 slot for SSD;2 x SATA 3.0 slot for 3.5\u201d\/2.5\u201d)<\/p>\n<p>Card \u0111\u1ed3 h\u1ecda<span> <\/span>Intel UHD Graphics 770<\/p>\n<p>Card t\u00edch h\u1ee3p<span> <\/span>VGA onboard<\/p>\n<p>K\u1ebft n\u1ed1i<\/p>\n<p>K\u1ebft n\u1ed1i kh\u00f4ng d\u00e2y<span> <\/span>Ch\u1ecdn th\u00eam<\/p>\n<p>Th\u00f4ng s\u1ed1 (Lan\/Wireless)<span> <\/span>RJ45 Ethernet Port 10\/100\/1000 Mbps<\/p>\n<p>C\u1ed5ng giao ti\u1ebfp tr\u01b0\u1edbc<span> <\/span>2x USB 2.0<\/p>\n<p>2x USB 3.2 Gen 1<\/p>\n<p>C\u1ed5ng giao ti\u1ebfp sau<span> <\/span>2x USB 3.2 Gen 1<\/p>\n<p>2x USB 2.0 ports with Smart Power On<\/p>\n<p>1x Universal audio port<\/p>\n<p>Khe c\u1eafm m\u1edf r\u1ed9ng<span> <\/span>&#8211; 1 M.2 2230 slot for WiFi and Bluetooth combo card<\/p>\n<p>&#8211; 1 M.2 2230\/2280 slot for solid-state drive<\/p>\n<p>&#8211; 3 SATA 3.0 slots for 2.5-inch\/3.5-inch hard drive and slim optical drive<\/p>\n<p>&#8211; 1 Full-height Gen 3 PCIe x16 slot<\/p>\n<p>&#8211; 2 Full-height Gen 3 PCIe x1 slot<\/p>\n<p>Software<\/p>\n<p>H\u1ec7 \u0111i\u1ec1u h\u00e0nh<span> <\/span>Windows 11 Home<\/p>\n<p>Th\u00f4ng tin kh\u00e1c<\/p>\n<p>B\u1ed9 ngu\u1ed3n<span> <\/span>180 W internal Power Supply Unit (PSU), 85% Efficient, 80 Plus Bronze<\/p>\n<p>300 W internal Power Supply Unit (PSU), 92% Efficient, 80 Plus Platinum<\/p>\n<p>\u1ed4 quang<span> <\/span>Ch\u1ecdn th\u00eam<\/p>\n<p>Ph\u1ee5 ki\u1ec7n<span> <\/span>Key + Mouse<\/p>\n<p>Ki\u1ec3u d\u00e1ng<span> <\/span>Case \u0111\u1ee9ng nh\u1ecf<\/p>\n<p>K\u00edch th\u01b0\u1edbc<span> <\/span>Height: 290.00 mm (11.41 in.)<\/p>\n<p>Width: 92.60 mm (3.64 in.)<\/p>\n<p>Depth: 292.80 mm (11.52 in.)<\/p>\n<p>Tr\u1ecdng l\u01b0\u1ee3ng<span> <\/span>Weight (minimum): 4.08 kg (8.99 lb)<\/p>\n<p>Weight (maximum): 5.38 kg (11.86 lb)<\/p>\n<p>B\u1ea3o h\u00e0nh<span> <\/span>B\u1ea3o h\u00e0nh 1 n\u0103m<\/p>\n<p>Ph\u00edm, chu\u1ed9t<span> <\/span>K\u00e8m b\u00e0n ph\u00edm, chu\u1ed9t<\/p>\n<\/p><\/div>\n<p>                            <!--                            <\/p>\n<div class=\"xemthem_id_r\">--><br \/>\n                            <!--                                <a><!--\/show\/?token=--><br \/>\n                            <!--\"--><br \/>\n                            <!--                                   class=\"preview fancybox fancybox.ajax\" rel=\"nofollow\"&gt;Xem th&#234;m th&#244;ng s&#7889; k&#7929; thu&#7853;t<\/a>--><br \/>\n                            <!--                            <\/div>\n<p>-->\n                        <\/p><\/div>\n<\/p><\/div>","protected":false},"excerpt":{"rendered":"<ul>\n<p>CPU: Intel Core i3-12100 (4 Cores\/12MB\/8T\/3.3GHz to 4.3GHz\/60W)<\/p>\n<p>B\u1ed9 nh\u1edb Ram: 8GB DDR5 4800MHz (1x8GB) (x2 slot) &#8211; max 64GB<\/p>\n<p>\u1ed4 \u0111\u0129a c\u1ee9ng: 512GB SSD PCIe NVMe (x1 HDD 3.5&#8243; sata)<\/p>\n<p>\u1ed4 \u0111\u0129a quang: Kh\u00f4ng<\/p>\n<p>C\u1ed5ng xu\u1ea5t h\u00ecnh:1x HDMI,1x Displayport 1.4<\/p>\n<p>K\u1ebft n\u1ed1i m\u1ea1ng: Lan Gigabit<\/p>\n<p>VGA: Intel UHD Graphics 730<\/p>\n<p>OS: Windows 11 Home 64bit<\/p>\n<\/ul>","protected":false},"featured_media":15067,"comment_status":"closed","ping_status":"closed","template":"","meta":[],"pwb-brand":[],"product_cat":[2886],"product_tag":[2841,2852],"class_list":{"0":"post-15066","1":"product","2":"type-product","3":"status-publish","4":"has-post-thumbnail","6":"product_cat-dell-workstation","7":"product_tag-hdd","8":"product_tag-wireless","10":"first","11":"instock","12":"shipping-taxable","13":"product-type-simple"},"brands":[],"_links":{"self":[{"href":"https:\/\/serverhot.vn\/en\/wp-json\/wp\/v2\/product\/15066","targetHints":{"allow":["GET"]}}],"collection":[{"href":"https:\/\/serverhot.vn\/en\/wp-json\/wp\/v2\/product"}],"about":[{"href":"https:\/\/serverhot.vn\/en\/wp-json\/wp\/v2\/types\/product"}],"replies":[{"embeddable":true,"href":"https:\/\/serverhot.vn\/en\/wp-json\/wp\/v2\/comments?post=15066"}],"wp:featuredmedia":[{"embeddable":true,"href":"https:\/\/serverhot.vn\/en\/wp-json\/wp\/v2\/media\/15067"}],"wp:attachment":[{"href":"https:\/\/serverhot.vn\/en\/wp-json\/wp\/v2\/media?parent=15066"}],"wp:term":[{"taxonomy":"pwb-brand","embeddable":true,"href":"https:\/\/serverhot.vn\/en\/wp-json\/wp\/v2\/pwb-brand?post=15066"},{"taxonomy":"product_cat","embeddable":true,"href":"https:\/\/serverhot.vn\/en\/wp-json\/wp\/v2\/product_cat?post=15066"},{"taxonomy":"product_tag","embeddable":true,"href":"https:\/\/serverhot.vn\/en\/wp-json\/wp\/v2\/product_tag?post=15066"}],"curies":[{"name":"wp","href":"https:\/\/api.w.org\/{rel}","templated":true}]}}