{"id":10721,"date":"2024-06-29T10:57:46","date_gmt":"2024-06-29T03:57:46","guid":{"rendered":"https:\/\/serverhot.vn\/product\/uncategorized\/man-hinh-lcd-dell-23inch-led-ips-fhd-e2318h-1920x1080-ips-60hz-8ms-ma-san-pham-e2318h\/"},"modified":"2024-06-29T10:57:48","modified_gmt":"2024-06-29T03:57:48","slug":"man-hinh-lcd-dell-23inch-led-ips-fhd-e2318h-1920x1080-ips-60hz-8ms-ma-san-pham-e2318h","status":"publish","type":"product","link":"https:\/\/serverhot.vn\/es\/-product-\/man-hinh-lcd-dell-23inch-led-ips-fhd-e2318h-1920x1080-ips-60hz-8ms-ma-san-pham-e2318h\/","title":{"rendered":"M\u00e0n H\u00ecnh LCD Dell 23inch LED IPS FHD E2318H (1920&#215;1080\/IPS\/60Hz\/8ms) M\u00e3 s\u1ea3n ph\u1ea9m: E2318H"},"content":{"rendered":"<div class=\"showText tabs\" id=\"tab2\">\n<div class=\"box_right_pro_view\">\n<div class=\"thongso_pro a_technical\" style=\"max-height: fit-content\">\n<table border=\"1\">\n<tbody>\n<tr>\n<td>M\u00e3 Code<\/td>\n<td>MODE123<\/td>\n<\/tr>\n<tr>\n<td>H\u00e3ng s\u1ea3n xu\u1ea5t<\/td>\n<td>DELL<\/td>\n<\/tr>\n<tr>\n<td>Ch\u1ee7ng lo\u1ea1i<\/td>\n<td>E2318H<\/td>\n<\/tr>\n<tr>\n<td>K\u00edch Th\u01b0\u1edbc M\u00e0n H\u00ecnh<\/td>\n<td>23&#8221;<\/td>\n<\/tr>\n<tr>\n<td>\u0110\u1ed9 S\u00e1ng M\u00e0n H\u00ecnh<\/td>\n<td>250 cd\/m\u00b2<\/td>\n<\/tr>\n<tr>\n<td>T\u1ec9 L\u1ec7 T\u01b0\u01a1ng Ph\u1ea3n \u0110\u1ed9ng MEGA<\/td>\n<td>100000000:1 (dynamic)<\/td>\n<\/tr>\n<tr>\n<td>\u0110\u1ed9 Ph\u00e2n Gi\u1ea3i M\u00e0n H\u00ecnh<\/td>\n<td>Full HD (1080p) 1920 x 1080<\/td>\n<\/tr>\n<tr>\n<td>Th\u1eddi Gian \u0110\u00e1p \u1ee8ng<\/td>\n<td>5ms<\/td>\n<\/tr>\n<tr>\n<td>H\u1ed7 tr\u1ee3 m\u00e0u<\/td>\n<td>16,7 Tri\u1ec7u M\u00e0u<\/td>\n<\/tr>\n<tr>\n<td>G\u00f3c nh\u00ecn<\/td>\n<td>178\u00b0\/178\u00b0<\/td>\n<\/tr>\n<tr>\n<td>T\u00edn hi\u1ec7u \u0111\u1ea7u v\u00e0o<\/td>\n<td>\n<p>VGA<\/p>\n<p>DP<\/p>\n<\/td>\n<\/tr>\n<tr>\n<td>M\u1ee9c Ti\u00eau Th\u1ee5\u0323 \u0110i\u1ec7n<\/td>\n<td>25W<\/td>\n<\/tr>\n<tr>\n<td>Tr\u1ecdng L\u01b0\u1ee3ng<\/td>\n<td>N\/A<\/td>\n<\/tr>\n<tr>\n<td>Loa<\/td>\n<td>N\/A<\/td>\n<\/tr>\n<\/tbody>\n<\/table><\/div>\n<p>                            <!--                            <\/p>\n<div class=\"xemthem_id_r\">--><br \/>\n                            <!--                                <a><!--\/show\/?token=--><br \/>\n                            <!--\"--><br \/>\n                            <!--                                   class=\"preview fancybox fancybox.ajax\" rel=\"nofollow\"&gt;Xem th&#234;m th&#244;ng s&#7889; k&#7929; thu&#7853;t<\/a>--><br \/>\n                            <!--                            <\/div>\n<p>-->\n                        <\/p><\/div>\n<\/p><\/div>","protected":false},"excerpt":{"rendered":"<ul>\n<div class=\"attribute-item py10 mx20\">\n<ul>\n<li class=\"w40 ml10\">Model E2318H<\/li>\n<li class=\"w40 ml10\">Ki\u00ea\u0309u ma\u0300n hi\u0300nh Ma\u0300n hi\u0300nh r\u00f4\u0323ng<\/li>\n<li class=\"w40 ml10\">K\u00edch th\u01b0\u1edbc m\u00e0n h\u00ecnh 23.0Inch IPS<\/li>\n<li class=\"w40 ml10\">\u0110\u1ed9 s\u00e1ng 250cd\/m2<\/li>\n<li class=\"w40 ml10\">T\u1ef7 l\u1ec7 t\u01b0\u01a1ng ph\u1ea3n 1.000:1<\/li>\n<li class=\"w40 ml10\">\u0110\u1ed9 ph\u00e2n gi\u1ea3i Full HD (1920&#215;1080)<\/li>\n<li class=\"w40 ml10\">Th\u1eddi gian \u0111\u00e1p \u1ee9ng 5ms<\/li>\n<li class=\"w40 ml10\">G\u00f3c nh\u00ecn 178\u00b0\/178\u00b0<\/li>\n<li class=\"w40 ml10\">C\u1ed5ng giao ti\u1ebfp VGA\/Display port<\/li>\n<\/ul>\n<\/div>\n<\/ul>","protected":false},"featured_media":10722,"comment_status":"closed","ping_status":"closed","template":"","meta":[],"pwb-brand":[],"product_cat":[2909],"product_tag":[],"class_list":{"0":"post-10721","1":"product","2":"type-product","3":"status-publish","4":"has-post-thumbnail","6":"product_cat-man-hinh-may-tinh","8":"first","9":"instock","10":"shipping-taxable","11":"product-type-simple"},"brands":[],"_links":{"self":[{"href":"https:\/\/serverhot.vn\/es\/wp-json\/wp\/v2\/product\/10721","targetHints":{"allow":["GET"]}}],"collection":[{"href":"https:\/\/serverhot.vn\/es\/wp-json\/wp\/v2\/product"}],"about":[{"href":"https:\/\/serverhot.vn\/es\/wp-json\/wp\/v2\/types\/product"}],"replies":[{"embeddable":true,"href":"https:\/\/serverhot.vn\/es\/wp-json\/wp\/v2\/comments?post=10721"}],"wp:featuredmedia":[{"embeddable":true,"href":"https:\/\/serverhot.vn\/es\/wp-json\/wp\/v2\/media\/10722"}],"wp:attachment":[{"href":"https:\/\/serverhot.vn\/es\/wp-json\/wp\/v2\/media?parent=10721"}],"wp:term":[{"taxonomy":"pwb-brand","embeddable":true,"href":"https:\/\/serverhot.vn\/es\/wp-json\/wp\/v2\/pwb-brand?post=10721"},{"taxonomy":"product_cat","embeddable":true,"href":"https:\/\/serverhot.vn\/es\/wp-json\/wp\/v2\/product_cat?post=10721"},{"taxonomy":"product_tag","embeddable":true,"href":"https:\/\/serverhot.vn\/es\/wp-json\/wp\/v2\/product_tag?post=10721"}],"curies":[{"name":"wp","href":"https:\/\/api.w.org\/{rel}","templated":true}]}}