{"id":10725,"date":"2024-06-29T11:05:41","date_gmt":"2024-06-29T04:05:41","guid":{"rendered":"https:\/\/serverhot.vn\/product\/uncategorized\/may-quet-mau-epson-ds-770-ma-san-pham-ds-770\/"},"modified":"2024-06-29T11:05:42","modified_gmt":"2024-06-29T04:05:42","slug":"may-quet-mau-epson-ds-770-ma-san-pham-ds-770","status":"publish","type":"product","link":"https:\/\/serverhot.vn\/es\/-product-\/may-quet-mau-epson-ds-770-ma-san-pham-ds-770\/","title":{"rendered":"M\u00e1y qu\u00e9t m\u00e0u EPSON DS-770 M\u00e3 s\u1ea3n ph\u1ea9m: DS-770"},"content":{"rendered":"<div class=\"showText tabs\" id=\"tab2\">\n<div class=\"box_right_pro_view\">\n<div class=\"thongso_pro a_technical\" style=\"max-height: fit-content\">\n<table border=\"1\">\n<tbody>\n<tr>\n<td><span>H\u00e3ng s\u1ea3n xu\u1ea5t<\/span><\/td>\n<td><span>Epson<\/span><\/td>\n<\/tr>\n<tr>\n<td><span>M\u00e3 s\u1ea3n ph\u1eabm<\/span><\/td>\n<td><span>DS-770<\/span><\/td>\n<\/tr>\n<tr>\n<td><span>Lo\u1ea1i m\u00e1y<\/span><\/td>\n<td><span>M\u00e1y qu\u00e9t v\u0103n b\u1ea3n<\/span><\/td>\n<\/tr>\n<tr>\n<td><span>C\u1ea3m bi\u1ebfn h\u00ecnh \u1ea3nh<\/span><\/td>\n<td><span>CIS<\/span><\/td>\n<\/tr>\n<tr>\n<td><span>Kh\u1ed5 gi\u1ea5y<\/span><\/td>\n<td><span>T\u1ed1i \u0111a A4<\/span><\/td>\n<\/tr>\n<tr>\n<td><span>\u0110\u1ed9 ph\u00e2n gi\u1ea3i<\/span><\/td>\n<td><span>600 x 600 dpi<\/span><\/td>\n<\/tr>\n<tr>\n<td><span>T\u1ed1c \u0111\u1ed9 qu\u00e9t 1 m\u1eb7t<\/span><\/td>\n<td><span>45 trang A4\/ph\u00fat<\/span><\/td>\n<\/tr>\n<tr>\n<td><span>T\u1ed1c \u0111\u1ed9 qu\u00e9t 2 m\u1eb7t<\/span><\/td>\n<td><span>90 trang A4\/ph\u00fat<\/span><\/td>\n<\/tr>\n<tr>\n<td><span>Khay n\u1ea1p b\u1ea3n g\u1ed1c<\/span><\/td>\n<td><span>100 t\u1edd<\/span><\/td>\n<\/tr>\n<tr>\n<td><span>\u0110\u1ecbnh d\u1ea1ng file scan<\/span><\/td>\n<td><span>JPEG, TIFF, nhi\u1ec1u TIFF, PDF, PDF\/A<\/span><\/td>\n<\/tr>\n<tr>\n<td><span>Chu\u1ea9n k\u1ebft n\u1ed1i<\/span><\/td>\n<td><span>USB 3.0, Wifi, Ethernet (T\u00f9y ch\u1ecdn network)<\/span><\/td>\n<\/tr>\n<tr>\n<td><span>Hi\u1ec7u su\u1ea5t l\u00e0m vi\u1ec7c<\/span><\/td>\n<td><span>5000 trang\/ng\u00e0y<\/span><\/td>\n<\/tr>\n<tr>\n<td><span>Ch\u1ee9c n\u0103ng \u0111\u1eb7c bi\u1ec7t<\/span><\/td>\n<td><span>Scan 2 m\u1eb7t t\u1ef1 \u0111\u1ed9ng, qu\u00e9t danh thi\u1ebfp, nh\u00e3n, ch\u1ee9ng minh nh\u00e2n d\u00e2n, th\u1ebb nh\u1ef1a.<\/span><\/td>\n<\/tr>\n<tr>\n<td><span>K\u00edch th\u01b0\u1edbc<\/span><\/td>\n<td><span>296 x 169 x 176 mm<\/span><\/td>\n<\/tr>\n<tr>\n<td><span>Tr\u1ecdng l\u01b0\u1ee3ng<\/span><\/td>\n<td><span>3.7kg<\/span><\/td>\n<\/tr>\n<\/tbody>\n<\/table><\/div>\n<p>                            <!--                            <\/p>\n<div class=\"xemthem_id_r\">--><br \/>\n                            <!--                                <a><!--\/show\/?token=--><br \/>\n                            <!--\"--><br \/>\n                            <!--                                   class=\"preview fancybox fancybox.ajax\" rel=\"nofollow\"&gt;Xem th&#234;m th&#244;ng s&#7889; k&#7929; thu&#7853;t<\/a>--><br \/>\n                            <!--                            <\/div>\n<p>-->\n                        <\/p><\/div>\n<\/p><\/div>","protected":false},"excerpt":{"rendered":"<ul>\n<ul>\n<li style=\"text-align: justify\"><strong><span style=\"font-size: 18px\">C\u1ea3m bi\u1ebfn h\u00ecnh \u1ea3nh: CIS.<\/span><\/strong><\/li>\n<li style=\"text-align: justify\"><strong><span style=\"font-size: 18px\">\u0110\u1ed9 ph\u00e2n gi\u1ea3i: 600 x 600 dpi. <\/span><\/strong><\/li>\n<li style=\"text-align: justify\"><strong><span style=\"font-size: 18px\">T\u1ed1c \u0111\u1ed9 qu\u00e9t 1 m\u1eb7t: 45 trang A4\/ph\u00fat. <\/span><\/strong><\/li>\n<li style=\"text-align: justify\"><strong><span style=\"font-size: 18px\">T\u1ed1c \u0111\u1ed9 qu\u00e9t 2 m\u1eb7t: 90 trang A4\/ph\u00fat.<\/span><\/strong><\/li>\n<li style=\"text-align: justify\"><strong><span style=\"font-size: 18px\">\u0110\u1ecbnh d\u1ea1ng file scan: JPEG, TIFF, nhi\u1ec1u TIFF, PDF, PDF\/A.<\/span><\/strong><\/li>\n<li style=\"text-align: justify\"><strong><span style=\"font-size: 18px\">Ch\u1ee9c n\u0103ng \u0111\u1eb7c bi\u1ec7t: Scan 2 m\u1eb7t t\u1ef1 \u0111\u1ed9ng, qu\u00e9t danh thi\u1ebfp, nh\u00e3n, ch\u1ee9ng minh nh\u00e2n d\u00e2n, th\u1ebb nh\u1ef1a&#8230;<\/span><\/strong><\/li>\n<\/ul>\n<\/ul>","protected":false},"featured_media":10726,"comment_status":"closed","ping_status":"closed","template":"","meta":[],"pwb-brand":[],"product_cat":[2910],"product_tag":[],"class_list":{"0":"post-10725","1":"product","2":"type-product","3":"status-publish","4":"has-post-thumbnail","6":"product_cat-thiet-bi-van-phong","8":"first","9":"instock","10":"shipping-taxable","11":"product-type-simple"},"brands":[],"_links":{"self":[{"href":"https:\/\/serverhot.vn\/es\/wp-json\/wp\/v2\/product\/10725","targetHints":{"allow":["GET"]}}],"collection":[{"href":"https:\/\/serverhot.vn\/es\/wp-json\/wp\/v2\/product"}],"about":[{"href":"https:\/\/serverhot.vn\/es\/wp-json\/wp\/v2\/types\/product"}],"replies":[{"embeddable":true,"href":"https:\/\/serverhot.vn\/es\/wp-json\/wp\/v2\/comments?post=10725"}],"wp:featuredmedia":[{"embeddable":true,"href":"https:\/\/serverhot.vn\/es\/wp-json\/wp\/v2\/media\/10726"}],"wp:attachment":[{"href":"https:\/\/serverhot.vn\/es\/wp-json\/wp\/v2\/media?parent=10725"}],"wp:term":[{"taxonomy":"pwb-brand","embeddable":true,"href":"https:\/\/serverhot.vn\/es\/wp-json\/wp\/v2\/pwb-brand?post=10725"},{"taxonomy":"product_cat","embeddable":true,"href":"https:\/\/serverhot.vn\/es\/wp-json\/wp\/v2\/product_cat?post=10725"},{"taxonomy":"product_tag","embeddable":true,"href":"https:\/\/serverhot.vn\/es\/wp-json\/wp\/v2\/product_tag?post=10725"}],"curies":[{"name":"wp","href":"https:\/\/api.w.org\/{rel}","templated":true}]}}