{"id":10891,"date":"2024-06-29T12:54:25","date_gmt":"2024-06-29T05:54:25","guid":{"rendered":"https:\/\/serverhot.vn\/product\/uncategorized\/thiet-bi-mang-router-wifi-mesh-asus-rog-rapture-gt-ac5300-gaming-ma-san-pham-gt-ac5300\/"},"modified":"2024-06-29T12:54:29","modified_gmt":"2024-06-29T05:54:29","slug":"thiet-bi-mang-router-wifi-mesh-asus-rog-rapture-gt-ac5300-gaming-ma-san-pham-gt-ac5300","status":"publish","type":"product","link":"https:\/\/serverhot.vn\/es\/-product-\/thiet-bi-mang-router-wifi-mesh-asus-rog-rapture-gt-ac5300-gaming-ma-san-pham-gt-ac5300\/","title":{"rendered":"Thi\u1ebft B\u1ecb M\u1ea1ng Router Wifi Mesh ASUS ROG Rapture GT-AC5300 Gaming M\u00e3 s\u1ea3n ph\u1ea9m: GT-AC5300"},"content":{"rendered":"<div class=\"showText tabs\" id=\"tab2\">\n<div class=\"box_right_pro_view\">\n<div class=\"thongso_pro a_technical\" style=\"max-height: fit-content\">\n<table border=\"1\">\n<tbody>\n<tr>\n<td width=\"163\">S\u1ea3n ph\u1ea9m<\/td>\n<td width=\"515\">B\u00f4\u0323 pha\u0301t wifi<\/td>\n<\/tr>\n<tr>\n<td>H\u00e3ng s\u1ea3n xu\u1ea5t<\/td>\n<td>Asus<\/td>\n<\/tr>\n<tr>\n<td>Model<\/td>\n<td>GT-AC5300 5300Mbps 80 user<\/td>\n<\/tr>\n<tr>\n<td>T\u1ed1c \u0111\u1ed9 LAN<\/td>\n<td>10\/100\/1000Mbps<\/td>\n<\/tr>\n<tr>\n<td>T\u1ed1c \u0111\u1ed9 WIFI<\/td>\n<td>Wifi kh\u00f4ng d\u00e2y Dual WAN 3 b\u0103ng t\u1ea7n chu\u1ea9n AC5300 (2.4Ghz:1000Mbps+ 5GHz: 2167Mbps + 5GHz: 2167Mbps) Chuy\u00ean cho gaming, 4K streaming.\u00a0 V\u1edbi vi x\u1eed l\u00fd : Quad-core 1.8Ghz ;\u00a0 8 \u0103ng-ten r\u1eddi 5dBi. T\u1ef1 \u0111\u1ed9ng Port Forwarding cho c\u00e1c Game Online : CS:GO, World of Tanks, World of Warcraft, Starcraft II, and Overwatch<\/td>\n<\/tr>\n<tr>\n<td>Angten\u00a0<\/td>\n<td>8 \u0103ng ten<\/td>\n<\/tr>\n<tr>\n<td>C\u1ed5ng giao ti\u1ebfp<\/td>\n<td>8 port x 10\/100\/1000 Lan, 1 port x 10\/100\/1000 Wan, 2 x USb 3.0<\/td>\n<\/tr>\n<tr>\n<td>M\u00f4 t\u1ea3 kh\u00e1c<\/td>\n<td width=\"515\">\u00a0H\u1ed7 tr\u1ee3 c\u00f4ng ngh\u1ec7\u00a0 MU-MIMO , Beamforming cho hi\u1ec7u n\u0103ng \u0111a thi\u1ebft b\u1ecb t\u1ed1t nh\u1ea5t<br \/>Ch\u1ee9c n\u0103ng t\u01b0\u1eddng l\u1eeda , VPN server : IPSec Pass-Through, PPTP Pass-Through, L2TP Pass-Through, PPTP Server, OpenVPN Server, L2TP Server . VPN client : PPTP client, L2TP client, OpenVPN client. 3G\/4G data sharing , Printer Server. Parental Control, Samba and FTP server, IPTV support. Download Master, Roaming Assist, Link Aggregation- 802.3ad.<br \/>8 port x 10\/100\/1000 Lan, 1 port x 10\/100\/1000 Wan, 2 x USb 3.0<br \/>H\u1ed7 tr\u1ee3: AICLOUD \u0110i\u1ec1u khi\u1ec3n b\u1eb1ng Smartphone, truy c\u1eadp t\u1eeb xa qua internet, Guest network, IPV6.<br \/>Ho\u1ea1t \u0111\u1ed9ng tr\u00ean c\u00e1c mode : Wireless router mode , Access point mode<br \/>C\u00f3 th\u1ec3 s\u1eed d\u1ee5ng t\u1eeb 75-80 thi\u1ebft b\u1ecb truy c\u1eadp c\u00f9ng l\u00fac ( di\u1ec7n t\u00edch ph\u1ee7 s\u00f3ng t\u1ea7m 500m2)<br \/>Ph\u00f9 h\u1ee3p cho V\u0103n ph\u00f2ng, Showroom, Nh\u00e0 h\u00e0ng, Qu\u00e1n Cafe c\u00f3 nhu c\u1ea7u k\u1ebft n\u1ed1i nhi\u1ec1u thi\u1ebft b\u1ecb, chia nhi\u1ec1u h\u1ec7 th\u1ed1ng m\u1ea1ng ri\u00eang cho c\u00e1c thi\u1ebft b\u1ecb kh\u00e1c nhau, \u0111\u1eb7c bi\u1ec7t h\u1ed7 tr\u1ee3 xem phim HD tr\u1ef1c ti\u1ebfp t\u1eeb internet.\u00a0 Chuy\u00ean cho gaming, 4K streaming.\u00a0 V\u1edbi vi x\u1eed l\u00fd : Quad-core 1.8Ghz ;\u00a0 8 \u0103ng-ten r\u1eddi 5dBi. T\u1ef1 \u0111\u1ed9ng Port Forwarding cho c\u00e1c Game Online : CS:GO, World of Tanks, World of Warcraft, Starcraft II<\/td>\n<\/tr>\n<\/tbody>\n<\/table><\/div>\n<p>                            <!--                            <\/p>\n<div class=\"xemthem_id_r\">--><br \/>\n                            <!--                                <a><!--\/show\/?token=--><br \/>\n                            <!--\"--><br \/>\n                            <!--                                   class=\"preview fancybox fancybox.ajax\" rel=\"nofollow\"&gt;Xem th&#234;m th&#244;ng s&#7889; k&#7929; thu&#7853;t<\/a>--><br \/>\n                            <!--                            <\/div>\n<p>-->\n                        <\/p><\/div>\n<\/p><\/div>","protected":false},"excerpt":{"rendered":"<ul>\n<ul>\n<li>B\u0103ng t\u1ea7n h\u1ed7 tr\u1ee3: 2.4 GHz \/ 5 GHz<\/li>\n<li>Chu\u1ea9n k\u1ebft n\u1ed1i: 802.11 a\/b\/g\/n\/ac<\/li>\n<li>T\u1ed1c \u0111\u1ed9 2.4GHz:1000Mbps<\/li>\n<li>T\u1ed1c \u0111\u1ed9 5.0GHz:2167Mbps<\/li>\n<li>\u0102ng ten: 8x ngo\u00e0i<\/li>\n<\/ul>\n<\/ul>","protected":false},"featured_media":10892,"comment_status":"closed","ping_status":"closed","template":"","meta":[],"pwb-brand":[],"product_cat":[2900],"product_tag":[2853,2852],"class_list":{"0":"post-10891","1":"product","2":"type-product","3":"status-publish","4":"has-post-thumbnail","6":"product_cat-asus-networking","7":"product_tag-access-point","8":"product_tag-wireless","10":"first","11":"instock","12":"shipping-taxable","13":"product-type-simple"},"brands":[],"_links":{"self":[{"href":"https:\/\/serverhot.vn\/es\/wp-json\/wp\/v2\/product\/10891","targetHints":{"allow":["GET"]}}],"collection":[{"href":"https:\/\/serverhot.vn\/es\/wp-json\/wp\/v2\/product"}],"about":[{"href":"https:\/\/serverhot.vn\/es\/wp-json\/wp\/v2\/types\/product"}],"replies":[{"embeddable":true,"href":"https:\/\/serverhot.vn\/es\/wp-json\/wp\/v2\/comments?post=10891"}],"wp:featuredmedia":[{"embeddable":true,"href":"https:\/\/serverhot.vn\/es\/wp-json\/wp\/v2\/media\/10892"}],"wp:attachment":[{"href":"https:\/\/serverhot.vn\/es\/wp-json\/wp\/v2\/media?parent=10891"}],"wp:term":[{"taxonomy":"pwb-brand","embeddable":true,"href":"https:\/\/serverhot.vn\/es\/wp-json\/wp\/v2\/pwb-brand?post=10891"},{"taxonomy":"product_cat","embeddable":true,"href":"https:\/\/serverhot.vn\/es\/wp-json\/wp\/v2\/product_cat?post=10891"},{"taxonomy":"product_tag","embeddable":true,"href":"https:\/\/serverhot.vn\/es\/wp-json\/wp\/v2\/product_tag?post=10891"}],"curies":[{"name":"wp","href":"https:\/\/api.w.org\/{rel}","templated":true}]}}