{"id":11299,"date":"2024-06-29T14:07:12","date_gmt":"2024-06-29T07:07:12","guid":{"rendered":"https:\/\/serverhot.vn\/product\/uncategorized\/lcd-dell-up2718q-42mup2718q-27-inch-ultrasharp-hd-4k-ips-3840-x-2160-led-anti-glare-_hdmi-_display-port-_mini-display-port-_usb-ma-san-pham-42mup2718q\/"},"modified":"2024-06-29T14:07:13","modified_gmt":"2024-06-29T07:07:13","slug":"lcd-dell-up2718q-42mup2718q-27-inch-ultrasharp-hd-4k-ips-3840-x-2160-led-anti-glare-_hdmi-_display-port-_mini-display-port-_usb-ma-san-pham-42mup2718q","status":"publish","type":"product","link":"https:\/\/serverhot.vn\/es\/-product-\/lcd-dell-up2718q-42mup2718q-27-inch-ultrasharp-hd-4k-ips-3840-x-2160-led-anti-glare-_hdmi-_display-port-_mini-display-port-_usb-ma-san-pham-42mup2718q\/","title":{"rendered":"LCD Dell UP2718Q (42MUP2718Q) 27 inch UltraSharp HD 4K IPS (3840 x 2160) LED Anti Glare _HDMI _Display Port _mini Display Port _USB M\u00e3 s\u1ea3n ph\u1ea9m: 42MUP2718Q"},"content":{"rendered":"<div class=\"showText tabs\" id=\"tab2\">\n                                    <\/div>","protected":false},"excerpt":{"rendered":"<ul>\n<table>\n<tbody>\n<tr>\n<td valign=\"top\"><span>Th\u01b0\u01a1ng hi\u1ec7u:\u00a0<\/span><span>DELL<\/span><\/td>\n<\/tr>\n<\/tbody>\n<\/table>\n<table>\n<tbody>\n<tr>\n<td valign=\"top\"><span>Th\u00f4ng Tin Chung:\u00a0<\/span>UP2718Q, 36 th\u00e1ng, B\u1ea3o h\u00e0nh ch\u00ednh h\u00e3ng Dell<\/td>\n<\/tr>\n<tr>\n<td valign=\"top\"><span>Th\u00f4ng s\u1ed1 m\u00e0n h\u00ecnh:\u00a0<\/span>4K UHD, 3840 x 2160, 27&#8243;, LED Backlit, TFT Active Matrix, T\u1ea5m n\u1ec1n IPS<\/td>\n<\/tr>\n<tr>\n<td valign=\"top\"><span>K\u1ebft n\u1ed1i:\u00a0<\/span>1 x DisplayPort 1.2, 1 x Mini-DisplayPort, 2 x HDMI 2.0, 2 x USB 3.0 upstream, 2 x USB 3.0 Side, 2 x USB 3.0 Bottom, Audio line-out<\/td>\n<\/tr>\n<tr>\n<td valign=\"top\"><span>C\u00f4ng su\u1ea5t &amp; V\u1eadn h\u00e0nh:\u00a0<\/span>100 t\u1edbi 240 VAC, 50\/60Hz<\/td>\n<\/tr>\n<tr>\n<td valign=\"top\"><span>K\u00edch Th\u01b0\u1edbc &amp; Tr\u1ecdng L\u01b0\u1ee3ng:\u00a0<\/span>Ngang 62.64cm x D\u00e0y 20cm x Cao 54.7cm, 5.98kg<\/td>\n<\/tr>\n<\/tbody>\n<\/table>\n<\/ul>","protected":false},"featured_media":11300,"comment_status":"closed","ping_status":"closed","template":"","meta":[],"pwb-brand":[],"product_cat":[2909],"product_tag":[],"class_list":{"0":"post-11299","1":"product","2":"type-product","3":"status-publish","4":"has-post-thumbnail","6":"product_cat-man-hinh-may-tinh","8":"first","9":"instock","10":"shipping-taxable","11":"product-type-simple"},"brands":[],"_links":{"self":[{"href":"https:\/\/serverhot.vn\/es\/wp-json\/wp\/v2\/product\/11299","targetHints":{"allow":["GET"]}}],"collection":[{"href":"https:\/\/serverhot.vn\/es\/wp-json\/wp\/v2\/product"}],"about":[{"href":"https:\/\/serverhot.vn\/es\/wp-json\/wp\/v2\/types\/product"}],"replies":[{"embeddable":true,"href":"https:\/\/serverhot.vn\/es\/wp-json\/wp\/v2\/comments?post=11299"}],"wp:featuredmedia":[{"embeddable":true,"href":"https:\/\/serverhot.vn\/es\/wp-json\/wp\/v2\/media\/11300"}],"wp:attachment":[{"href":"https:\/\/serverhot.vn\/es\/wp-json\/wp\/v2\/media?parent=11299"}],"wp:term":[{"taxonomy":"pwb-brand","embeddable":true,"href":"https:\/\/serverhot.vn\/es\/wp-json\/wp\/v2\/pwb-brand?post=11299"},{"taxonomy":"product_cat","embeddable":true,"href":"https:\/\/serverhot.vn\/es\/wp-json\/wp\/v2\/product_cat?post=11299"},{"taxonomy":"product_tag","embeddable":true,"href":"https:\/\/serverhot.vn\/es\/wp-json\/wp\/v2\/product_tag?post=11299"}],"curies":[{"name":"wp","href":"https:\/\/api.w.org\/{rel}","templated":true}]}}