{"id":11411,"date":"2024-06-29T14:21:06","date_gmt":"2024-06-29T07:21:06","guid":{"rendered":"https:\/\/serverhot.vn\/product\/uncategorized\/card-do-hoa-nvidia-geforce-rtx-3080-ma-san-pham-rtx-3080\/"},"modified":"2024-06-29T14:21:08","modified_gmt":"2024-06-29T07:21:08","slug":"card-do-hoa-nvidia-geforce-rtx-3080-ma-san-pham-rtx-3080","status":"publish","type":"product","link":"https:\/\/serverhot.vn\/es\/-product-\/card-do-hoa-nvidia-geforce-rtx-3080-ma-san-pham-rtx-3080\/","title":{"rendered":"Card \u0111\u1ed3 h\u1ecda NVIDIA GEFORCE RTX 3080 M\u00e3 s\u1ea3n ph\u1ea9m: RTX-3080"},"content":{"rendered":"<div class=\"showText tabs\" id=\"tab2\">\n                                    <\/div>","protected":false},"excerpt":{"rendered":"<ul>\n<p><span style=\"font-family: 'Open Sans', 'Lucida Grande', 'Lucida Sans Unicode', Arial, Helvetica, Verdana, sans-serif;font-size: 12px;background-color: #ffffff\">GeForce RTX<\/span><span class=\"emoji  emoji-spritesheet-4\" style=\"vertical-align: baseline;height: 18px;width: 18px;background-repeat: no-repeat;text-indent: -9999px;border: 0px;background-size: 612px 126px;background-image: url('..\/img\/emojisprite_4.png');font-family: 'Open Sans', 'Lucida Grande', 'Lucida Sans Unicode', Arial, Helvetica, Verdana, sans-serif;font-size: 12px;background-color: #ffffff;background-position: -540px -54px\" title=\"tm\">:<\/span><span style=\"font-family: 'Open Sans', 'Lucida Grande', 'Lucida Sans Unicode', Arial, Helvetica, Verdana, sans-serif;font-size: 12px;background-color: #ffffff\">3080 ho\u1ea1t \u0111\u1ed9ng tr\u00ean n\u1ec1n t\u1ea3ng Ampere\u2014ki\u1ebfn tr\u00fac RTX th\u1ebf h\u1ec7 th\u1ee9 2 c\u1ee7a NVIDIA, s\u1ebd mang hi\u1ec7u su\u1ea5t \u0111\u1ec9nh cao lu\u00f4n \u0111\u01b0\u1ee3c khao kh\u00e1t \u0111\u1ebfn v\u1edbi game th\u1ee7. \u0110\u1ec3 mang t\u1edbi tr\u1ea3i nghi\u1ec7m game tuy\u1ec7t v\u1eddi, chi\u1ebfc card n\u00e0y \u0111\u01b0\u1ee3c t\u00edch h\u1ee3p Nh\u00e2n RT v\u00e0 Nh\u00e2n Tensor n\u00e2ng cao, b\u1ed9 \u0111a x\u1eed l\u00fd ph\u00e1t tr\u1ef1c ti\u1ebfp m\u1edbi, c\u00f9ng v\u1edbi b\u1ed9 nh\u1edb G6X c\u1ef1c nhanh.<\/span><\/p>\n<\/ul>","protected":false},"featured_media":11412,"comment_status":"closed","ping_status":"closed","template":"","meta":[],"pwb-brand":[],"product_cat":[2914],"product_tag":[25],"class_list":{"0":"post-11411","1":"product","2":"type-product","3":"status-publish","4":"has-post-thumbnail","6":"product_cat-vga-card-man-hinh","7":"product_tag-man","9":"first","10":"instock","11":"shipping-taxable","12":"product-type-simple"},"brands":[],"_links":{"self":[{"href":"https:\/\/serverhot.vn\/es\/wp-json\/wp\/v2\/product\/11411","targetHints":{"allow":["GET"]}}],"collection":[{"href":"https:\/\/serverhot.vn\/es\/wp-json\/wp\/v2\/product"}],"about":[{"href":"https:\/\/serverhot.vn\/es\/wp-json\/wp\/v2\/types\/product"}],"replies":[{"embeddable":true,"href":"https:\/\/serverhot.vn\/es\/wp-json\/wp\/v2\/comments?post=11411"}],"wp:featuredmedia":[{"embeddable":true,"href":"https:\/\/serverhot.vn\/es\/wp-json\/wp\/v2\/media\/11412"}],"wp:attachment":[{"href":"https:\/\/serverhot.vn\/es\/wp-json\/wp\/v2\/media?parent=11411"}],"wp:term":[{"taxonomy":"pwb-brand","embeddable":true,"href":"https:\/\/serverhot.vn\/es\/wp-json\/wp\/v2\/pwb-brand?post=11411"},{"taxonomy":"product_cat","embeddable":true,"href":"https:\/\/serverhot.vn\/es\/wp-json\/wp\/v2\/product_cat?post=11411"},{"taxonomy":"product_tag","embeddable":true,"href":"https:\/\/serverhot.vn\/es\/wp-json\/wp\/v2\/product_tag?post=11411"}],"curies":[{"name":"wp","href":"https:\/\/api.w.org\/{rel}","templated":true}]}}