{"id":11578,"date":"2024-06-29T14:41:19","date_gmt":"2024-06-29T07:41:19","guid":{"rendered":"https:\/\/serverhot.vn\/product\/uncategorized\/thiet-bi-mang-switch-8-ports-gigabit-ubiquiti-unifi-poe-us-8-150w-ma-san-pham-us-8-150w\/"},"modified":"2024-06-29T14:41:21","modified_gmt":"2024-06-29T07:41:21","slug":"thiet-bi-mang-switch-8-ports-gigabit-ubiquiti-unifi-poe-us-8-150w-ma-san-pham-us-8-150w","status":"publish","type":"product","link":"https:\/\/serverhot.vn\/es\/-product-\/thiet-bi-mang-switch-8-ports-gigabit-ubiquiti-unifi-poe-us-8-150w-ma-san-pham-us-8-150w\/","title":{"rendered":"Thi\u1ebft B\u1ecb M\u1ea1ng Switch 8 Ports Gigabit Ubiquiti Unifi PoE US-8-150W M\u00e3 s\u1ea3n ph\u1ea9m: US-8-150W"},"content":{"rendered":"<div class=\"showText tabs\" id=\"tab2\">\n                                    <\/div>","protected":false},"excerpt":{"rendered":"<ul>\n<p>&#8211; UniFi US-8-150W l\u00e0 thi\u1ebft b\u1ecb Switch PoE chuy\u1ec3n ti\u1ebfp th\u00f4ng minh, qu\u1ea3n l\u00fd d\u1ec5 d\u00e0ng v\u1edbi ph\u1ea7n m\u1ec1m UniFi Controller t\u00edch h\u1ee3p s\u1eb5n h\u1ebft s\u1ee9c tr\u1ef1c quan v\u00e0 sinh \u0111\u1ed9ng. Qu\u1ea3n l\u00fd v\u00e0 gi\u00e1m s\u00e1t l\u01b0u l\u01b0\u1ee3ng, hi\u1ec7u su\u1ea5t t\u1ea5t c\u1ea3 c\u00e1c c\u1ed5ng d\u1eef li\u1ec7u tr\u00ean giao di\u1ec7n web m\u1ed9t c\u00e1ch \u0111\u01a1n gi\u1ea3n d\u1ec5 d\u00e0ng c\u1ed9ng v\u1edbi hi\u1ec7u su\u1ea5t m\u1ea1nh m\u1ebd v\u00e0 nhi\u1ec1u t\u00ednh n\u0103ng kh\u00e1c th\u00edch h\u1ee3p s\u1eed d\u1ee5ng cho c\u00e1c doanh nghi\u1ec7p v\u1eeba v\u00e0 l\u1edbn, kh\u00e1ch s\u1ea1n, v\u0103n ph\u00f2ng, tr\u01b0\u1eddng h\u1ecdc&#8230;<\/p>\n<p>&#8211; UniFi US-8-150W v\u1eeba l\u00e0 Switch v\u1eeba l\u00e0 PoE cung c\u1ea5p ngu\u1ed3n cho c\u00e1c thi\u1ebft b\u1ecb UniFi WiFi ho\u1eb7c c\u00e1c thi\u1ebft b\u1ecb WiFi kh\u00e1c l\u00e0 s\u1ef1 l\u1ef1a ch\u1ecdn ho\u00e0n h\u1ea3o cho m\u1ecdi h\u1ec7 th\u1ed1ng m\u1ea1ng.\u00a0<\/p>\n<p>-Cung c\u1ea5p 8 port Gigabit Ethernet v\u00e0 2 port SFP cho k\u1ebft n\u1ed1i c\u1ed5ng quang Uplink l\u00ean \u0111\u1ebfn 1 Gbps \u0111\u1ec3 d\u1ec5 d\u00e0ng m\u1edf r\u1ed9ng h\u1ec7 th\u1ed1ng m\u1ea1ng.<\/p>\n<p>&#8211; M\u1eb7c \u0111\u1ecbnh UniFi US-8-150W t\u1ef1 \u0111\u1ed9ng ph\u00e1t hi\u1ec7n v\u00e0 nh\u1eadn PoE v\u00e0o theo chu\u1ea9n 802.3af\/at. \u0110\u1ed1i v\u1edbi c\u00e1c thi\u1ebft b\u1ecb nh\u1eadn ngu\u1ed3n Passive PoE 24V th\u00ec cho ph\u00e9p t\u1ef1 \u0111i\u1ec1u ch\u1ec9nh ngu\u1ed3n Passive PoE 24V th\u00f4ng qua ph\u1ea7n m\u1ec1m UniFi Controller. Ch\u00ednh s\u1ef1 linh ho\u1ea1t n\u00e0y \u0111\u00e3 l\u00e0m cho UniFi US-8-150W ph\u00f9 h\u1ee3p v\u1edbi t\u1ea5t c\u1ea3 c\u00e1c thi\u1ebft b\u1ecb WiFi th\u00f4ng d\u1ee5ng tr\u00ean th\u1ecb tr\u01b0\u1eddng Vi\u1ec7t Nam v\u00e0 tr\u1edf th\u00e0nh thi\u1ebft b\u1ecb kh\u00f4ng c\u00f3 \u0111\u1ed1i th\u1ee7 tr\u00ean th\u1ecb tr\u01b0\u1eddng Switch PoE t\u1ea1i Vi\u1ec7t Nam.<\/p>\n<\/ul>","protected":false},"featured_media":11579,"comment_status":"closed","ping_status":"closed","template":"","meta":[],"pwb-brand":[],"product_cat":[2901],"product_tag":[2849],"class_list":{"0":"post-11578","1":"product","2":"type-product","3":"status-publish","4":"has-post-thumbnail","6":"product_cat-ubiquiti","7":"product_tag-switch","9":"first","10":"instock","11":"shipping-taxable","12":"product-type-simple"},"brands":[],"_links":{"self":[{"href":"https:\/\/serverhot.vn\/es\/wp-json\/wp\/v2\/product\/11578","targetHints":{"allow":["GET"]}}],"collection":[{"href":"https:\/\/serverhot.vn\/es\/wp-json\/wp\/v2\/product"}],"about":[{"href":"https:\/\/serverhot.vn\/es\/wp-json\/wp\/v2\/types\/product"}],"replies":[{"embeddable":true,"href":"https:\/\/serverhot.vn\/es\/wp-json\/wp\/v2\/comments?post=11578"}],"wp:featuredmedia":[{"embeddable":true,"href":"https:\/\/serverhot.vn\/es\/wp-json\/wp\/v2\/media\/11579"}],"wp:attachment":[{"href":"https:\/\/serverhot.vn\/es\/wp-json\/wp\/v2\/media?parent=11578"}],"wp:term":[{"taxonomy":"pwb-brand","embeddable":true,"href":"https:\/\/serverhot.vn\/es\/wp-json\/wp\/v2\/pwb-brand?post=11578"},{"taxonomy":"product_cat","embeddable":true,"href":"https:\/\/serverhot.vn\/es\/wp-json\/wp\/v2\/product_cat?post=11578"},{"taxonomy":"product_tag","embeddable":true,"href":"https:\/\/serverhot.vn\/es\/wp-json\/wp\/v2\/product_tag?post=11578"}],"curies":[{"name":"wp","href":"https:\/\/api.w.org\/{rel}","templated":true}]}}