{"id":11779,"date":"2024-06-29T15:06:19","date_gmt":"2024-06-29T08:06:19","guid":{"rendered":"https:\/\/serverhot.vn\/product\/uncategorized\/man-hinh-smart-tivi-samsung-4k-uhd-43-inch-ua43nu7090kxxv-ma-san-pham-ua43nu7090kxxv\/"},"modified":"2024-06-29T15:06:20","modified_gmt":"2024-06-29T08:06:20","slug":"man-hinh-smart-tivi-samsung-4k-uhd-43-inch-ua43nu7090kxxv-ma-san-pham-ua43nu7090kxxv","status":"publish","type":"product","link":"https:\/\/serverhot.vn\/es\/-product-\/man-hinh-smart-tivi-samsung-4k-uhd-43-inch-ua43nu7090kxxv-ma-san-pham-ua43nu7090kxxv\/","title":{"rendered":"M\u00e0n H\u00ecnh Smart Tivi Samsung 4K UHD 43 inch UA43NU7090KXXV M\u00e3 s\u1ea3n ph\u1ea9m: UA43NU7090KXXV"},"content":{"rendered":"<div class=\"showText tabs\" id=\"tab2\">\n                                    <\/div>","protected":false},"excerpt":{"rendered":"<ul>\n<p><span>Smart Tivi Samsung 4K UHD 43 inch UA43NU7090KXXV<\/span><\/p>\n<ul>\n<li class=\"short-descr-col-1\">Tivi LED 43&#8243;<\/li>\n<li class=\"short-descr-col-1\">\u0110\u1ed9 ph\u00e2n gi\u1ea3i: Ultra HD 4K<\/li>\n<li class=\"short-descr-col-1\">T\u1ea7n s\u1ed1 qu\u00e9t: 100 Hz<\/li>\n<li class=\"short-descr-col-1\">K\u1ebft n\u1ed1i: USB, HDMI, Wifi, LAN<\/li>\n<li class=\"short-descr-col-1\">B\u1ea3o h\u00e0nh: 24 th\u00e1ng<\/li>\n<li class=\"short-descr-col-1\">Xu\u1ea5t x\u1ee9: Vi\u1ec7t Nam<\/li>\n<\/ul>\n<p><span><br \/><\/span><\/p>\n<\/ul>","protected":false},"featured_media":11780,"comment_status":"closed","ping_status":"closed","template":"","meta":[],"pwb-brand":[],"product_cat":[2909],"product_tag":[],"class_list":{"0":"post-11779","1":"product","2":"type-product","3":"status-publish","4":"has-post-thumbnail","6":"product_cat-man-hinh-may-tinh","8":"first","9":"instock","10":"shipping-taxable","11":"product-type-simple"},"brands":[],"_links":{"self":[{"href":"https:\/\/serverhot.vn\/es\/wp-json\/wp\/v2\/product\/11779","targetHints":{"allow":["GET"]}}],"collection":[{"href":"https:\/\/serverhot.vn\/es\/wp-json\/wp\/v2\/product"}],"about":[{"href":"https:\/\/serverhot.vn\/es\/wp-json\/wp\/v2\/types\/product"}],"replies":[{"embeddable":true,"href":"https:\/\/serverhot.vn\/es\/wp-json\/wp\/v2\/comments?post=11779"}],"wp:featuredmedia":[{"embeddable":true,"href":"https:\/\/serverhot.vn\/es\/wp-json\/wp\/v2\/media\/11780"}],"wp:attachment":[{"href":"https:\/\/serverhot.vn\/es\/wp-json\/wp\/v2\/media?parent=11779"}],"wp:term":[{"taxonomy":"pwb-brand","embeddable":true,"href":"https:\/\/serverhot.vn\/es\/wp-json\/wp\/v2\/pwb-brand?post=11779"},{"taxonomy":"product_cat","embeddable":true,"href":"https:\/\/serverhot.vn\/es\/wp-json\/wp\/v2\/product_cat?post=11779"},{"taxonomy":"product_tag","embeddable":true,"href":"https:\/\/serverhot.vn\/es\/wp-json\/wp\/v2\/product_tag?post=11779"}],"curies":[{"name":"wp","href":"https:\/\/api.w.org\/{rel}","templated":true}]}}