{"id":11895,"date":"2024-06-29T15:26:49","date_gmt":"2024-06-29T08:26:49","guid":{"rendered":"https:\/\/serverhot.vn\/product\/uncategorized\/tu-mang-hq-rack-12u-d600-ma-san-pham-hq-rack-12u-d600\/"},"modified":"2024-06-29T15:26:50","modified_gmt":"2024-06-29T08:26:50","slug":"tu-mang-hq-rack-12u-d600-ma-san-pham-hq-rack-12u-d600","status":"publish","type":"product","link":"https:\/\/serverhot.vn\/es\/-product-\/tu-mang-hq-rack-12u-d600-ma-san-pham-hq-rack-12u-d600\/","title":{"rendered":"T\u1ee7 m\u1ea1ng HQ-Rack 12U-D600 M\u00e3 s\u1ea3n ph\u1ea9m: HQ-RACK-12U-D600"},"content":{"rendered":"<div class=\"showText tabs\" id=\"tab2\">\n                                    <\/div>","protected":false},"excerpt":{"rendered":"<ul>\n<p><span>K\u00edch th\u01b0\u1edbc: H750*W550*D600<\/span><br \/><span>M\u00e0u s\u1eafc : \u0110en S\u1ea7n \/ Ghi S\u1ea7n<\/span><br \/><span>C\u1eeda tr\u01b0\u1edbc: C\u00e1nh Mika<\/span><br \/><span>Ph\u1ee5 Ki\u1ec7n: 01 Qu\u1ea1t gi\u00f3 + 01 \u1ed4 c\u1eafm 3 ch\u1ea5u \u0111a n\u0103ng. 04 B\u00e1nh xe \u0111i\u1ec1u h\u01b0\u1edbng.<\/span><\/p>\n<\/ul>","protected":false},"featured_media":11896,"comment_status":"closed","ping_status":"closed","template":"","meta":[],"pwb-brand":[],"product_cat":[2915],"product_tag":[],"class_list":{"0":"post-11895","1":"product","2":"type-product","3":"status-publish","4":"has-post-thumbnail","6":"product_cat-tu-rack","8":"first","9":"instock","10":"shipping-taxable","11":"product-type-simple"},"brands":[],"_links":{"self":[{"href":"https:\/\/serverhot.vn\/es\/wp-json\/wp\/v2\/product\/11895","targetHints":{"allow":["GET"]}}],"collection":[{"href":"https:\/\/serverhot.vn\/es\/wp-json\/wp\/v2\/product"}],"about":[{"href":"https:\/\/serverhot.vn\/es\/wp-json\/wp\/v2\/types\/product"}],"replies":[{"embeddable":true,"href":"https:\/\/serverhot.vn\/es\/wp-json\/wp\/v2\/comments?post=11895"}],"wp:featuredmedia":[{"embeddable":true,"href":"https:\/\/serverhot.vn\/es\/wp-json\/wp\/v2\/media\/11896"}],"wp:attachment":[{"href":"https:\/\/serverhot.vn\/es\/wp-json\/wp\/v2\/media?parent=11895"}],"wp:term":[{"taxonomy":"pwb-brand","embeddable":true,"href":"https:\/\/serverhot.vn\/es\/wp-json\/wp\/v2\/pwb-brand?post=11895"},{"taxonomy":"product_cat","embeddable":true,"href":"https:\/\/serverhot.vn\/es\/wp-json\/wp\/v2\/product_cat?post=11895"},{"taxonomy":"product_tag","embeddable":true,"href":"https:\/\/serverhot.vn\/es\/wp-json\/wp\/v2\/product_tag?post=11895"}],"curies":[{"name":"wp","href":"https:\/\/api.w.org\/{rel}","templated":true}]}}