{"id":12304,"date":"2024-06-29T16:59:55","date_gmt":"2024-06-29T09:59:55","guid":{"rendered":"https:\/\/serverhot.vn\/product\/uncategorized\/microsoft-365-apps-for-business-ma-san-pham-ms-365-apps-bus\/"},"modified":"2024-06-29T17:00:00","modified_gmt":"2024-06-29T10:00:00","slug":"microsoft-365-apps-for-business-ma-san-pham-ms-365-apps-bus","status":"publish","type":"product","link":"https:\/\/serverhot.vn\/es\/-product-\/microsoft-365-apps-for-business-ma-san-pham-ms-365-apps-bus\/","title":{"rendered":"Microsoft 365 Apps For Business M\u00e3 s\u1ea3n ph\u1ea9m: MS-365-APPS-BUS"},"content":{"rendered":"<div class=\"showText tabs\" id=\"tab2\">\n<div class=\"box_right_pro_view\">\n<div class=\"thongso_pro a_technical\" style=\"max-height: fit-content\">\n<p>(\u0111ang c\u1eadp nh\u1eadt)<\/p>\n<\/p><\/div>\n<p>                            <!--                            <\/p>\n<div class=\"xemthem_id_r\">--><br \/>\n                            <!--                                <a><!--\/show\/?token=--><br \/>\n                            <!--\"--><br \/>\n                            <!--                                   class=\"preview fancybox fancybox.ajax\" rel=\"nofollow\"&gt;Xem th&#234;m th&#244;ng s&#7889; k&#7929; thu&#7853;t<\/a>--><br \/>\n                            <!--                            <\/div>\n<p>-->\n                        <\/p><\/div>\n<\/p><\/div>","protected":false},"excerpt":{"rendered":"<ul>\n<ul>\n<li>Microsoft 365 Apps for Business l\u00e0 m\u1ed9t gi\u1ea3i ph\u00e1p t\u1ed1i \u01b0u \u0111\u1ec3 qu\u1ea3n l\u00fd c\u00f4ng vi\u1ec7c kinh doanh<br \/>\u1ee8ng d\u1ee5ng Office:<br \/>S\u1eed d\u1ee5ng phi\u00ean b\u1ea3n tr\u00ean m\u00e1y t\u00ednh c\u1ee7a Word, Excel, PowerPoint v\u00e0 Outlook.<br \/>C\u00e0i \u0111\u1eb7t \u1ee9ng d\u1ee5ng Microsoft 365 tr\u00ean t\u1ed1i \u0111a n\u0103m thi\u1ebft b\u1ecb di \u0111\u1ed9ng, n\u0103m m\u00e1y t\u00ednh b\u1ea3ng v\u00e0 n\u0103m m\u00e1y t\u00ednh PC ho\u1eb7c Mac cho m\u1ed7i ng\u01b0\u1eddi d\u00f9ng.<\/li>\n<\/ul>\n<\/ul>","protected":false},"featured_media":12305,"comment_status":"closed","ping_status":"closed","template":"","meta":[],"pwb-brand":[],"product_cat":[2917],"product_tag":[],"class_list":{"0":"post-12304","1":"product","2":"type-product","3":"status-publish","4":"has-post-thumbnail","6":"product_cat-microsoft","8":"first","9":"instock","10":"shipping-taxable","11":"product-type-simple"},"brands":[],"_links":{"self":[{"href":"https:\/\/serverhot.vn\/es\/wp-json\/wp\/v2\/product\/12304","targetHints":{"allow":["GET"]}}],"collection":[{"href":"https:\/\/serverhot.vn\/es\/wp-json\/wp\/v2\/product"}],"about":[{"href":"https:\/\/serverhot.vn\/es\/wp-json\/wp\/v2\/types\/product"}],"replies":[{"embeddable":true,"href":"https:\/\/serverhot.vn\/es\/wp-json\/wp\/v2\/comments?post=12304"}],"wp:featuredmedia":[{"embeddable":true,"href":"https:\/\/serverhot.vn\/es\/wp-json\/wp\/v2\/media\/12305"}],"wp:attachment":[{"href":"https:\/\/serverhot.vn\/es\/wp-json\/wp\/v2\/media?parent=12304"}],"wp:term":[{"taxonomy":"pwb-brand","embeddable":true,"href":"https:\/\/serverhot.vn\/es\/wp-json\/wp\/v2\/pwb-brand?post=12304"},{"taxonomy":"product_cat","embeddable":true,"href":"https:\/\/serverhot.vn\/es\/wp-json\/wp\/v2\/product_cat?post=12304"},{"taxonomy":"product_tag","embeddable":true,"href":"https:\/\/serverhot.vn\/es\/wp-json\/wp\/v2\/product_tag?post=12304"}],"curies":[{"name":"wp","href":"https:\/\/api.w.org\/{rel}","templated":true}]}}