{"id":12370,"date":"2024-06-29T17:17:17","date_gmt":"2024-06-29T10:17:17","guid":{"rendered":"https:\/\/serverhot.vn\/product\/uncategorized\/thiet-bi-mang-mikrotik-ccr1072-1g-8s-ma-san-pham-ccr1072-1g-8s\/"},"modified":"2024-06-29T17:17:19","modified_gmt":"2024-06-29T10:17:19","slug":"thiet-bi-mang-mikrotik-ccr1072-1g-8s-ma-san-pham-ccr1072-1g-8s","status":"publish","type":"product","link":"https:\/\/serverhot.vn\/es\/-product-\/thiet-bi-mang-mikrotik-ccr1072-1g-8s-ma-san-pham-ccr1072-1g-8s\/","title":{"rendered":"Thi\u1ebft B\u1ecb M\u1ea1ng Mikrotik CCR1072-1G-8S+ M\u00e3 s\u1ea3n ph\u1ea9m: CCR1072-1G-8S+"},"content":{"rendered":"<div class=\"showText tabs\" id=\"tab2\">\n<div class=\"box_right_pro_view\">\n<div class=\"thongso_pro a_technical\" style=\"max-height: fit-content\">\n<table border=\"1\">\n<tbody>\n<tr>\n<td><span>Manufacturer<\/span><\/td>\n<td>\n<h3>Mikrotik<\/h3>\n<\/td>\n<\/tr>\n<tr>\n<td class=\"xl67\" height=\"16\"><span>Product code<\/span><\/td>\n<td class=\"xl67\"><span>CCR1072-1G-8S+<\/span><\/td>\n<\/tr>\n<tr>\n<td class=\"xl67\" height=\"16\"><span>Architecture<\/span><\/td>\n<td class=\"xl67\"><span>TILE<\/span><\/td>\n<\/tr>\n<tr>\n<td class=\"xl67\" height=\"21\"><span>CPU<\/span><\/td>\n<td class=\"xl67\"><span>TLR4-07280<\/span><\/td>\n<\/tr>\n<tr>\n<td class=\"xl67\" height=\"18\"><span>CPU core count<\/span><\/td>\n<td class=\"xl67\"><span>72<\/span><\/td>\n<\/tr>\n<tr>\n<td class=\"xl68\" height=\"19\"><span>CPU nominal frequency<\/span><\/td>\n<td class=\"xl68\"><span>1 GHz<\/span><\/td>\n<\/tr>\n<tr>\n<td class=\"xl64\" height=\"16\"><span>Dimensions<\/span><\/td>\n<td class=\"xl64\"><span>443x315x44mm<\/span><\/td>\n<\/tr>\n<tr>\n<td class=\"xl64\" height=\"21\"><span>License level<\/span><\/td>\n<td class=\"xl64\"><span>6<\/span><\/td>\n<\/tr>\n<tr>\n<td class=\"xl64\" height=\"19\"><span>Operating System<\/span><\/td>\n<td class=\"xl64\"><span>RouterOS<\/span><\/td>\n<\/tr>\n<tr>\n<td class=\"xl64\" height=\"17\"><span>Size of RAM<\/span><\/td>\n<td class=\"xl65\"><span>16 GB<\/span><\/td>\n<\/tr>\n<tr>\n<td class=\"xl64\" height=\"21\"><span>Storage size<\/span><\/td>\n<td class=\"xl65\"><span>128 MB<\/span><\/td>\n<\/tr>\n<tr>\n<td class=\"xl64\" height=\"21\"><span>Storage type<\/span><\/td>\n<td class=\"xl65\"><span>NAND<\/span><\/td>\n<\/tr>\n<tr>\n<td class=\"xl64\" height=\"21\"><span>Tested ambient temperature<\/span><\/td>\n<td class=\"xl65\"><span>-20\u00b0C to 60\u00b0C<\/span><\/td>\n<\/tr>\n<tr>\n<td class=\"xl73\" colspan=\"2\" height=\"21\"><span>Powering<\/span><\/td>\n<\/tr>\n<tr>\n<td class=\"xl65\" height=\"19\"><span>Number of AC inputs<\/span><\/td>\n<td class=\"xl65\"><span>2<\/span><\/td>\n<\/tr>\n<tr>\n<td class=\"xl64\" height=\"21\"><span>AC input range<\/span><\/td>\n<td class=\"xl64\"><span>100-240<\/span><\/td>\n<\/tr>\n<tr>\n<td class=\"xl66\" height=\"21\"><span>Max power consumption<\/span><\/td>\n<td class=\"xl70\"><span>125 W<\/span><\/td>\n<\/tr>\n<tr>\n<td class=\"xl75\" colspan=\"2\" height=\"18\"><span>Ethernet<\/span><\/td>\n<\/tr>\n<tr>\n<td class=\"xl66\" height=\"18\"><span>10\/100\/1000 Ethernet ports<\/span><\/td>\n<td class=\"xl66\"><span>1<\/span><\/td>\n<\/tr>\n<tr>\n<td class=\"xl75\" colspan=\"2\" height=\"20\"><span>Fiber<\/span><\/td>\n<\/tr>\n<tr>\n<td class=\"xl69\" height=\"17\"><span>SFP+ ports<\/span><\/td>\n<td class=\"xl71\"><span>8<\/span><\/td>\n<\/tr>\n<tr>\n<td class=\"xl66\" colspan=\"2\" height=\"21\"><span>Peripherals<\/span><\/td>\n<\/tr>\n<tr>\n<td class=\"xl69\" height=\"18\"><span>Memory card type<\/span><\/td>\n<td class=\"xl71\"><span>microSD, 2x M.2<\/span><\/td>\n<\/tr>\n<tr>\n<td class=\"xl66\" height=\"18\"><span>Memory Cards<\/span><\/td>\n<td class=\"xl70\"><span>3<\/span><\/td>\n<\/tr>\n<tr>\n<td class=\"xl66\" height=\"16\"><span>Serial port<\/span><\/td>\n<td class=\"xl70\"><span>RJ45<\/span><\/td>\n<\/tr>\n<tr>\n<td class=\"xl66\" height=\"21\"><span>Number of USB ports<\/span><\/td>\n<td class=\"xl66\"><span>2<\/span><\/td>\n<\/tr>\n<tr>\n<td class=\"xl66\" height=\"21\"><span>USB Power Reset<\/span><\/td>\n<td class=\"xl66\"><span>Yes<\/span><\/td>\n<\/tr>\n<tr>\n<td class=\"xl66\" height=\"21\"><span>USB slot type<\/span><\/td>\n<td class=\"xl70\"><span>microUSB type AB; USB type A<\/span><\/td>\n<\/tr>\n<tr>\n<td class=\"xl66\" height=\"21\"><span>Max USB current (A)<\/span><\/td>\n<td class=\"xl66\"><span>1<\/span><\/td>\n<\/tr>\n<tr>\n<td class=\"xl66\" height=\"19\"><span>Smart card slot<\/span><\/td>\n<td class=\"xl70\"><span>Yes<\/span><\/td>\n<\/tr>\n<\/tbody>\n<\/table><\/div>\n<p>                            <!--                            <\/p>\n<div class=\"xemthem_id_r\">--><br \/>\n                            <!--                                <a><!--\/show\/?token=--><br \/>\n                            <!--\"--><br \/>\n                            <!--                                   class=\"preview fancybox fancybox.ajax\" rel=\"nofollow\"&gt;Xem th&#234;m th&#244;ng s&#7889; k&#7929; thu&#7853;t<\/a>--><br \/>\n                            <!--                            <\/div>\n<p>-->\n                        <\/p><\/div>\n<\/p><\/div>","protected":false},"excerpt":{"rendered":"<ul>\n<ul>\n<li style=\"text-align: justify\"><span style=\"font-size: 16px\">\u0110\u01b0\u1ee3c cung c\u1ea5p b\u1edfi CPU Tilera 72, m\u1ed7i l\u00f5i c\u00f3 t\u1ed1c \u0111\u1ed9 1GHz .<\/span><\/li>\n<li style=\"text-align: justify\"><span style=\"font-size: 16px\">\u0110\u01b0\u1ee3c trang b\u1ecb t\u00e1m c\u1ed5ng SFP + 10G \u0111\u01b0\u1ee3c k\u1ebft n\u1ed1i \u0111\u1ed9c l\u1eadp v\u00e0 c\u1ed5ng Ethernet \u0111\u01a1n cho m\u1ee5c \u0111\u00edch qu\u1ea3n l\u00fd .<\/span><\/li>\n<li style=\"text-align: justify\"><span style=\"font-size: 16px\">\u0110\u01b0\u1ee3c trang b\u1ecb RouterOS L6 \u0111\u00e3 c\u00e0i \u0111\u1eb7t, 16GB RAM ECC t\u00edch h\u1ee3p, m\u00e0n h\u00ecnh LCD m\u00e0u m\u00e0n h\u00ecnh c\u1ea3m \u1ee9ng .<\/span><\/li>\n<li style=\"text-align: justify\"><span style=\"font-size: 16px\">Hai b\u1ed9 ngu\u1ed3n (hotplug) khe c\u1eafm th\u1ebb th\u00f4ng minh, microUSB, khe c\u1eafm USB th\u00f4ng th\u01b0\u1eddng, khe c\u1eafm USB v\u00e0 2x M.2 \u0111\u1ec3 l\u01b0u tr\u1eef th\u00eam .<\/span><\/li>\n<\/ul>\n<\/ul>","protected":false},"featured_media":12371,"comment_status":"closed","ping_status":"closed","template":"","meta":[],"pwb-brand":[],"product_cat":[2899],"product_tag":[25],"class_list":{"0":"post-12370","1":"product","2":"type-product","3":"status-publish","4":"has-post-thumbnail","6":"product_cat-mikrotik","7":"product_tag-man","9":"first","10":"instock","11":"shipping-taxable","12":"product-type-simple"},"brands":[],"_links":{"self":[{"href":"https:\/\/serverhot.vn\/es\/wp-json\/wp\/v2\/product\/12370","targetHints":{"allow":["GET"]}}],"collection":[{"href":"https:\/\/serverhot.vn\/es\/wp-json\/wp\/v2\/product"}],"about":[{"href":"https:\/\/serverhot.vn\/es\/wp-json\/wp\/v2\/types\/product"}],"replies":[{"embeddable":true,"href":"https:\/\/serverhot.vn\/es\/wp-json\/wp\/v2\/comments?post=12370"}],"wp:featuredmedia":[{"embeddable":true,"href":"https:\/\/serverhot.vn\/es\/wp-json\/wp\/v2\/media\/12371"}],"wp:attachment":[{"href":"https:\/\/serverhot.vn\/es\/wp-json\/wp\/v2\/media?parent=12370"}],"wp:term":[{"taxonomy":"pwb-brand","embeddable":true,"href":"https:\/\/serverhot.vn\/es\/wp-json\/wp\/v2\/pwb-brand?post=12370"},{"taxonomy":"product_cat","embeddable":true,"href":"https:\/\/serverhot.vn\/es\/wp-json\/wp\/v2\/product_cat?post=12370"},{"taxonomy":"product_tag","embeddable":true,"href":"https:\/\/serverhot.vn\/es\/wp-json\/wp\/v2\/product_tag?post=12370"}],"curies":[{"name":"wp","href":"https:\/\/api.w.org\/{rel}","templated":true}]}}