{"id":12575,"date":"2024-06-29T17:52:10","date_gmt":"2024-06-29T10:52:10","guid":{"rendered":"https:\/\/serverhot.vn\/product\/uncategorized\/card-man-hinh-vga-gigabyte-geforce-gtx-1660-oc-6gb-gv-n1660oc-6gd-ma-san-pham-gv-n1660oc-6gd\/"},"modified":"2024-06-29T17:52:11","modified_gmt":"2024-06-29T10:52:11","slug":"card-man-hinh-vga-gigabyte-geforce-gtx-1660-oc-6gb-gv-n1660oc-6gd-ma-san-pham-gv-n1660oc-6gd","status":"publish","type":"product","link":"https:\/\/serverhot.vn\/es\/-product-\/card-man-hinh-vga-gigabyte-geforce-gtx-1660-oc-6gb-gv-n1660oc-6gd-ma-san-pham-gv-n1660oc-6gd\/","title":{"rendered":"Card M\u00e0n H\u00ecnh VGA Gigabyte GeForce GTX 1660 OC 6GB GV-N1660OC-6GD M\u00e3 s\u1ea3n ph\u1ea9m: GV-N1660OC-6GD"},"content":{"rendered":"<div class=\"showText tabs\" id=\"tab2\">\n<div class=\"box_right_pro_view\">\n<div class=\"thongso_pro a_technical\" style=\"max-height: fit-content\">\n<ul class=\"display-table\">\n<li class=\"display-table-row black\">\n<div class=\"display-table-cell item\">\n<div class=\"specText\">Chipset<\/div>\n<\/div>\n<div class=\"display-table-cell\">\n<div class=\"specText\">\n<div>GeForce\u00ae GTX 1660<\/div>\n<\/div>\n<\/div>\n<\/li>\n<li class=\"display-table-row black\">\n<div class=\"display-table-cell item\">\n<div class=\"specText\">Core Clock<\/div>\n<\/div>\n<div class=\"display-table-cell\">\n<div class=\"specText\">\n<div>1830 MHz (Reference Card: 1785 MHz)<\/div>\n<\/div>\n<\/div>\n<\/li>\n<li class=\"display-table-row black\">\n<div class=\"display-table-cell item\">\n<div class=\"specText\">CUDA\u00ae Cores<\/div>\n<\/div>\n<div class=\"display-table-cell\">\n<div class=\"specText\">\n<div>1408<\/div>\n<\/div>\n<\/div>\n<\/li>\n<li class=\"display-table-row black\">\n<div class=\"display-table-cell item\">\n<div class=\"specText\">Memory Clock<\/div>\n<\/div>\n<div class=\"display-table-cell\">\n<div class=\"specText\">\n<div>8002 MHz<\/div>\n<\/div>\n<\/div>\n<\/li>\n<li class=\"display-table-row black\">\n<div class=\"display-table-cell item\">\n<div class=\"specText\">Memory Size<\/div>\n<\/div>\n<div class=\"display-table-cell\">\n<div class=\"specText\">\n<div>6 GB<\/div>\n<\/div>\n<\/div>\n<\/li>\n<li class=\"display-table-row black\">\n<div class=\"display-table-cell item\">\n<div class=\"specText\">Memory Type<\/div>\n<\/div>\n<div class=\"display-table-cell\">\n<div class=\"specText\">\n<div>GDDR5<\/div>\n<\/div>\n<\/div>\n<\/li>\n<li class=\"display-table-row black\">\n<div class=\"display-table-cell item\">\n<div class=\"specText\">Memory Bus<\/div>\n<\/div>\n<div class=\"display-table-cell\">\n<div class=\"specText\">\n<div>192 bit<\/div>\n<\/div>\n<\/div>\n<\/li>\n<li class=\"display-table-row black\">\n<div class=\"display-table-cell item\">\n<div class=\"specText\">Memory Bandwidth (GB\/sec)<\/div>\n<\/div>\n<div class=\"display-table-cell\">\n<div class=\"specText\">\n<div>192 GB\/s<\/div>\n<\/div>\n<\/div>\n<\/li>\n<li class=\"display-table-row black\">\n<div class=\"display-table-cell item\">\n<div class=\"specText\">Card Bus<\/div>\n<\/div>\n<div class=\"display-table-cell\">\n<div class=\"specText\">\n<div>PCI-E 3.0 x 16<\/div>\n<\/div>\n<\/div>\n<\/li>\n<li class=\"display-table-row black\">\n<div class=\"display-table-cell item\">\n<div class=\"specText\">Digital max resolution<\/div>\n<\/div>\n<div class=\"display-table-cell\">\n<div class=\"specText\">\n<div>7680&#215;4320@60Hz<\/div>\n<\/div>\n<\/div>\n<\/li>\n<li class=\"display-table-row black\">\n<div class=\"display-table-cell item\">\n<div class=\"specText\">Multi-view<\/div>\n<\/div>\n<div class=\"display-table-cell\">\n<div class=\"specText\">\n<div>4<\/div>\n<\/div>\n<\/div>\n<\/li>\n<li class=\"display-table-row black\">\n<div class=\"display-table-cell item\">\n<div class=\"specText\">Card size<\/div>\n<\/div>\n<div class=\"display-table-cell\">\n<div class=\"specText\">\n<div>L=224 W=121 H=40 mm<\/div>\n<\/div>\n<\/div>\n<\/li>\n<li class=\"display-table-row black\">\n<div class=\"display-table-cell item\">\n<div class=\"specText\">PCB Form<\/div>\n<\/div>\n<div class=\"display-table-cell\">\n<div class=\"specText\">\n<div>ATX<\/div>\n<\/div>\n<\/div>\n<\/li>\n<li class=\"display-table-row black\">\n<div class=\"display-table-cell item\">\n<div class=\"specText\">DirectX<\/div>\n<\/div>\n<div class=\"display-table-cell\">\n<div class=\"specText\">\n<div>12<\/div>\n<\/div>\n<\/div>\n<\/li>\n<li class=\"display-table-row black\">\n<div class=\"display-table-cell item\">\n<div class=\"specText\">OpenGL<\/div>\n<\/div>\n<div class=\"display-table-cell\">\n<div class=\"specText\">\n<div>4.6<\/div>\n<\/div>\n<\/div>\n<\/li>\n<li class=\"display-table-row black\">\n<div class=\"display-table-cell item\">\n<div class=\"specText\">Power requirement<\/div>\n<\/div>\n<div class=\"display-table-cell\">\n<div class=\"specText\">\n<div>450W<\/div>\n<\/div>\n<\/div>\n<\/li>\n<li class=\"display-table-row black\">\n<div class=\"display-table-cell item\">\n<div class=\"specText\">Power Connectors<\/div>\n<\/div>\n<div class=\"display-table-cell\">\n<div class=\"specText\">\n<div>8 Pin*1<\/div>\n<\/div>\n<\/div>\n<\/li>\n<li class=\"display-table-row black\">\n<div class=\"display-table-cell item\">\n<div class=\"specText\">Output<\/div>\n<\/div>\n<div class=\"display-table-cell\">\n<div class=\"specText\">\n<div>DisplayPort 1.4 *3<br \/>HDMI 2.0b *1<\/div>\n<\/div>\n<\/div>\n<\/li>\n<li class=\"display-table-row black\">\n<div class=\"display-table-cell item\">\n<div class=\"specText\">SLI support<\/div>\n<\/div>\n<div class=\"display-table-cell\">\n<div class=\"specText\">\n<div>No<\/div>\n<\/div>\n<\/div>\n<\/li>\n<\/ul><\/div>\n<p>                            <!--                            <\/p>\n<div class=\"xemthem_id_r\">--><br \/>\n                            <!--                                <a><!--\/show\/?token=--><br \/>\n                            <!--\"--><br \/>\n                            <!--                                   class=\"preview fancybox fancybox.ajax\" rel=\"nofollow\"&gt;Xem th&#234;m th&#244;ng s&#7889; k&#7929; thu&#7853;t<\/a>--><br \/>\n                            <!--                            <\/div>\n<p>-->\n                        <\/p><\/div>\n<\/p><\/div>","protected":false},"excerpt":{"rendered":"<ul>\n<p><span style=\"font-family: 'Open Sans', 'Lucida Grande', 'Lucida Sans Unicode', Arial, Helvetica, Verdana, sans-serif;font-size: 12px;background-color: #ffffff\">Gigabyte GeForce GTX 1660 OC 6GB (GV-N1660OC-6GD)<\/span><br style=\"font-family: 'Open Sans', 'Lucida Grande', 'Lucida Sans Unicode', Arial, Helvetica, Verdana, sans-serif;font-size: 12px;background-color: #ffffff\"><span style=\"font-family: 'Open Sans', 'Lucida Grande', 'Lucida Sans Unicode', Arial, Helvetica, Verdana, sans-serif;font-size: 12px;background-color: #ffffff\">&#8211; Dung l\u01b0\u1ee3ng b\u1ed9 nh\u1edb: 6GB GDDR5<\/span><br style=\"font-family: 'Open Sans', 'Lucida Grande', 'Lucida Sans Unicode', Arial, Helvetica, Verdana, sans-serif;font-size: 12px;background-color: #ffffff\"><span style=\"font-family: 'Open Sans', 'Lucida Grande', 'Lucida Sans Unicode', Arial, Helvetica, Verdana, sans-serif;font-size: 12px;background-color: #ffffff\">&#8211; Core clock: 1830 MHz<\/span><br style=\"font-family: 'Open Sans', 'Lucida Grande', 'Lucida Sans Unicode', Arial, Helvetica, Verdana, sans-serif;font-size: 12px;background-color: #ffffff\"><span style=\"font-family: 'Open Sans', 'Lucida Grande', 'Lucida Sans Unicode', Arial, Helvetica, Verdana, sans-serif;font-size: 12px;background-color: #ffffff\">&#8211; B\u0103ng th\u00f4ng: 192-bit<\/span><br style=\"font-family: 'Open Sans', 'Lucida Grande', 'Lucida Sans Unicode', Arial, Helvetica, Verdana, sans-serif;font-size: 12px;background-color: #ffffff\"><span style=\"font-family: 'Open Sans', 'Lucida Grande', 'Lucida Sans Unicode', Arial, Helvetica, Verdana, sans-serif;font-size: 12px;background-color: #ffffff\">&#8211; K\u1ebft n\u1ed1i: DisplayPort 1.4 *3, HDMI 2.0b *1<\/span><br style=\"font-family: 'Open Sans', 'Lucida Grande', 'Lucida Sans Unicode', Arial, Helvetica, Verdana, sans-serif;font-size: 12px;background-color: #ffffff\"><span style=\"font-family: 'Open Sans', 'Lucida Grande', 'Lucida Sans Unicode', Arial, Helvetica, Verdana, sans-serif;font-size: 12px;background-color: #ffffff\">&#8211; Ngu\u1ed3n y\u00eau c\u1ea7u: 450W<\/span><\/p>\n<\/ul>","protected":false},"featured_media":12576,"comment_status":"closed","ping_status":"closed","template":"","meta":[],"pwb-brand":[],"product_cat":[2914],"product_tag":[],"class_list":{"0":"post-12575","1":"product","2":"type-product","3":"status-publish","4":"has-post-thumbnail","6":"product_cat-vga-card-man-hinh","8":"first","9":"instock","10":"shipping-taxable","11":"product-type-simple"},"brands":[],"_links":{"self":[{"href":"https:\/\/serverhot.vn\/es\/wp-json\/wp\/v2\/product\/12575","targetHints":{"allow":["GET"]}}],"collection":[{"href":"https:\/\/serverhot.vn\/es\/wp-json\/wp\/v2\/product"}],"about":[{"href":"https:\/\/serverhot.vn\/es\/wp-json\/wp\/v2\/types\/product"}],"replies":[{"embeddable":true,"href":"https:\/\/serverhot.vn\/es\/wp-json\/wp\/v2\/comments?post=12575"}],"wp:featuredmedia":[{"embeddable":true,"href":"https:\/\/serverhot.vn\/es\/wp-json\/wp\/v2\/media\/12576"}],"wp:attachment":[{"href":"https:\/\/serverhot.vn\/es\/wp-json\/wp\/v2\/media?parent=12575"}],"wp:term":[{"taxonomy":"pwb-brand","embeddable":true,"href":"https:\/\/serverhot.vn\/es\/wp-json\/wp\/v2\/pwb-brand?post=12575"},{"taxonomy":"product_cat","embeddable":true,"href":"https:\/\/serverhot.vn\/es\/wp-json\/wp\/v2\/product_cat?post=12575"},{"taxonomy":"product_tag","embeddable":true,"href":"https:\/\/serverhot.vn\/es\/wp-json\/wp\/v2\/product_tag?post=12575"}],"curies":[{"name":"wp","href":"https:\/\/api.w.org\/{rel}","templated":true}]}}