{"id":12999,"date":"2024-06-29T18:58:59","date_gmt":"2024-06-29T11:58:59","guid":{"rendered":"https:\/\/serverhot.vn\/product\/uncategorized\/tu-rack-hnr-36u-d1000-ma-san-pham-hnr-36u1000\/"},"modified":"2024-06-29T18:59:03","modified_gmt":"2024-06-29T11:59:03","slug":"tu-rack-hnr-36u-d1000-ma-san-pham-hnr-36u1000","status":"publish","type":"product","link":"https:\/\/serverhot.vn\/es\/-product-\/tu-rack-hnr-36u-d1000-ma-san-pham-hnr-36u1000\/","title":{"rendered":"T\u1ee7 Rack HNR 36U-D1000 M\u00e3 s\u1ea3n ph\u1ea9m: HNR-36U1000"},"content":{"rendered":"<div class=\"showText tabs\" id=\"tab2\">\n                                    <\/div>","protected":false},"excerpt":{"rendered":"<ul>\n<p>\u2022 K\u00edch th\u01b0\u1edbc: H1800*W600*D1000 (mm)<\/p>\n<p>\u2022 04 b\u00e1nh xe \u0111i\u1ec1u h\u01b0\u1edbng, 04 ch\u00e2n t\u0103ng c\u1ed1 \u0111\u1ecbnh<\/p>\n<p>\u2022 04 qu\u1ea1t th\u00f4ng gi\u00f3 c\u00f4ng su\u1ea5t 24W<\/p>\n<p>\u2022 01 \u1ed5 c\u1eafm 6 ch\u1ea5u<\/p>\n<\/ul>","protected":false},"featured_media":13000,"comment_status":"closed","ping_status":"closed","template":"","meta":[],"pwb-brand":[],"product_cat":[2915],"product_tag":[],"class_list":{"0":"post-12999","1":"product","2":"type-product","3":"status-publish","4":"has-post-thumbnail","6":"product_cat-tu-rack","8":"first","9":"instock","10":"shipping-taxable","11":"product-type-simple"},"brands":[],"_links":{"self":[{"href":"https:\/\/serverhot.vn\/es\/wp-json\/wp\/v2\/product\/12999","targetHints":{"allow":["GET"]}}],"collection":[{"href":"https:\/\/serverhot.vn\/es\/wp-json\/wp\/v2\/product"}],"about":[{"href":"https:\/\/serverhot.vn\/es\/wp-json\/wp\/v2\/types\/product"}],"replies":[{"embeddable":true,"href":"https:\/\/serverhot.vn\/es\/wp-json\/wp\/v2\/comments?post=12999"}],"wp:featuredmedia":[{"embeddable":true,"href":"https:\/\/serverhot.vn\/es\/wp-json\/wp\/v2\/media\/13000"}],"wp:attachment":[{"href":"https:\/\/serverhot.vn\/es\/wp-json\/wp\/v2\/media?parent=12999"}],"wp:term":[{"taxonomy":"pwb-brand","embeddable":true,"href":"https:\/\/serverhot.vn\/es\/wp-json\/wp\/v2\/pwb-brand?post=12999"},{"taxonomy":"product_cat","embeddable":true,"href":"https:\/\/serverhot.vn\/es\/wp-json\/wp\/v2\/product_cat?post=12999"},{"taxonomy":"product_tag","embeddable":true,"href":"https:\/\/serverhot.vn\/es\/wp-json\/wp\/v2\/product_tag?post=12999"}],"curies":[{"name":"wp","href":"https:\/\/api.w.org\/{rel}","templated":true}]}}