{"id":13135,"date":"2024-06-29T19:16:08","date_gmt":"2024-06-29T12:16:08","guid":{"rendered":"https:\/\/serverhot.vn\/product\/uncategorized\/tu-rack-hnr-42u-d1000-ma-san-pham-hnr-42ud1000\/"},"modified":"2024-06-29T19:16:10","modified_gmt":"2024-06-29T12:16:10","slug":"tu-rack-hnr-42u-d1000-ma-san-pham-hnr-42ud1000","status":"publish","type":"product","link":"https:\/\/serverhot.vn\/es\/-product-\/tu-rack-hnr-42u-d1000-ma-san-pham-hnr-42ud1000\/","title":{"rendered":"T\u1ee7 Rack HNR 42U-D1000 M\u00e3 s\u1ea3n ph\u1ea9m: HNR-42UD1000"},"content":{"rendered":"<div class=\"showText tabs\" id=\"tab2\">\n                                    <\/div>","protected":false},"excerpt":{"rendered":"<ul>\n<ul>\n<li><span style=\"letter-spacing: 0.266667px\">* K\u00edch th\u01b0\u1edbc H2065 x W600 x D1000<\/span><\/li>\n<li><span style=\"letter-spacing: 0.266667px\">* T\u1ee7 l\u00e0m b\u1eb1ng th\u00e9p t\u1ea5m CT3 d\u00e0y 0.8-1.5mm, s\u01a1n t\u0129nh \u0111i\u1ec7n ch\u1ed1ng g\u1ec9 100%.<\/span><\/li>\n<li><span style=\"letter-spacing: 0.266667px\">* 02 qu\u1ea1t gi\u00f3, 01 \u1ed5 c\u1eafm 6 ch\u1ea5u.<\/span><\/li>\n<li><span style=\"letter-spacing: 0.266667px\">* K\u1ebft c\u1ea5u th\u00e1o r\u1eddi, d\u1ec5 d\u00e0ng th\u00e1o l\u1eafp.<\/span><\/li>\n<li><span style=\"letter-spacing: 0.266667px\">* C\u00e1nh c\u1eeda l\u01b0\u1edbi\u00a0 gi\u00fap quan s\u00e1t thi\u1ebft b\u1ecb b\u00ean trong.<\/span><\/li>\n<li><span style=\"letter-spacing: 0.266667px\">* H\u1ec7 th\u1ed1ng b\u00e1nh xe v\u00e0 ch\u00e2n t\u0103ng gi\u00fap d\u1ec5 d\u00e0ng di chuy\u1ec3n v\u00e0 c\u1ed1 \u0111\u1ecbnh t\u1ee7.<\/span><\/li>\n<\/ul>\n<\/ul>","protected":false},"featured_media":13136,"comment_status":"closed","ping_status":"closed","template":"","meta":[],"pwb-brand":[],"product_cat":[2915],"product_tag":[],"class_list":{"0":"post-13135","1":"product","2":"type-product","3":"status-publish","4":"has-post-thumbnail","6":"product_cat-tu-rack","8":"first","9":"instock","10":"shipping-taxable","11":"product-type-simple"},"brands":[],"_links":{"self":[{"href":"https:\/\/serverhot.vn\/es\/wp-json\/wp\/v2\/product\/13135","targetHints":{"allow":["GET"]}}],"collection":[{"href":"https:\/\/serverhot.vn\/es\/wp-json\/wp\/v2\/product"}],"about":[{"href":"https:\/\/serverhot.vn\/es\/wp-json\/wp\/v2\/types\/product"}],"replies":[{"embeddable":true,"href":"https:\/\/serverhot.vn\/es\/wp-json\/wp\/v2\/comments?post=13135"}],"wp:featuredmedia":[{"embeddable":true,"href":"https:\/\/serverhot.vn\/es\/wp-json\/wp\/v2\/media\/13136"}],"wp:attachment":[{"href":"https:\/\/serverhot.vn\/es\/wp-json\/wp\/v2\/media?parent=13135"}],"wp:term":[{"taxonomy":"pwb-brand","embeddable":true,"href":"https:\/\/serverhot.vn\/es\/wp-json\/wp\/v2\/pwb-brand?post=13135"},{"taxonomy":"product_cat","embeddable":true,"href":"https:\/\/serverhot.vn\/es\/wp-json\/wp\/v2\/product_cat?post=13135"},{"taxonomy":"product_tag","embeddable":true,"href":"https:\/\/serverhot.vn\/es\/wp-json\/wp\/v2\/product_tag?post=13135"}],"curies":[{"name":"wp","href":"https:\/\/api.w.org\/{rel}","templated":true}]}}