{"id":13225,"date":"2024-06-29T19:27:17","date_gmt":"2024-06-29T12:27:17","guid":{"rendered":"https:\/\/serverhot.vn\/product\/uncategorized\/thiet-bi-tuong-lua-firewall-fpr1140-ngfw-k9-cisco-firepower-1140-ngfw-appliance-1u-ma-san-pham-fpr1140-ngfw-k9\/"},"modified":"2024-06-29T19:27:18","modified_gmt":"2024-06-29T12:27:18","slug":"thiet-bi-tuong-lua-firewall-fpr1140-ngfw-k9-cisco-firepower-1140-ngfw-appliance-1u-ma-san-pham-fpr1140-ngfw-k9","status":"publish","type":"product","link":"https:\/\/serverhot.vn\/es\/-product-\/thiet-bi-tuong-lua-firewall-fpr1140-ngfw-k9-cisco-firepower-1140-ngfw-appliance-1u-ma-san-pham-fpr1140-ngfw-k9\/","title":{"rendered":"Thi\u1ebft B\u1ecb T\u01b0\u1eddng L\u1eeda Firewall FPR1140-NGFW-K9 Cisco Firepower 1140 NGFW Appliance, 1U M\u00e3 s\u1ea3n ph\u1ea9m: FPR1140-NGFW-K9"},"content":{"rendered":"<div class=\"showText tabs\" id=\"tab2\">\n<div class=\"box_right_pro_view\">\n<div class=\"thongso_pro a_technical\" style=\"max-height: fit-content\">\n<table border=\"1\" cellspacing=\"0\" cellpadding=\"0\">\n<tbody>\n<tr>\n<td valign=\"top\" width=\"284\">\n<p><strong>Model<\/strong><\/p>\n<\/td>\n<td valign=\"top\" width=\"284\">\n<p>FPR1140-NGFW-K9<\/p>\n<\/td>\n<\/tr>\n<tr>\n<td valign=\"top\" width=\"284\">\n<p><strong>NGFW<\/strong><\/p>\n<\/td>\n<td valign=\"top\" width=\"284\">\n<p>2.2 Gbps<\/p>\n<\/td>\n<\/tr>\n<tr>\n<td valign=\"top\" width=\"284\">\n<p><strong>Next-Generation Intrusion Prevention System (NGIPS)<\/strong><\/p>\n<\/td>\n<td valign=\"top\" width=\"284\">\n<p>2.2 Gbps<\/p>\n<\/td>\n<\/tr>\n<tr>\n<td valign=\"top\" width=\"284\">\n<p><strong>Interfaces<\/strong><\/p>\n<\/td>\n<td valign=\"top\" width=\"284\">\n<p>8 x RJ45, 4 x SFP<\/p>\n<\/td>\n<\/tr>\n<tr>\n<td valign=\"top\" width=\"284\">\n<p><strong>Form factor (rack units)<\/strong><\/p>\n<\/td>\n<td valign=\"top\" width=\"284\">\n<p>1RU<\/p>\n<\/td>\n<\/tr>\n<tr>\n<td valign=\"top\" width=\"284\">\n<p><strong>Dimensions (H x W x D)<\/strong><\/p>\n<\/td>\n<td valign=\"top\" width=\"284\">\n<p>1.72 x 17.2 x 10.58 in.<\/p>\n<\/td>\n<\/tr>\n<\/tbody>\n<\/table><\/div>\n<p>                            <!--                            <\/p>\n<div class=\"xemthem_id_r\">--><br \/>\n                            <!--                                <a><!--\/show\/?token=--><br \/>\n                            <!--\"--><br \/>\n                            <!--                                   class=\"preview fancybox fancybox.ajax\" rel=\"nofollow\"&gt;Xem th&#234;m th&#244;ng s&#7889; k&#7929; thu&#7853;t<\/a>--><br \/>\n                            <!--                            <\/div>\n<p>-->\n                        <\/p><\/div>\n<\/p><\/div>","protected":false},"excerpt":{"rendered":"<ul>\n<ul>\n<li><span style=\"color: #555555;font-family: Roboto, Helvetica, Arial, sans-serif;font-size: 13.5px\">FPR1140-NGFW-K9 l\u00e0 Thi\u1ebft b\u1ecb Cisco Firepower 1140 NGFW, v\u1edbi giao di\u1ec7n 8 x RJ45, 4 x SFP. <\/span><\/li>\n<li><span style=\"color: #555555;font-family: Roboto, Helvetica, Arial, sans-serif;font-size: 13.5px\">Cisco Firepower 1000 Series l\u00e0 m\u1ed9t nh\u00f3m g\u1ed3m ba n\u1ec1n t\u1ea3ng b\u1ea3o m\u1eadt T\u01b0\u1eddng l\u1eeda th\u1ebf h\u1ec7 ti\u1ebfp theo (NGFW) t\u1eadp trung v\u00e0o m\u1ed1i \u0111e d\u1ecda, mang l\u1ea1i kh\u1ea3 n\u0103ng ph\u1ee5c h\u1ed3i kinh doanh th\u00f4ng qua kh\u1ea3 n\u0103ng ph\u00f2ng th\u1ee7 m\u1ed1i \u0111e d\u1ecda v\u01b0\u1ee3t tr\u1ed9i. <\/span><\/li>\n<li><span style=\"color: #555555;font-family: Roboto, Helvetica, Arial, sans-serif;font-size: 13.5px\">N\u00f3 cung c\u1ea5p hi\u1ec7u su\u1ea5t duy tr\u00ec \u0111\u1eb7c bi\u1ec7t khi c\u00e1c ch\u1ee9c n\u0103ng \u0111e d\u1ecda n\u00e2ng cao \u0111\u01b0\u1ee3c k\u00edch ho\u1ea1t. <\/span><\/li>\n<li><span style=\"color: #555555;font-family: Roboto, Helvetica, Arial, sans-serif;font-size: 13.5px\">\u0110\u1ecba ch\u1ec9 ph\u1ea1m vi th\u00f4ng l\u01b0\u1ee3ng 1000 Series, s\u1eed d\u1ee5ng c\u00e1c tr\u01b0\u1eddng h\u1ee3p t\u1eeb v\u0103n ph\u00f2ng nh\u1ecf, v\u0103n ph\u00f2ng t\u1ea1i nh\u00e0, v\u0103n ph\u00f2ng chi nh\u00e1nh t\u1eeb xa \u0111\u1ebfn c\u1ea1nh Internet. <\/span><\/li>\n<li><span style=\"color: #555555;font-family: Roboto, Helvetica, Arial, sans-serif;font-size: 13.5px\">C\u00e1c n\u1ec1n t\u1ea3ng 1000 Series ch\u1ea1y Cisco Firepower Threat Defense (FTD).<\/span><\/li>\n<\/ul>\n<\/ul>","protected":false},"featured_media":13226,"comment_status":"closed","ping_status":"closed","template":"","meta":[],"pwb-brand":[],"product_cat":[2893],"product_tag":[2847,2856,25,55],"class_list":{"0":"post-13225","1":"product","2":"type-product","3":"status-publish","4":"has-post-thumbnail","6":"product_cat-cisco","7":"product_tag-cisco","8":"product_tag-firewall","9":"product_tag-man","10":"product_tag-run","12":"first","13":"instock","14":"shipping-taxable","15":"product-type-simple"},"brands":[],"_links":{"self":[{"href":"https:\/\/serverhot.vn\/es\/wp-json\/wp\/v2\/product\/13225","targetHints":{"allow":["GET"]}}],"collection":[{"href":"https:\/\/serverhot.vn\/es\/wp-json\/wp\/v2\/product"}],"about":[{"href":"https:\/\/serverhot.vn\/es\/wp-json\/wp\/v2\/types\/product"}],"replies":[{"embeddable":true,"href":"https:\/\/serverhot.vn\/es\/wp-json\/wp\/v2\/comments?post=13225"}],"wp:featuredmedia":[{"embeddable":true,"href":"https:\/\/serverhot.vn\/es\/wp-json\/wp\/v2\/media\/13226"}],"wp:attachment":[{"href":"https:\/\/serverhot.vn\/es\/wp-json\/wp\/v2\/media?parent=13225"}],"wp:term":[{"taxonomy":"pwb-brand","embeddable":true,"href":"https:\/\/serverhot.vn\/es\/wp-json\/wp\/v2\/pwb-brand?post=13225"},{"taxonomy":"product_cat","embeddable":true,"href":"https:\/\/serverhot.vn\/es\/wp-json\/wp\/v2\/product_cat?post=13225"},{"taxonomy":"product_tag","embeddable":true,"href":"https:\/\/serverhot.vn\/es\/wp-json\/wp\/v2\/product_tag?post=13225"}],"curies":[{"name":"wp","href":"https:\/\/api.w.org\/{rel}","templated":true}]}}