{"id":13305,"date":"2024-06-29T19:37:11","date_gmt":"2024-06-29T12:37:11","guid":{"rendered":"https:\/\/serverhot.vn\/product\/uncategorized\/man-hinh-may-tinh-32-inch-full-hd-voi-loa-tich-hop-va3209-mh-ma-san-pham-va3209-mh\/"},"modified":"2024-06-29T19:37:12","modified_gmt":"2024-06-29T12:37:12","slug":"man-hinh-may-tinh-32-inch-full-hd-voi-loa-tich-hop-va3209-mh-ma-san-pham-va3209-mh","status":"publish","type":"product","link":"https:\/\/serverhot.vn\/es\/-product-\/man-hinh-may-tinh-32-inch-full-hd-voi-loa-tich-hop-va3209-mh-ma-san-pham-va3209-mh\/","title":{"rendered":"M\u00e0n h\u00ecnh m\u00e1y t\u00ednh 32 inch Full HD v\u1edbi Loa t\u00edch h\u1ee3p VA3209-MH M\u00e3 s\u1ea3n ph\u1ea9m: VA3209-MH"},"content":{"rendered":"<div class=\"showText tabs\" id=\"tab2\">\n                                    <\/div>","protected":false},"excerpt":{"rendered":"<ul>\n<p>C\u00f4ng ngh\u1ec7 SuperClear\u00ae IPS<\/p>\n<p>\u0110\u1ed9 ph\u00e2n gi\u1ea3i Full HD 1080p<\/p>\n<p>Thi\u1ebft k\u1ebf 3 c\u1ea1nh kh\u00f4ng vi\u1ec1n<\/p>\n<p>T\u1ea7n s\u1ed1 qu\u00e9t 75Hz v\u1edbi c\u00f4ng ngh\u1ec7 Variable Refresh Rate gi\u00fap lo\u1ea1i b\u1ecf hi\u1ec7n t\u01b0\u1ee3ng x\u00e9 h\u00ecnh<\/p>\n<p>C\u00f4ng ngh\u1ec7 b\u1ea3o v\u1ec7 m\u1eaft cho th\u1eddi gian s\u1eed d\u1ee5ng d\u00e0i<\/p>\n<p>M\u00e0n h\u00ecnh th\u01b0\u01a1ng hi\u1ec7u M\u1ef9, B\u1ea3o h\u00e0nh 3 n\u0103m ch\u00ednh h\u00e3ng t\u1ea1i Vi\u1ec7t Nam<\/p>\n<\/ul>","protected":false},"featured_media":13306,"comment_status":"closed","ping_status":"closed","template":"","meta":[],"pwb-brand":[],"product_cat":[2909],"product_tag":[],"class_list":{"0":"post-13305","1":"product","2":"type-product","3":"status-publish","4":"has-post-thumbnail","6":"product_cat-man-hinh-may-tinh","8":"first","9":"instock","10":"shipping-taxable","11":"product-type-simple"},"brands":[],"_links":{"self":[{"href":"https:\/\/serverhot.vn\/es\/wp-json\/wp\/v2\/product\/13305","targetHints":{"allow":["GET"]}}],"collection":[{"href":"https:\/\/serverhot.vn\/es\/wp-json\/wp\/v2\/product"}],"about":[{"href":"https:\/\/serverhot.vn\/es\/wp-json\/wp\/v2\/types\/product"}],"replies":[{"embeddable":true,"href":"https:\/\/serverhot.vn\/es\/wp-json\/wp\/v2\/comments?post=13305"}],"wp:featuredmedia":[{"embeddable":true,"href":"https:\/\/serverhot.vn\/es\/wp-json\/wp\/v2\/media\/13306"}],"wp:attachment":[{"href":"https:\/\/serverhot.vn\/es\/wp-json\/wp\/v2\/media?parent=13305"}],"wp:term":[{"taxonomy":"pwb-brand","embeddable":true,"href":"https:\/\/serverhot.vn\/es\/wp-json\/wp\/v2\/pwb-brand?post=13305"},{"taxonomy":"product_cat","embeddable":true,"href":"https:\/\/serverhot.vn\/es\/wp-json\/wp\/v2\/product_cat?post=13305"},{"taxonomy":"product_tag","embeddable":true,"href":"https:\/\/serverhot.vn\/es\/wp-json\/wp\/v2\/product_tag?post=13305"}],"curies":[{"name":"wp","href":"https:\/\/api.w.org\/{rel}","templated":true}]}}