{"id":13307,"date":"2024-06-29T19:38:03","date_gmt":"2024-06-29T12:38:03","guid":{"rendered":"https:\/\/serverhot.vn\/product\/uncategorized\/man-hinh-may-tinh-viewsonic-vx2780-2k-shdj-27-inch-2k-ips-ma-san-pham-vx2780-2k-shdj\/"},"modified":"2024-06-29T19:38:04","modified_gmt":"2024-06-29T12:38:04","slug":"man-hinh-may-tinh-viewsonic-vx2780-2k-shdj-27-inch-2k-ips-ma-san-pham-vx2780-2k-shdj","status":"publish","type":"product","link":"https:\/\/serverhot.vn\/es\/-product-\/man-hinh-may-tinh-viewsonic-vx2780-2k-shdj-27-inch-2k-ips-ma-san-pham-vx2780-2k-shdj\/","title":{"rendered":"M\u00e0n h\u00ecnh m\u00e1y t\u00ednh ViewSonic VX2780-2K-SHDJ 27 inch 2K IPS M\u00e3 s\u1ea3n ph\u1ea9m: VX2780-2K-SHDJ"},"content":{"rendered":"<div class=\"showText tabs\" id=\"tab2\">\n                                    <\/div>","protected":false},"excerpt":{"rendered":"<ul>\n<p><span class=\"item\">Lo\u1ea1i m\u00e0n h\u00ecnh: M\u00e0n h\u00ecnh ph\u1eb3ng<br \/><\/span><span class=\"item\">T\u1ec9 l\u1ec7: 16:9<\/span><span class=\"item\">K\u00edch th\u01b0\u1edbc: 27 inch<\/span><span class=\"item\">T\u1ea5m n\u1ec1n: IPS<br \/><\/span><span class=\"item hide d-block\">\u0110\u1ed9 ph\u00e2n gi\u1ea3i: 2K (2560 x 1440)<br \/><\/span><span class=\"item hide d-block\">T\u1ed1c \u0111\u1ed9 l\u00e0m m\u1edbi: 75Hz<br \/><\/span><span class=\"item hide d-block\">Th\u1eddi gian \u0111\u00e1p \u1ee9ng: 4ms<br \/><\/span><span class=\"item hide d-block\">C\u1ed5ng k\u1ebft n\u1ed1i: HDMI 1.4: 2, DisplayPort: 1<\/span><\/p>\n<\/ul>","protected":false},"featured_media":13308,"comment_status":"closed","ping_status":"closed","template":"","meta":[],"pwb-brand":[],"product_cat":[2909],"product_tag":[],"class_list":{"0":"post-13307","1":"product","2":"type-product","3":"status-publish","4":"has-post-thumbnail","6":"product_cat-man-hinh-may-tinh","8":"first","9":"instock","10":"shipping-taxable","11":"product-type-simple"},"brands":[],"_links":{"self":[{"href":"https:\/\/serverhot.vn\/es\/wp-json\/wp\/v2\/product\/13307","targetHints":{"allow":["GET"]}}],"collection":[{"href":"https:\/\/serverhot.vn\/es\/wp-json\/wp\/v2\/product"}],"about":[{"href":"https:\/\/serverhot.vn\/es\/wp-json\/wp\/v2\/types\/product"}],"replies":[{"embeddable":true,"href":"https:\/\/serverhot.vn\/es\/wp-json\/wp\/v2\/comments?post=13307"}],"wp:featuredmedia":[{"embeddable":true,"href":"https:\/\/serverhot.vn\/es\/wp-json\/wp\/v2\/media\/13308"}],"wp:attachment":[{"href":"https:\/\/serverhot.vn\/es\/wp-json\/wp\/v2\/media?parent=13307"}],"wp:term":[{"taxonomy":"pwb-brand","embeddable":true,"href":"https:\/\/serverhot.vn\/es\/wp-json\/wp\/v2\/pwb-brand?post=13307"},{"taxonomy":"product_cat","embeddable":true,"href":"https:\/\/serverhot.vn\/es\/wp-json\/wp\/v2\/product_cat?post=13307"},{"taxonomy":"product_tag","embeddable":true,"href":"https:\/\/serverhot.vn\/es\/wp-json\/wp\/v2\/product_tag?post=13307"}],"curies":[{"name":"wp","href":"https:\/\/api.w.org\/{rel}","templated":true}]}}