{"id":13505,"date":"2024-07-06T12:30:11","date_gmt":"2024-07-06T05:30:11","guid":{"rendered":"https:\/\/serverhot.vn\/-product-\/camera-ip-dome-hong-ngoai-2-0-megapixel-hikvision-ds-2cd2121g0-i-ma-san-pham-ds-2cd2121g0-i\/"},"modified":"2024-07-06T12:30:17","modified_gmt":"2024-07-06T05:30:17","slug":"camera-ip-dome-hong-ngoai-2-0-megapixel-hikvision-ds-2cd2121g0-i-ma-san-pham-ds-2cd2121g0-i","status":"publish","type":"product","link":"https:\/\/serverhot.vn\/es\/-product-\/camera-ip-dome-hong-ngoai-2-0-megapixel-hikvision-ds-2cd2121g0-i-ma-san-pham-ds-2cd2121g0-i\/","title":{"rendered":"Camera IP Dome H\u1ed3ng Ngo\u1ea1i 2.0 Megapixel HIKVISION DS-2CD2121G0-I M\u00e3 s\u1ea3n ph\u1ea9m: DS-2CD2121G0-I"},"content":{"rendered":"<div class=\"showText tabs\" id=\"tab2\">\n<div class=\"box_right_pro_view\">\n<div class=\"thongso_pro a_technical\" style=\"max-height: fit-content\">\n<table border=\"1\">\n<tbody>\n<tr>\n<td>\n<p>Th\u01b0\u01a1ng hi\u1ec7u<\/p>\n<\/td>\n<td>\n<p>HIK VISION<\/p>\n<\/td>\n<\/tr>\n<tr>\n<td>\n<p>Ph\u00e2n lo\u1ea1i<\/p>\n<\/td>\n<td>\n<p>Camera IP Dome h\u00f4\u0300ng ngoa\u0323i 2MP chu\u1ea9n n\u00e9n H.265+<\/p>\n<\/td>\n<\/tr>\n<tr>\n<td>\n<p>\u0110\u1ed9 ph\u00e2n gi\u1ea3i<\/p>\n<\/td>\n<td>\n<p>2.0 Megapixel<\/p>\n<\/td>\n<\/tr>\n<tr>\n<td>\n<p>C\u1ea3m bi\u1ebfn<\/p>\n<\/td>\n<td>\n<p>CMOS 1\/3&#8243;<\/p>\n<\/td>\n<\/tr>\n<tr>\n<td>\n<p>Ki\u1ec3u \u1ed1ng k\u00ednh<\/p>\n<\/td>\n<td>\n<p>2.8mm ( \u0111\u1eb7t h\u00e0ng 4mm,6mm)<\/p>\n<\/td>\n<\/tr>\n<tr>\n<td>\n<p>T\u00ednh n\u0103ng ph\u1ee5<\/p>\n<\/td>\n<td>\n<p>Gi\u1ea3m nhi\u1ec5u s\u1ed1 3D DNR, ch\u1ed1ng ng\u01b0\u1ee3c s\u00e1ng BLC, t\u1ea7m xa h\u1ed3ng ngo\u1ea1i IR : l\u00ean t\u1edbi 30m, h\u1ed7 tr\u1ee3 d\u1ecbch v\u1ee5 HIK-Connect cloud. H\u1ed7 tr\u1ee3 th\u1ebb nh\u1edb<\/p>\n<\/td>\n<\/tr>\n<tr>\n<td>\n<p>Ngu\u1ed3n c\u1ea5p<\/p>\n<\/td>\n<td>\n<p>12V DC\u00b115%\u00a0ho\u1eb7c PoE<\/p>\n<\/td>\n<\/tr>\n<tr>\n<td>\n<p>V\u1ecb tr\u00ed khuy\u1ebfn ngh\u1ecb<\/p>\n<\/td>\n<td>\n<p>Trong nh\u00e0<\/p>\n<\/td>\n<\/tr>\n<tr>\n<td>\n<p>Khuy\u00ean d\u00f9ng<\/p>\n<\/td>\n<td>\n<ol>\n<li>\u0110\u1ec3 \u0111\u1ea1t hi\u1ec7u su\u1ea5t cao nh\u1ea5t, tr\u00e1nh l\u1eafp \u0111\u1eb7t t\u1ea1i n\u01a1i c\u00f3 \u00e1nh s\u00e1ng m\u1ea1nh chi\u1ebfu tr\u1ef1c ti\u1ebfp, tr\u00e1nh v\u1ecb tr\u00ed m\u01b0a b\u1ee5i.<\/li>\n<li>Kh\u00f4ng ch\u1ea1m tay tr\u1ef1c ti\u1ebfp v\u00e0o \u1ed1ng k\u00ednh v\u00e0 C\u1ea3m bi\u1ebfn.<\/li>\n<li>Khi c\u00f3 hi\u1ec7n t\u01b0\u1ee3ng m\u1edd s\u1eed d\u1ee5ng v\u1eadt li\u1ec7u m\u1ec1m c\u00f3 ch\u1ee9a m\u1ed9t s\u1ed1 h\u00f3a ch\u1ea5t \u0111\u1ec3 lau s\u1ea1ch b\u1ee5i \u1ed1ng k\u00ednh v\u00e0 C\u1ea3m bi\u1ebfn.<\/li>\n<li>S\u1eed d\u1ee5ng b\u1ed9 ngu\u1ed3n chu\u1ea9n, \u0111\u1ee7 c\u00f4ng su\u1ea5t, ch\u00ednh h\u00e3ng. Qu\u00e1 \u0111i\u1ec7n \u00e1p c\u00f3 th\u1ec3 l\u00e0m h\u01b0 Camera.<\/li>\n<\/ol>\n<\/td>\n<\/tr>\n<\/tbody>\n<\/table><\/div>\n<p>                            <!--                            <\/p>\n<div class=\"xemthem_id_r\">--><br \/>\n                            <!--                                <a><!--\/show\/?token=--><br \/>\n                            <!--\"--><br \/>\n                            <!--                                   class=\"preview fancybox fancybox.ajax\" rel=\"nofollow\"&gt;Xem th&#234;m th&#244;ng s&#7889; k&#7929; thu&#7853;t<\/a>--><br \/>\n                            <!--                            <\/div>\n<p>-->\n                        <\/p><\/div>\n<\/p><\/div>","protected":false},"excerpt":{"rendered":"<ul>\n<p><span style=\"color: #ff0000\"><strong>Camera IP Dome h\u00f4\u0300ng ngoa\u0323i 2MP chu\u1ea9n n\u00e9n H.265+<\/strong><\/span><\/p>\n<ul>\n<li>C\u1ea3m bi\u1ebfn CMOS 1\/3&#8243;, t\u00ednh n\u0103ng l\u1ecdc h\u1ed3ng ngo\u1ea1i ICR, 0lux v\u1edbi h\u1ed3ng ngo\u1ea1i,<\/li>\n<li>\u0110\u1ed9 ph\u00e2n gi\u1ea3i 1920&#215;1080:25fps(P)\/30fps(N), chu\u1ea9n n\u00e9n H.265+\/H.265\/H.264\/MJPEG,<\/li>\n<li>\u00d4ng kinh 2.8mm ( \u0111\u1eb7t h\u00e0ng 4mm,6mm)<\/li>\n<li>Ngu\u1ed3n DC12V &amp; h\u1ed7 tr\u1ee3 PoE, t\u00ednh n\u0103ng gi\u1ea3m nhi\u1ec5u s\u1ed1 3D DNR, ch\u1ed1ng ng\u01b0\u1ee3c s\u00e1ng BLC,\u00a0 t\u1ea7m xa h\u1ed3ng ngo\u1ea1i IR : l\u00ean t\u1edbi 30m, h\u1ed7 tr\u1ee3 d\u1ecbch v\u1ee5 HIK-Connect cloud. H\u1ed7 tr\u1ee3 th\u1ebb nh\u1edb.<\/li>\n<li>S: K\u1ebft n\u1ed1i Audio\/Alarm IO<\/li>\n<li>W: T\u00edch h\u1ee3p WIFI<\/li>\n<\/ul>\n<\/ul>","protected":false},"featured_media":13506,"comment_status":"closed","ping_status":"closed","template":"","meta":[],"pwb-brand":[],"product_cat":[2911],"product_tag":[],"class_list":{"0":"post-13505","1":"product","2":"type-product","3":"status-publish","4":"has-post-thumbnail","6":"product_cat-thiet-bi-camera","8":"first","9":"instock","10":"shipping-taxable","11":"product-type-simple"},"brands":[],"_links":{"self":[{"href":"https:\/\/serverhot.vn\/es\/wp-json\/wp\/v2\/product\/13505","targetHints":{"allow":["GET"]}}],"collection":[{"href":"https:\/\/serverhot.vn\/es\/wp-json\/wp\/v2\/product"}],"about":[{"href":"https:\/\/serverhot.vn\/es\/wp-json\/wp\/v2\/types\/product"}],"replies":[{"embeddable":true,"href":"https:\/\/serverhot.vn\/es\/wp-json\/wp\/v2\/comments?post=13505"}],"wp:featuredmedia":[{"embeddable":true,"href":"https:\/\/serverhot.vn\/es\/wp-json\/wp\/v2\/media\/13506"}],"wp:attachment":[{"href":"https:\/\/serverhot.vn\/es\/wp-json\/wp\/v2\/media?parent=13505"}],"wp:term":[{"taxonomy":"pwb-brand","embeddable":true,"href":"https:\/\/serverhot.vn\/es\/wp-json\/wp\/v2\/pwb-brand?post=13505"},{"taxonomy":"product_cat","embeddable":true,"href":"https:\/\/serverhot.vn\/es\/wp-json\/wp\/v2\/product_cat?post=13505"},{"taxonomy":"product_tag","embeddable":true,"href":"https:\/\/serverhot.vn\/es\/wp-json\/wp\/v2\/product_tag?post=13505"}],"curies":[{"name":"wp","href":"https:\/\/api.w.org\/{rel}","templated":true}]}}