{"id":13511,"date":"2024-07-06T13:15:06","date_gmt":"2024-07-06T06:15:06","guid":{"rendered":"https:\/\/serverhot.vn\/-product-\/camera-ip-hikvision-ids-2cd7a26g0-p-izhs-2-8-12mmm-ma-san-pham-ids-2cd7a26g0-p-izhs\/"},"modified":"2024-07-06T13:15:10","modified_gmt":"2024-07-06T06:15:10","slug":"camera-ip-hikvision-ids-2cd7a26g0-p-izhs-2-8-12mmm-ma-san-pham-ids-2cd7a26g0-p-izhs","status":"publish","type":"product","link":"https:\/\/serverhot.vn\/es\/-product-\/camera-ip-hikvision-ids-2cd7a26g0-p-izhs-2-8-12mmm-ma-san-pham-ids-2cd7a26g0-p-izhs\/","title":{"rendered":"Camera IP HIKVISION IDS-2CD7A26G0\/P-IZHS (2.8-12mmm) M\u00e3 s\u1ea3n ph\u1ea9m: IDS-2CD7A26G0\/P-IZHS"},"content":{"rendered":"<div class=\"showText tabs\" id=\"tab2\">\n<div class=\"box_right_pro_view\">\n<div class=\"thongso_pro a_technical\" style=\"max-height: fit-content\">\n<table border=\"1\" cellspacing=\"0\" cellpadding=\"0\">\n<tbody>\n<tr>\n<td class=\"xl67\" align=\"left\"><span>Model<\/span><\/td>\n<td class=\"xl67\" align=\"left\"><span>iDS-2CD7A26G0\/P-IZHS<\/span><\/td>\n<\/tr>\n<tr>\n<td class=\"xl67\" colspan=\"2\" align=\"left\"><span>Camera<\/span><\/td>\n<\/tr>\n<tr>\n<td class=\"xl65\" align=\"left\">Image Sensor<\/td>\n<td class=\"xl65\" align=\"left\">1\/1.8 inch Progressive Scan CMOS<\/td>\n<\/tr>\n<tr>\n<td class=\"xl65\" align=\"left\">Min. Illumination<\/td>\n<td class=\"xl65\" align=\"left\">Color: 0.001 Lux @ (F1.2, AGC ON); B\/W: 0.0003 Lux @ (F1.2, AGC ON)<\/td>\n<\/tr>\n<tr>\n<td class=\"xl65\" align=\"left\">Shutter Speed<\/td>\n<td class=\"xl65\" align=\"left\">1 s to 1\/100,000 s<\/td>\n<\/tr>\n<tr>\n<td class=\"xl65\" align=\"left\">Slow Shutter<\/td>\n<td class=\"xl65\" align=\"left\">Yes<\/td>\n<\/tr>\n<tr>\n<td class=\"xl65\" align=\"left\">Day &amp; Night<\/td>\n<td class=\"xl65\" align=\"left\">IR Cut Filter<\/td>\n<\/tr>\n<tr>\n<td class=\"xl65\" align=\"left\">WDR<\/td>\n<td class=\"xl65\" align=\"left\">140 dB<\/td>\n<\/tr>\n<tr>\n<td class=\"xl65\" align=\"left\">IR Range<\/td>\n<td class=\"xl65\" align=\"left\">50 m (2.8 to 12 mm)<\/td>\n<\/tr>\n<tr>\n<td class=\"xl65\" align=\"left\">Smart Supplement Light<\/td>\n<td class=\"xl65\" align=\"left\">Yes<\/td>\n<\/tr>\n<tr>\n<td class=\"xl67\" colspan=\"2\" align=\"left\"><span>Lens<\/span><\/td>\n<\/tr>\n<tr>\n<td class=\"xl65\" align=\"left\">Lens Type &amp; FOV<\/td>\n<td class=\"xl65\" align=\"left\">2.8 to 12 mm, horizontal FOV: 107.3\u00b0 to 39.8\u00b0, vertical FOV: 55.9\u00b0 to 22.3\u00b0, diagonal FOV: 130.1\u00b0 to 45.7\u00b0<\/td>\n<\/tr>\n<tr>\n<td class=\"xl65\" align=\"left\">Aperture<\/td>\n<td class=\"xl65\" align=\"left\">2.8 to 12 mm: F1.2 to 2.5<\/td>\n<\/tr>\n<tr>\n<td class=\"xl65\" align=\"left\">Blue Glass Module<\/td>\n<td class=\"xl65\" align=\"left\">Blue glass module to reduce ghost phenomenon<\/td>\n<\/tr>\n<tr>\n<td class=\"xl65\" align=\"left\">P-Iris<\/td>\n<td class=\"xl65\" align=\"left\">Yes<\/td>\n<\/tr>\n<tr>\n<td class=\"xl67\" colspan=\"2\" align=\"left\"><span>Video<\/span><\/td>\n<\/tr>\n<tr>\n<td class=\"xl65\" align=\"left\">Max. Resolution<\/td>\n<td class=\"xl65\" align=\"left\">1920 \u00d7 1080<\/td>\n<\/tr>\n<tr>\n<td class=\"xl65\" align=\"left\">Video Compression<\/td>\n<td class=\"xl65\" align=\"left\">Main stream: H.265+\/H.265\/H.264+\/H.264<br \/>Sub-stream\/third stream\/fourth stream\/fifth stream\/custom stream: H.265\/H.264\/MJPEG<\/td>\n<\/tr>\n<tr>\n<td class=\"xl65\" align=\"left\">Video Bit Rate<\/td>\n<td class=\"xl65\" align=\"left\">32 Kbps to 16 Mbps<\/td>\n<\/tr>\n<tr>\n<td class=\"xl65\" align=\"left\">Scalable Video Coding (SVC)<\/td>\n<td class=\"xl65\" align=\"left\">H.265 and H.264 support<\/td>\n<\/tr>\n<tr>\n<td class=\"xl65\" align=\"left\">Region of Interest (ROI)<\/td>\n<td class=\"xl65\" align=\"left\">4 fixed regions for each stream<\/td>\n<\/tr>\n<tr>\n<td class=\"xl67\" colspan=\"2\" align=\"left\"><span>Audio<\/span><\/td>\n<\/tr>\n<tr>\n<td class=\"xl65\" align=\"left\">Environment Noise Filtering<\/td>\n<td class=\"xl65\" align=\"left\">Yes<\/td>\n<\/tr>\n<tr>\n<td class=\"xl65\" align=\"left\">Audio Compression<\/td>\n<td class=\"xl65\" align=\"left\">G.711\/G.722.1\/G.726\/MP2L2\/PCM\/MP3<\/td>\n<\/tr>\n<tr>\n<td class=\"xl65\" align=\"left\">Audio Type<\/td>\n<td class=\"xl65\" align=\"left\">Mono sound<\/td>\n<\/tr>\n<tr>\n<td class=\"xl67\" colspan=\"2\" align=\"left\"><span>Network<\/span><\/td>\n<\/tr>\n<tr>\n<td class=\"xl65\" align=\"left\">Protocols<\/td>\n<td class=\"xl65\" align=\"left\">TCP\/IP, ICMP, HTTP, HTTPS, FTP, SFTP, SRTP, DHCP, DNS, DDNS, RTP, RTSP, RTCP, PPPoE, NTP,UPnP, SMTP, SNMP, IGMP, 802.1X, QoS, IPv6, UDP, Bonjour, SSL\/TLS<\/td>\n<\/tr>\n<tr>\n<td class=\"xl65\" align=\"left\">Simultaneous Live View<\/td>\n<td class=\"xl65\" align=\"left\">Up to 20 channels<\/td>\n<\/tr>\n<tr>\n<td class=\"xl65\" align=\"left\">API<\/td>\n<td class=\"xl65\" align=\"left\">ONVIF (PROFILE S, PROFILE G, PROFILE T), ISAPI, SDK, ISUP<\/td>\n<\/tr>\n<tr>\n<td class=\"xl65\" align=\"left\">User\/Host<\/td>\n<td class=\"xl65\" align=\"left\">Up to 32 users, 3 levels: administrator, operator and user<\/td>\n<\/tr>\n<tr>\n<td class=\"xl67\" colspan=\"2\" align=\"left\"><span>Image<\/span><\/td>\n<\/tr>\n<tr>\n<td class=\"xl65\" align=\"left\">Smart IR<\/td>\n<td class=\"xl65\" align=\"left\">The IR LEDs on camera should support Smart IR function to automatically adjust power to avoid image overexposure<\/td>\n<\/tr>\n<tr>\n<td class=\"xl65\" align=\"left\">Day\/Night Switch<\/td>\n<td class=\"xl65\" align=\"left\">Day, Night, Auto, Schedule, Triggered by Alarm In, Triggered by Video<\/td>\n<\/tr>\n<tr>\n<td class=\"xl65\" align=\"left\">Target Cropping<\/td>\n<td class=\"xl65\" align=\"left\">Yes<\/td>\n<\/tr>\n<tr>\n<td class=\"xl65\" align=\"left\">Picture Overlay<\/td>\n<td class=\"xl65\" align=\"left\">LOGO picture can be overlaid on video with 128 \u00d7 128 24bit bmp format<\/td>\n<\/tr>\n<tr>\n<td class=\"xl65\" align=\"left\">Image Enhancement<\/td>\n<td class=\"xl65\" align=\"left\">BLC, HLC, 3D DNR, Defog, EIS, Distortion Correction<\/td>\n<\/tr>\n<tr>\n<td class=\"xl65\" align=\"left\">Image Settings<\/td>\n<td class=\"xl65\" align=\"left\">Rotate mode, saturation, brightness, contrast, sharpness, gain, white balance adjustable by client software or web browser<\/td>\n<\/tr>\n<tr>\n<td class=\"xl65\" align=\"left\">Image Parameters Switch<\/td>\n<td class=\"xl65\" align=\"left\">Yes<\/td>\n<\/tr>\n<tr>\n<td class=\"xl67\" colspan=\"2\" align=\"left\"><span>Interface<\/span><\/td>\n<\/tr>\n<tr>\n<td class=\"xl65\" align=\"left\">Alarm<\/td>\n<td class=\"xl65\" align=\"left\">2 inputs, 2 outputs (max. 24VDC, 1A)<\/td>\n<\/tr>\n<tr>\n<td class=\"xl65\" align=\"left\">Audio<\/td>\n<td class=\"xl65\" align=\"left\">1 input (line in), 1 output (line out), 3.5 mm connector<\/td>\n<\/tr>\n<tr>\n<td class=\"xl65\" align=\"left\">RS-485<\/td>\n<td class=\"xl65\" align=\"left\">1 RS-485 (half duplex, HIKVISION, Pelco-P, Pelco-D, self-adaptive)<\/td>\n<\/tr>\n<tr>\n<td class=\"xl65\" align=\"left\">Video Output<\/td>\n<td class=\"xl65\" align=\"left\">1 Vp-p Composite Output(75 \u03a9\/CVBS) (For debugging only)<\/td>\n<\/tr>\n<tr>\n<td class=\"xl65\" align=\"left\">On-board Storage<\/td>\n<td class=\"xl65\" align=\"left\">Built-in micro SD\/SDHC\/SDXC slot, up to 256 GB<\/td>\n<\/tr>\n<tr>\n<td class=\"xl65\" align=\"left\">Communication<\/td>\n<td class=\"xl65\" align=\"left\">1 RJ45 10M\/100M\/1000M self-adaptive Ethernet port<\/td>\n<\/tr>\n<tr>\n<td class=\"xl65\" align=\"left\">Heater<\/td>\n<td class=\"xl65\" align=\"left\">Yes<\/td>\n<\/tr>\n<tr>\n<td class=\"xl65\" align=\"left\">Wiegand<\/td>\n<td class=\"xl65\" align=\"left\">1 wiegand(CardID 26bit, SHA-1 26bit, Hik 34bit)<\/td>\n<\/tr>\n<tr>\n<td class=\"xl67\" colspan=\"2\" align=\"left\"><span>Smart Feature-Set<\/span><\/td>\n<\/tr>\n<tr>\n<td class=\"xl65\" align=\"left\">Basic Event<\/td>\n<td class=\"xl65\" align=\"left\">Motion detection, video tampering alarm, vibration detection, exception (network disconnected, IP address conflict, illegal login, HDD full, HDD error)<\/td>\n<\/tr>\n<tr>\n<td class=\"xl65\" align=\"left\">Smart Event<\/td>\n<td class=\"xl65\" align=\"left\">Line crossing detection, up to 4 lines configurable<br \/>Intrusion detection, up to 4 regions configurable<br \/>Region entrance detection, up to 4 regions configurable<br \/>Region exiting detection, up to 4 regions configurable<br \/>Unattended baggage detection, up to 4 regions configurable<br \/>Object removal detection, up to 4 regions configurable<br \/>Scene change detection, audio exception detection, defocus detection<\/td>\n<\/tr>\n<tr>\n<td class=\"xl65\" align=\"left\">Counting<\/td>\n<td class=\"xl65\" align=\"left\">Yes<\/td>\n<\/tr>\n<tr>\n<td class=\"xl65\" align=\"left\">Premier Protection<\/td>\n<td class=\"xl65\" align=\"left\">Line crossing, intrusion, region entrance, region exiting<br \/>Support alarm triggering by specified target types (human and vehicle)<br \/>Filtering out mistaken alarm caused by target types such as leaf, light, animal, and flag,<br \/>etc<\/td>\n<\/tr>\n<tr>\n<td class=\"xl65\" align=\"left\">Road Traffic and Vehicle Detection<\/td>\n<td class=\"xl65\" align=\"left\">Blocklist and allowlist: up to 10000 records<br \/>Captures vehicle that has no license plate<br \/>Support license plate recognition of motorcycles (only in checkpoint scenario)<br \/>Support vehicle attribute detection, including vehicle type, color, brand, etc. (City<br \/>Street mode is recommended.)<\/td>\n<\/tr>\n<tr>\n<td class=\"xl67\" colspan=\"2\" align=\"left\"><span>General<\/span><\/td>\n<\/tr>\n<tr>\n<td class=\"xl65\" align=\"left\">General Function<\/td>\n<td class=\"xl65\" align=\"left\">Anti- flicker, 5 streams and up to 5 custom streams, EPTZ, heartbeat, mirror, privacy masks, flash log, password reset via e-mail, pixel counter<\/td>\n<\/tr>\n<tr>\n<td class=\"xl65\" align=\"left\">Power Supply<\/td>\n<td class=\"xl65\" align=\"left\">12 VDC \u00b1 20%, three-core terminal block, reverse polarity protection; PoE: 802.3at, Type 2 Class 4<\/td>\n<\/tr>\n<tr>\n<td class=\"xl65\" align=\"left\">Startup and Operating Conditions<\/td>\n<td class=\"xl65\" align=\"left\">40 \u00b0C to 60 \u00b0C (-40 \u00b0F to 140 \u00b0F). Humidity 95% or less (non-condensing)<\/td>\n<\/tr>\n<tr>\n<td class=\"xl65\" align=\"left\">Material<\/td>\n<td class=\"xl65\" align=\"left\">Aluminum alloy body<\/td>\n<\/tr>\n<tr>\n<td class=\"xl65\" align=\"left\">Protection<\/td>\n<td class=\"xl65\" align=\"left\">IP67<\/td>\n<\/tr>\n<tr>\n<td class=\"xl65\" align=\"left\">Dimensions<\/td>\n<td class=\"xl65\" align=\"left\">\u00d8144 \u00d7 347 mm<\/td>\n<\/tr>\n<tr>\n<td class=\"xl65\" align=\"left\">Weight<\/td>\n<td class=\"xl65\" align=\"left\">1920 g<\/p>\n<\/td>\n<\/tr>\n<\/tbody>\n<\/table><\/div>\n<p>                            <!--                            <\/p>\n<div class=\"xemthem_id_r\">--><br \/>\n                            <!--                                <a><!--\/show\/?token=--><br \/>\n                            <!--\"--><br \/>\n                            <!--                                   class=\"preview fancybox fancybox.ajax\" rel=\"nofollow\"&gt;Xem th&#234;m th&#244;ng s&#7889; k&#7929; thu&#7853;t<\/a>--><br \/>\n                            <!--                            <\/div>\n<p>-->\n                        <\/p><\/div>\n<\/p><\/div>","protected":false},"excerpt":{"rendered":"<ul>\n<p><span style=\"font-family: 'Open Sans', 'Lucida Grande', 'Lucida Sans Unicode', Arial, Helvetica, Verdana, sans-serif;font-size: 12px;background-color: #ffffff\">&#8211; C\u1ea3m bi\u1ebfn h\u00ecnh \u1ea3nh: 1\/1.8 inch Progressive Scan CMOS.<\/span><br style=\"font-family: 'Open Sans', 'Lucida Grande', 'Lucida Sans Unicode', Arial, Helvetica, Verdana, sans-serif;font-size: 12px;background-color: #ffffff\"><span style=\"font-family: 'Open Sans', 'Lucida Grande', 'Lucida Sans Unicode', Arial, Helvetica, Verdana, sans-serif;font-size: 12px;background-color: #ffffff\">&#8211; \u0110\u1ed9 ph\u00e2n gi\u1ea3i camera ip: 2.0 Megapixel.<\/span><br style=\"font-family: 'Open Sans', 'Lucida Grande', 'Lucida Sans Unicode', Arial, Helvetica, Verdana, sans-serif;font-size: 12px;background-color: #ffffff\"><span style=\"font-family: 'Open Sans', 'Lucida Grande', 'Lucida Sans Unicode', Arial, Helvetica, Verdana, sans-serif;font-size: 12px;background-color: #ffffff\">&#8211; \u1ed0ng k\u00ednh zoom: 2.8 to 12 mm. <\/span><br style=\"font-family: 'Open Sans', 'Lucida Grande', 'Lucida Sans Unicode', Arial, Helvetica, Verdana, sans-serif;font-size: 12px;background-color: #ffffff\"><span style=\"font-family: 'Open Sans', 'Lucida Grande', 'Lucida Sans Unicode', Arial, Helvetica, Verdana, sans-serif;font-size: 12px;background-color: #ffffff\">&#8211; Chu\u1ea9n n\u00e9n h\u00ecnh \u1ea3nh: H.265+\/H.265\/H.264+\/H.264.<\/span><br style=\"font-family: 'Open Sans', 'Lucida Grande', 'Lucida Sans Unicode', Arial, Helvetica, Verdana, sans-serif;font-size: 12px;background-color: #ffffff\"><span style=\"font-family: 'Open Sans', 'Lucida Grande', 'Lucida Sans Unicode', Arial, Helvetica, Verdana, sans-serif;font-size: 12px;background-color: #ffffff\">&#8211; T\u1ea7m quan s\u00e1t h\u1ed3ng ngo\u1ea1i: 50 m\u00e9t.<\/span><br style=\"font-family: 'Open Sans', 'Lucida Grande', 'Lucida Sans Unicode', Arial, Helvetica, Verdana, sans-serif;font-size: 12px;background-color: #ffffff\"><span style=\"font-family: 'Open Sans', 'Lucida Grande', 'Lucida Sans Unicode', Arial, Helvetica, Verdana, sans-serif;font-size: 12px;background-color: #ffffff\">&#8211; H\u00ecnh \u1ea3nh m\u00e0u s\u1eafc \u1edf m\u00f4i tr\u01b0\u1eddng \u00e1nh s\u00e1ng y\u1ebfu v\u1edbi c\u00f4ng ngh\u1ec7 DarkFighter.<\/span><br style=\"font-family: 'Open Sans', 'Lucida Grande', 'Lucida Sans Unicode', Arial, Helvetica, Verdana, sans-serif;font-size: 12px;background-color: #ffffff\"><span style=\"font-family: 'Open Sans', 'Lucida Grande', 'Lucida Sans Unicode', Arial, Helvetica, Verdana, sans-serif;font-size: 12px;background-color: #ffffff\">&#8211; Ch\u1ed1ng ng\u01b0\u1ee3c s\u00e1ng th\u1ef1c 140dB.<\/span><br style=\"font-family: 'Open Sans', 'Lucida Grande', 'Lucida Sans Unicode', Arial, Helvetica, Verdana, sans-serif;font-size: 12px;background-color: #ffffff\"><span style=\"font-family: 'Open Sans', 'Lucida Grande', 'Lucida Sans Unicode', Arial, Helvetica, Verdana, sans-serif;font-size: 12px;background-color: #ffffff\">&#8211; H\u1ed7 tr\u1ee3 BLC, HLC, 3D DNR, Defog, EIS, ch\u1ed1ng cong \u1ea3nh.<\/span><br style=\"font-family: 'Open Sans', 'Lucida Grande', 'Lucida Sans Unicode', Arial, Helvetica, Verdana, sans-serif;font-size: 12px;background-color: #ffffff\"><span style=\"font-family: 'Open Sans', 'Lucida Grande', 'Lucida Sans Unicode', Arial, Helvetica, Verdana, sans-serif;font-size: 12px;background-color: #ffffff\">&#8211; T\u00edch h\u1ee3p khe c\u1eafm th\u1ebb nh\u1edb micro SD\/SDHC\/SDXC, l\u00ean \u0111\u1ebfn 256 GB.<\/span><br style=\"font-family: 'Open Sans', 'Lucida Grande', 'Lucida Sans Unicode', Arial, Helvetica, Verdana, sans-serif;font-size: 12px;background-color: #ffffff\"><span style=\"font-family: 'Open Sans', 'Lucida Grande', 'Lucida Sans Unicode', Arial, Helvetica, Verdana, sans-serif;font-size: 12px;background-color: #ffffff\">&#8211; T\u00ednh n\u0103ng th\u00f4ng minh (S\u1eed d\u1ee5ng thu\u1eadt to\u00e1n Deep Learning): Line crossing, intrusion, region entrance, region exiting Support alarm triggering by specified target types (human and vehicle) Filtering out mistaken alarm caused by target types such as leaf, light, animal, and flag, etc.<\/span><br style=\"font-family: 'Open Sans', 'Lucida Grande', 'Lucida Sans Unicode', Arial, Helvetica, Verdana, sans-serif;font-size: 12px;background-color: #ffffff\"><span style=\"font-family: 'Open Sans', 'Lucida Grande', 'Lucida Sans Unicode', Arial, Helvetica, Verdana, sans-serif;font-size: 12px;background-color: #ffffff\">&#8211; Nh\u1eadn di\u1ec7n bi\u1ec3n s\u1ed1 xe, thu\u1ed9c t\u00ednh xe (lo\u1ea1i xe, m\u00e0u xe,\u2026).<\/span><br style=\"font-family: 'Open Sans', 'Lucida Grande', 'Lucida Sans Unicode', Arial, Helvetica, Verdana, sans-serif;font-size: 12px;background-color: #ffffff\"><span style=\"font-family: 'Open Sans', 'Lucida Grande', 'Lucida Sans Unicode', Arial, Helvetica, Verdana, sans-serif;font-size: 12px;background-color: #ffffff\">&#8211; Ch\u1ed1ng \u0103n m\u00f2n NEMA 4X (NEMA 250-2018).<\/span><br style=\"font-family: 'Open Sans', 'Lucida Grande', 'Lucida Sans Unicode', Arial, Helvetica, Verdana, sans-serif;font-size: 12px;background-color: #ffffff\"><span style=\"font-family: 'Open Sans', 'Lucida Grande', 'Lucida Sans Unicode', Arial, Helvetica, Verdana, sans-serif;font-size: 12px;background-color: #ffffff\">&#8211; Ti\u00eau chu\u1ea9n ch\u1ed1ng b\u1ee5i n\u01b0\u1edbc: IP67.<\/span><br style=\"font-family: 'Open Sans', 'Lucida Grande', 'Lucida Sans Unicode', Arial, Helvetica, Verdana, sans-serif;font-size: 12px;background-color: #ffffff\"><span style=\"font-family: 'Open Sans', 'Lucida Grande', 'Lucida Sans Unicode', Arial, Helvetica, Verdana, sans-serif;font-size: 12px;background-color: #ffffff\">&#8211; Ti\u00eau chu\u1ea9n ch\u1ed1ng va \u0111\u1eadp: IK10.<\/span><\/p>\n<\/ul>","protected":false},"featured_media":13512,"comment_status":"closed","ping_status":"closed","template":"","meta":[],"pwb-brand":[],"product_cat":[2911],"product_tag":[46,2841,25,2849,27],"class_list":{"0":"post-13511","1":"product","2":"type-product","3":"status-publish","4":"has-post-thumbnail","6":"product_cat-thiet-bi-camera","7":"product_tag-bag","8":"product_tag-hdd","9":"product_tag-man","10":"product_tag-switch","11":"product_tag-white","13":"first","14":"instock","15":"shipping-taxable","16":"product-type-simple"},"brands":[],"_links":{"self":[{"href":"https:\/\/serverhot.vn\/es\/wp-json\/wp\/v2\/product\/13511","targetHints":{"allow":["GET"]}}],"collection":[{"href":"https:\/\/serverhot.vn\/es\/wp-json\/wp\/v2\/product"}],"about":[{"href":"https:\/\/serverhot.vn\/es\/wp-json\/wp\/v2\/types\/product"}],"replies":[{"embeddable":true,"href":"https:\/\/serverhot.vn\/es\/wp-json\/wp\/v2\/comments?post=13511"}],"wp:featuredmedia":[{"embeddable":true,"href":"https:\/\/serverhot.vn\/es\/wp-json\/wp\/v2\/media\/13512"}],"wp:attachment":[{"href":"https:\/\/serverhot.vn\/es\/wp-json\/wp\/v2\/media?parent=13511"}],"wp:term":[{"taxonomy":"pwb-brand","embeddable":true,"href":"https:\/\/serverhot.vn\/es\/wp-json\/wp\/v2\/pwb-brand?post=13511"},{"taxonomy":"product_cat","embeddable":true,"href":"https:\/\/serverhot.vn\/es\/wp-json\/wp\/v2\/product_cat?post=13511"},{"taxonomy":"product_tag","embeddable":true,"href":"https:\/\/serverhot.vn\/es\/wp-json\/wp\/v2\/product_tag?post=13511"}],"curies":[{"name":"wp","href":"https:\/\/api.w.org\/{rel}","templated":true}]}}