{"id":13689,"date":"2024-08-01T10:15:10","date_gmt":"2024-08-01T03:15:10","guid":{"rendered":"https:\/\/serverhot.vn\/-product-\/thiet-bi-tuong-lua-firewall-fortigate-fg-81f-bdl-950-12-ma-san-pham-fg-81f-bdl-950-12\/"},"modified":"2024-08-01T10:15:12","modified_gmt":"2024-08-01T03:15:12","slug":"thiet-bi-tuong-lua-firewall-fortigate-fg-81f-bdl-950-12-ma-san-pham-fg-81f-bdl-950-12","status":"publish","type":"product","link":"https:\/\/serverhot.vn\/es\/-product-\/thiet-bi-tuong-lua-firewall-fortigate-fg-81f-bdl-950-12-ma-san-pham-fg-81f-bdl-950-12\/","title":{"rendered":"Thi\u1ebft b\u1ecb T\u01b0\u1eddng l\u1eeda Firewall FortiGate FG-81F-BDL-950-12 M\u00e3 s\u1ea3n ph\u1ea9m: FG-81F-BDL-950-12"},"content":{"rendered":"<div class=\"showText tabs\" id=\"tab2\">\n<div class=\"box_right_pro_view\">\n<div class=\"thongso_pro a_technical\" style=\"max-height: fit-content\">\n<p>\u00a0<\/p>\n<table dir=\"ltr\" border=\"1\" cellspacing=\"0\" cellpadding=\"0\" data-sheets-root=\"1\">\n<colgroup>\n<col width=\"518\">\n<col width=\"150\">\n<col width=\"150\">\n<col width=\"150\">\n<col width=\"150\">\n<col width=\"150\"><\/colgroup>\n<tbody>\n<tr>\n<td>\u00a0<\/td>\n<td data-sheets-value=\"{\">FortiGate 80F<\/td>\n<td data-sheets-value=\"{\">FortiGate 81F<\/td>\n<td data-sheets-value=\"{\">FORTIGATE 80F-BYPASS<\/td>\n<td data-sheets-value=\"{\">FORTIGATE 80F-POE<\/td>\n<td data-sheets-value=\"{\">FORTIGATE 81F-POE<\/td>\n<\/tr>\n<tr>\n<td colspan=\"6\" rowspan=\"1\" data-sheets-value=\"{\">Hardware Specifications<\/td>\n<\/tr>\n<tr>\n<td data-sheets-value=\"{\">GE RJ45\/SFP Shared Media Pairs<\/td>\n<td data-sheets-value=\"{\">2<\/td>\n<td data-sheets-value=\"{\">2<\/td>\n<td data-sheets-value=\"{\">2<\/td>\n<td data-sheets-value=\"{\">2<\/td>\n<td data-sheets-value=\"{\">2<\/td>\n<\/tr>\n<tr>\n<td data-sheets-value=\"{\">GE RJ45 Internal Ports<\/td>\n<td data-sheets-value=\"{\">6<\/td>\n<td data-sheets-value=\"{\">6<\/td>\n<td data-sheets-value=\"{\">6<\/td>\n<td data-sheets-value=\"{\">\u2014<\/td>\n<td data-sheets-value=\"{\">\u2014<\/td>\n<\/tr>\n<tr>\n<td data-sheets-value=\"{\">GE RJ45 FortiLink Ports (Default)<\/td>\n<td data-sheets-value=\"{\">2<\/td>\n<td data-sheets-value=\"{\">2<\/td>\n<td data-sheets-value=\"{\">2<\/td>\n<td data-sheets-value=\"{\">\u2014<\/td>\n<td data-sheets-value=\"{\">\u2014<\/td>\n<\/tr>\n<tr>\n<td data-sheets-value=\"{\">GE RJ45 PoE\/+ Ports<\/td>\n<td data-sheets-value=\"{\">\u2014<\/td>\n<td data-sheets-value=\"{\">\u2014<\/td>\n<td data-sheets-value=\"{\">\u2014<\/td>\n<td data-sheets-value=\"{\">6<\/td>\n<td data-sheets-value=\"{\">6<\/td>\n<\/tr>\n<tr>\n<td data-sheets-value=\"{\">GE RJ45 PoE\/+ FortiLink Ports (Default)<\/td>\n<td data-sheets-value=\"{\">\u2014<\/td>\n<td data-sheets-value=\"{\">\u2014<\/td>\n<td data-sheets-value=\"{\">\u2014<\/td>\n<td data-sheets-value=\"{\">2<\/td>\n<td data-sheets-value=\"{\">2<\/td>\n<\/tr>\n<tr>\n<td data-sheets-value=\"{\">Bypass GE RJ45 Port Pair (WAN1 &amp; Port1, default configuration)<\/td>\n<td data-sheets-value=\"{\">\u2014<\/td>\n<td data-sheets-value=\"{\">\u2014<\/td>\n<td data-sheets-value=\"{\">Yes<\/td>\n<td data-sheets-value=\"{\">\u2014<\/td>\n<td data-sheets-value=\"{\">\u2014<\/td>\n<\/tr>\n<tr>\n<td data-sheets-value=\"{\">Wireless Interface<\/td>\n<td data-sheets-value=\"{\">\u2014<\/td>\n<td data-sheets-value=\"{\">\u2014<\/td>\n<td data-sheets-value=\"{\">\u2014<\/td>\n<td data-sheets-value=\"{\">\u2014<\/td>\n<td data-sheets-value=\"{\">\u2014<\/td>\n<\/tr>\n<tr>\n<td data-sheets-value=\"{\">USB Ports 3.0<\/td>\n<td data-sheets-value=\"{\">1<\/td>\n<td data-sheets-value=\"{\">1<\/td>\n<td data-sheets-value=\"{\">1<\/td>\n<td data-sheets-value=\"{\">1<\/td>\n<td data-sheets-value=\"{\">1<\/td>\n<\/tr>\n<tr>\n<td data-sheets-value=\"{\">Console (RJ45)<\/td>\n<td data-sheets-value=\"{\">1<\/td>\n<td data-sheets-value=\"{\">1<\/td>\n<td data-sheets-value=\"{\">1<\/td>\n<td data-sheets-value=\"{\">1<\/td>\n<td data-sheets-value=\"{\">1<\/td>\n<\/tr>\n<tr>\n<td data-sheets-value=\"{\">Internal Storage<\/td>\n<td data-sheets-value=\"{\">\u2014<\/td>\n<td data-sheets-value=\"{\">1x 128 GB SSD<\/td>\n<td data-sheets-value=\"{\">\u2014<\/td>\n<td data-sheets-value=\"{\">\u2014<\/td>\n<td data-sheets-value=\"{\">1x 128 GB SSD<\/td>\n<\/tr>\n<tr>\n<td data-sheets-value=\"{\">Trusted Platform Module (TPM)<\/td>\n<td data-sheets-value=\"{\">Yes<\/td>\n<td data-sheets-value=\"{\">Yes<\/td>\n<td data-sheets-value=\"{\">Yes<\/td>\n<td data-sheets-value=\"{\">Yes<\/td>\n<td data-sheets-value=\"{\">Yes<\/td>\n<\/tr>\n<tr>\n<td data-sheets-value=\"{\">Bluetooth Low Energy (BLE)<\/td>\n<td data-sheets-value=\"{\">Yes<\/td>\n<td data-sheets-value=\"{\">Yes<\/td>\n<td data-sheets-value=\"{\">Yes<\/td>\n<td data-sheets-value=\"{\">Yes<\/td>\n<td data-sheets-value=\"{\">Yes<\/td>\n<\/tr>\n<tr>\n<td colspan=\"6\" rowspan=\"1\" data-sheets-value=\"{\">System Performance \u2014 Enterprise Traffic Mix<\/td>\n<\/tr>\n<tr>\n<td data-sheets-value=\"{\">IPS Throughput2<\/td>\n<td colspan=\"5\" rowspan=\"1\" data-sheets-value=\"{\">1.4 Gbps<\/td>\n<\/tr>\n<tr>\n<td data-sheets-value=\"{\">NGFW Throughput2, 4<\/td>\n<td colspan=\"5\" rowspan=\"1\" data-sheets-value=\"{\">1 Gbps<\/td>\n<\/tr>\n<tr>\n<td data-sheets-value=\"{\">Threat Protection Throughput2, 5<\/td>\n<td colspan=\"5\" rowspan=\"1\" data-sheets-value=\"{\">900 Mbps<\/td>\n<\/tr>\n<tr>\n<td colspan=\"6\" rowspan=\"1\" data-sheets-value=\"{\">System Performance<\/td>\n<\/tr>\n<tr>\n<td data-sheets-value=\"{\">Firewall Throughput (1518 \/ 512 \/ 64 byte UDP packets)<\/td>\n<td colspan=\"5\" rowspan=\"1\" data-sheets-value=\"{\">10\/10\/7 Gbps<\/td>\n<\/tr>\n<tr>\n<td data-sheets-value=\"{\">Firewall Latency (64 byte UDP packets)<\/td>\n<td colspan=\"5\" rowspan=\"1\" data-sheets-value=\"{\">3.23 \u03bcs<\/td>\n<\/tr>\n<tr>\n<td data-sheets-value=\"{\">Firewall Throughput (Packets Per Second)<\/td>\n<td colspan=\"5\" rowspan=\"1\" data-sheets-value=\"{\">10.5 Mpps<\/td>\n<\/tr>\n<tr>\n<td data-sheets-value=\"{\">Concurrent Sessions (TCP)<\/td>\n<td colspan=\"5\" rowspan=\"1\" data-sheets-value=\"{\">1.5 Million<\/td>\n<\/tr>\n<tr>\n<td data-sheets-value=\"{\">New Sessions\/Second (TCP)<\/td>\n<td colspan=\"5\" rowspan=\"1\" data-sheets-value=\"{\">45<\/td>\n<\/tr>\n<tr>\n<td data-sheets-value=\"{\">Firewall Policies<\/td>\n<td colspan=\"5\" rowspan=\"1\" data-sheets-value=\"{\">5<\/td>\n<\/tr>\n<tr>\n<td data-sheets-value=\"{\">IPsec VPN Throughput (512 byte)1<\/td>\n<td colspan=\"5\" rowspan=\"1\" data-sheets-value=\"{\">6.5 Gbps<\/td>\n<\/tr>\n<tr>\n<td data-sheets-value=\"{\">Gateway-to-Gateway IPsec VPN Tunnels<\/td>\n<td colspan=\"5\" rowspan=\"1\" data-sheets-value=\"{\">200<\/td>\n<\/tr>\n<tr>\n<td data-sheets-value=\"{\">Client-to-Gateway IPsec VPN Tunnels<\/td>\n<td colspan=\"5\" rowspan=\"1\" data-sheets-value=\"{\">2,5<\/td>\n<\/tr>\n<tr>\n<td data-sheets-value=\"{\">SSL-VPN Throughput<\/td>\n<td colspan=\"5\" rowspan=\"1\" data-sheets-value=\"{\">950 Mbps<\/td>\n<\/tr>\n<tr>\n<td data-sheets-value=\"{\">Concurrent SSL-VPN Users (Recommended Maximum, Tunnel Mode)<\/td>\n<td colspan=\"5\" rowspan=\"1\" data-sheets-value=\"{\">200<\/td>\n<\/tr>\n<tr>\n<td data-sheets-value=\"{\">SSL Inspection Throughput (IPS, avg. HTTPS)3<\/td>\n<td colspan=\"5\" rowspan=\"1\" data-sheets-value=\"{\">715 Mbps<\/td>\n<\/tr>\n<tr>\n<td data-sheets-value=\"{\">SSL Inspection CPS (IPS, avg. HTTPS)3<\/td>\n<td colspan=\"5\" rowspan=\"1\" data-sheets-value=\"{\">700<\/td>\n<\/tr>\n<tr>\n<td data-sheets-value=\"{\">SSL Inspection Concurrent Session (IPS, avg. HTTPS)3<\/td>\n<td colspan=\"5\" rowspan=\"1\" data-sheets-value=\"{\">100<\/td>\n<\/tr>\n<tr>\n<td data-sheets-value=\"{\">Application Control Throughput (HTTP 64K)2<\/td>\n<td colspan=\"5\" rowspan=\"1\" data-sheets-value=\"{\">1.8 Gbps<\/td>\n<\/tr>\n<tr>\n<td data-sheets-value=\"{\">CAPWAP Throughput (HTTP 64K)<\/td>\n<td colspan=\"5\" rowspan=\"1\" data-sheets-value=\"{\">9 Gbps<\/td>\n<\/tr>\n<tr>\n<td data-sheets-value=\"{\">Virtual Domains (Default \/ Maximum)<\/td>\n<td colspan=\"5\" rowspan=\"1\" data-sheets-value=\"{\">10 \/ 10<\/td>\n<\/tr>\n<tr>\n<td data-sheets-value=\"{\">Maximum Number of FortiSwitches Supported<\/td>\n<td colspan=\"5\" rowspan=\"1\" data-sheets-value=\"{\">16<\/td>\n<\/tr>\n<tr>\n<td data-sheets-value=\"{\">Maximum Number of FortiAPs (Total \/ Tunnel Mode)<\/td>\n<td colspan=\"5\" rowspan=\"1\" data-sheets-value=\"{\">96 \/ 48<\/td>\n<\/tr>\n<tr>\n<td data-sheets-value=\"{\">Maximum Number of FortiTokens<\/td>\n<td colspan=\"5\" rowspan=\"1\" data-sheets-value=\"{\">500<\/td>\n<\/tr>\n<tr>\n<td data-sheets-value=\"{\">High Availability Configurations<\/td>\n<td colspan=\"5\" rowspan=\"1\" data-sheets-value=\"{\">Active-Active, Active-Passive, Clustering<\/td>\n<\/tr>\n<tr>\n<td colspan=\"6\" rowspan=\"1\" data-sheets-value=\"{\">Dimensions<\/td>\n<\/tr>\n<tr>\n<td width=\"\" height=\"\" data-sheets-value=\"{\">Height x Width x Length (inches)<\/td>\n<td data-sheets-value=\"{\">1.6 x 8.5 x 7.0<\/td>\n<td data-sheets-value=\"{\">1.6 x 8.5 x 7.0<\/td>\n<td data-sheets-value=\"{\">1.6 x 8.5 x 7.0<\/td>\n<td data-sheets-value=\"{\">2.4 x 8.5 x 7.0<\/td>\n<td data-sheets-value=\"{\">2.4 x 8.5 x 7.0<\/td>\n<\/tr>\n<tr>\n<td data-sheets-value=\"{\">Weight<\/td>\n<td data-sheets-value=\"{\">2.4 lbs (1.1 kg)<\/td>\n<td data-sheets-value=\"{\">2.4 lbs (1.1 kg)<\/td>\n<td data-sheets-value=\"{\">2.6 lbs (1.2 kg)<\/td>\n<td data-sheets-value=\"{\">3.1 lbs (1.4 kg)<\/td>\n<td data-sheets-value=\"{\">3.1 lbs (1.4 kg)<\/td>\n<\/tr>\n<tr>\n<td data-sheets-value=\"{\">Form Factor<\/td>\n<td colspan=\"5\" rowspan=\"1\" data-sheets-value=\"{\">Desktop\/Wall Mount\/Rack Tray<\/td>\n<\/tr>\n<tr>\n<td colspan=\"6\" rowspan=\"1\" data-sheets-value=\"{\">Environment<\/td>\n<\/tr>\n<tr>\n<td data-sheets-value=\"{\">Power Required (Redundancy Optional)<\/td>\n<td colspan=\"5\" rowspan=\"1\" data-sheets-value=\"{\">Powered by 2 External DC Power Adapters, 100\u2013240V AC, 50\/60 Hz<\/td>\n<\/tr>\n<tr>\n<td data-sheets-value=\"{\">Maximum Current<\/td>\n<td data-sheets-value=\"{\">115VAC\/0.4A, 230VAC\/0.2A<\/td>\n<td data-sheets-value=\"{\">115VAC\/0.4A, 230VAC\/0.2A<\/td>\n<td data-sheets-value=\"{\">115VAC\/0.4A, 230VAC\/0.2A<\/td>\n<td data-sheets-value=\"{\">115VAC\/2.2A, 230VAC\/1.1A<\/td>\n<td data-sheets-value=\"{\">\n<div>\n<div>115VAC\/2.2A, 230VAC\/1.1A<\/div>\n<\/div>\n<\/td>\n<\/tr>\n<tr>\n<td data-sheets-value=\"{\">Heat Dissipation<\/td>\n<td data-sheets-value=\"{\">52.55 BTU\/h<\/td>\n<td data-sheets-value=\"{\">56.30 BTU\/h<\/td>\n<td data-sheets-value=\"{\">52.55 BTU\/h<\/td>\n<td data-sheets-value=\"{\">402.26 BTU\/h<\/td>\n<td data-sheets-value=\"{\">467.5 BTU\/h<\/td>\n<\/tr>\n<tr>\n<td data-sheets-value=\"{\">Operating Temperature<\/td>\n<td colspan=\"5\" rowspan=\"1\" data-sheets-value=\"{\">32\u2013104\u00b0F (0\u201340\u00b0C)<\/td>\n<\/tr>\n<tr>\n<td data-sheets-value=\"{\">Storage Temperature<\/td>\n<td colspan=\"5\" rowspan=\"1\" data-sheets-value=\"{\">-31\u2013158\u00b0F (-35\u201370\u00b0C)<\/td>\n<\/tr>\n<tr>\n<td data-sheets-value=\"{\">Humidity<\/td>\n<td colspan=\"5\" rowspan=\"1\" data-sheets-value=\"{\">10\u201390% non-condensing<\/td>\n<\/tr>\n<tr>\n<td data-sheets-value=\"{\">Operating Altitude<\/td>\n<td colspan=\"5\" rowspan=\"1\" data-sheets-value=\"{\">Up to 16,404 ft (5,000 m)<\/td>\n<\/tr>\n<tr>\n<td colspan=\"6\" rowspan=\"1\" data-sheets-value=\"{\">Compliance<\/td>\n<\/tr>\n<tr>\n<td data-sheets-value=\"{\">Safety<\/td>\n<td colspan=\"5\" rowspan=\"1\" data-sheets-value=\"{\">FCC, ICES, CE, RCM, VCCI, BSMI, UL\/cUL, CB<\/td>\n<\/tr>\n<tr>\n<td colspan=\"6\" rowspan=\"1\" data-sheets-value=\"{\">Certifications<\/td>\n<\/tr>\n<tr>\n<td>\u00a0<\/td>\n<td colspan=\"5\" rowspan=\"1\" data-sheets-value=\"{\">ICSA Labs: Firewall, IPsec, IPS, Antivirus, SSL-VPN<\/td>\n<\/tr>\n<\/tbody>\n<\/table><\/div>\n<p>                            <!--                            <\/p>\n<div class=\"xemthem_id_r\">--><br \/>\n                            <!--                                <a><!--\/show\/?token=--><br \/>\n                            <!--\"--><br \/>\n                            <!--                                   class=\"preview fancybox fancybox.ajax\" rel=\"nofollow\"&gt;Xem th&#234;m th&#244;ng s&#7889; k&#7929; thu&#7853;t<\/a>--><br \/>\n                            <!--                            <\/div>\n<p>-->\n                        <\/p><\/div>\n<\/p><\/div>","protected":false},"excerpt":{"rendered":"<ul>\n<p>FortiGate FG-81F-BDL-950-12 l\u00e0 m\u1ed9t thi\u1ebft b\u1ecb t\u01b0\u1eddng l\u1eeda th\u1ebf h\u1ec7 m\u1edbi (NGFW) c\u1ee7a Fortinet, \u0111\u01b0\u1ee3c thi\u1ebft k\u1ebf \u0111\u1ec3 cung c\u1ea5p b\u1ea3o m\u1eadt to\u00e0n di\u1ec7n v\u00e0 hi\u1ec7u su\u1ea5t cao cho c\u00e1c doanh nghi\u1ec7p v\u1eeba v\u00e0 nh\u1ecf.\u00a0<\/p>\n<ul>\n<li>Hi\u1ec7u su\u1ea5t cao: T\u1ed1c \u0111\u1ed9 t\u01b0\u1eddng l\u1eeda l\u00ean \u0111\u1ebfn 10 Gbps.<\/li>\n<li>B\u1ea3o m\u1eadt to\u00e0n di\u1ec7n: T\u00edch h\u1ee3p c\u00e1c d\u1ecbch v\u1ee5 b\u1ea3o m\u1eadt AI\/ML c\u1ee7a FortiGuard v\u00e0 n\u1ec1n t\u1ea3ng Security Fabric.<\/li>\n<li>SD-WAN t\u00edch h\u1ee3p: Gi\u1ea3i ph\u00e1p SD-WAN an to\u00e0n v\u00e0 c\u00f3 th\u1ec3 m\u1edf r\u1ed9ng.<\/li>\n<li>Qu\u1ea3n l\u00fd d\u1ec5 d\u00e0ng: Giao di\u1ec7n qu\u1ea3n l\u00fd tr\u1ef1c quan v\u00e0 h\u1ed7 tr\u1ee3 qu\u1ea3n l\u00fd t\u1eeb xa qua FortiCloud.<\/li>\n<\/ul>\n<\/ul>","protected":false},"featured_media":13690,"comment_status":"closed","ping_status":"closed","template":"","meta":[],"pwb-brand":[],"product_cat":[2908],"product_tag":[2856,25,2849,2852],"class_list":{"0":"post-13689","1":"product","2":"type-product","3":"status-publish","4":"has-post-thumbnail","6":"product_cat-fortinet","7":"product_tag-firewall","8":"product_tag-man","9":"product_tag-switch","10":"product_tag-wireless","12":"first","13":"instock","14":"shipping-taxable","15":"product-type-simple"},"brands":[],"_links":{"self":[{"href":"https:\/\/serverhot.vn\/es\/wp-json\/wp\/v2\/product\/13689","targetHints":{"allow":["GET"]}}],"collection":[{"href":"https:\/\/serverhot.vn\/es\/wp-json\/wp\/v2\/product"}],"about":[{"href":"https:\/\/serverhot.vn\/es\/wp-json\/wp\/v2\/types\/product"}],"replies":[{"embeddable":true,"href":"https:\/\/serverhot.vn\/es\/wp-json\/wp\/v2\/comments?post=13689"}],"wp:featuredmedia":[{"embeddable":true,"href":"https:\/\/serverhot.vn\/es\/wp-json\/wp\/v2\/media\/13690"}],"wp:attachment":[{"href":"https:\/\/serverhot.vn\/es\/wp-json\/wp\/v2\/media?parent=13689"}],"wp:term":[{"taxonomy":"pwb-brand","embeddable":true,"href":"https:\/\/serverhot.vn\/es\/wp-json\/wp\/v2\/pwb-brand?post=13689"},{"taxonomy":"product_cat","embeddable":true,"href":"https:\/\/serverhot.vn\/es\/wp-json\/wp\/v2\/product_cat?post=13689"},{"taxonomy":"product_tag","embeddable":true,"href":"https:\/\/serverhot.vn\/es\/wp-json\/wp\/v2\/product_tag?post=13689"}],"curies":[{"name":"wp","href":"https:\/\/api.w.org\/{rel}","templated":true}]}}