{"id":13788,"date":"2024-10-01T03:30:10","date_gmt":"2024-09-30T20:30:10","guid":{"rendered":"https:\/\/serverhot.vn\/-product-\/may-chieu-benq-ms550-ma-san-pham-ms550\/"},"modified":"2024-10-01T03:30:11","modified_gmt":"2024-09-30T20:30:11","slug":"may-chieu-benq-ms550-ma-san-pham-ms550","status":"publish","type":"product","link":"https:\/\/serverhot.vn\/es\/-product-\/may-chieu-benq-ms550-ma-san-pham-ms550\/","title":{"rendered":"Ma\u0301y Chi\u00ea\u0301u BenQ MS550 M\u00e3 s\u1ea3n ph\u1ea9m: MS550"},"content":{"rendered":"<div class=\"showText tabs\" id=\"tab2\">\n<div class=\"box_right_pro_view\">\n<div class=\"thongso_pro a_technical\" style=\"max-height: fit-content\">\n<table border=\"1\" width=\"519pt\" cellpadding=\"0px\">\n<tbody>\n<tr>\n<td width=\"177\">S\u1ea3n ph\u1ea9m<\/td>\n<td width=\"514\">Ma\u0301y chi\u00ea\u0301u<\/td>\n<\/tr>\n<tr>\n<td>H\u00e3ng s\u1ea3n xu\u1ea5t<\/td>\n<td>BenQ<\/td>\n<\/tr>\n<tr>\n<td>Model<\/td>\n<td>MS550<\/td>\n<\/tr>\n<tr>\n<td>C\u00f4ng ngh\u00ea\u0323<\/td>\n<td>DLP<\/td>\n<\/tr>\n<tr>\n<td>\u0110\u00f4\u0323 thu pho\u0301ng<\/td>\n<td>K\u00edch th\u01b0\u01a1\u0301c hi\u00ean thi\u0323: 30-300\u2019\u2019. &#8211; S\u00f4\u0301 m\u00e0u hi\u00ea\u0309n thi\u0323: 1.07 tri\u00ea\u0323u m\u00e0u.<\/td>\n<\/tr>\n<tr>\n<td>\u0110\u00f4\u0323 t\u01b0\u01a1ng pha\u0309n<\/td>\n<td>\u0110\u00f4\u0323 t\u01b0\u01a1ng pha\u0309n 20.000:1<\/td>\n<\/tr>\n<tr>\n<td>\u0110\u00f4\u0323 sa\u0301ng<\/td>\n<td>\u0110\u00f4\u0323 s\u00e1ng : 3600 ANSI<\/td>\n<\/tr>\n<tr>\n<td>\u0110\u00f4\u0323 ph\u00e2n gia\u0309i<\/td>\n<td>SVGA (800&#215;600)<\/td>\n<\/tr>\n<tr>\n<td>Tu\u00f4\u0309i tho\u0323 \u0111e\u0300n<\/td>\n<td>Tu\u00f4\u0309i tho\u0323 b\u00f3ng \u0111\u00e8n: 15.000 gi\u01a1\u0300.<\/td>\n<\/tr>\n<tr>\n<td>Loa<\/td>\n<td>2W<\/td>\n<\/tr>\n<tr>\n<td>C\u00f4\u0309ng giao ti\u00ea\u0301p<\/td>\n<td>PC (D-sub) x 1; Monitor out (D-sub 15pin) x 1; S-Video in (Mini DIN 4pin) x 1; Composite Video in (RCA) x 1; HDMI x 2; USB Mini B x 1; Audio in (3.5mm Mini Jack) x 1; Audio out (3.5mm Mini Jack) x 1; RS232 (DB-9pin) x 1; IR Receiver x 2; Security Bar x 1<\/td>\n<\/tr>\n<tr>\n<td>Ki\u0301ch th\u01b0\u01a1\u0301c<\/td>\n<td>296 x 120 x 221mm.<\/td>\n<\/tr>\n<tr>\n<td>Tro\u0323ng l\u01b0\u01a1\u0323ng<\/td>\n<td>2.3 Kg<\/td>\n<\/tr>\n<tr>\n<td>M\u00f4 ta\u0309 kha\u0301c<\/td>\n<td>\u0110i\u00ea\u0300u chi\u0309nh c\u00f4ng su\u00e2\u0301t b\u00f3ng \u0111\u00e8n ph\u00f9 h\u01a1\u0323p v\u01a1\u0301i nhu c\u00e2\u0300u s\u01b0\u0309 du\u0323ng nh\u0103\u0300m ti\u00ea\u0301t ki\u00ea\u0323m \u0111i\u00ea\u0323n n\u0103ng ti\u00eau thu\u0323. Ch\u01b0\u0301c n\u0103ng h\u00f4\u0303 tr\u01a1\u0323 tri\u0300nh chi\u00ea\u0301u 3D. Ch\u01b0\u0301c n\u0103ng kh\u01a1\u0309i \u0111\u00f4\u0323ng m\u00e1y chi\u00ea\u0301u nhanh nh\u0103\u0300m gia\u0309m thi\u00ea\u0309u th\u01a1\u0300i gian ch\u01a1\u0300 cho ng\u01b0\u01a1\u0300i s\u01b0\u0309 du\u0323ng.<\/td>\n<\/tr>\n<\/tbody>\n<\/table><\/div>\n<p>                            <!--                            <\/p>\n<div class=\"xemthem_id_r\">--><br \/>\n                            <!--                                <a><!--\/show\/?token=--><br \/>\n                            <!--\"--><br \/>\n                            <!--                                   class=\"preview fancybox fancybox.ajax\" rel=\"nofollow\"&gt;Xem th&#234;m th&#244;ng s&#7889; k&#7929; thu&#7853;t<\/a>--><br \/>\n                            <!--                            <\/div>\n<p>-->\n                        <\/p><\/div>\n<\/p><\/div>","protected":false},"excerpt":{"rendered":"<ul>\n<ul>\n<li><span style=\"font-size: 16px\">\u0110\u00f4\u0323 sa\u0301ng: 3600 ANSI<\/span><\/li>\n<li><span style=\"font-size: 16px\">\u0110\u00f4\u0323 t\u01b0\u01a1ng pha\u0309n: \u0110\u00f4\u0323 t\u01b0\u01a1ng pha\u0309n 20.000:1<\/span><\/li>\n<li><span style=\"font-size: 16px\">\u0110\u00f4\u0323 ph\u00e2n gia\u0309i: SVGA (800&#215;600)<\/span><\/li>\n<li><span style=\"font-size: 16px\">Tu\u00f4\u0309i tho\u0323 \u0111e\u0300n: Tu\u00f4\u0309i tho\u0323 b\u00f3ng \u0111\u00e8n: 15.000 gi\u01a1\u0300.<\/span><\/li>\n<li><span style=\"font-size: 16px\">C\u00e2n n\u0103\u0323ng: 2.3 Kg<\/span><\/li>\n<\/ul>\n<\/ul>","protected":false},"featured_media":13789,"comment_status":"closed","ping_status":"closed","template":"","meta":[],"pwb-brand":[],"product_cat":[2910],"product_tag":[],"class_list":{"0":"post-13788","1":"product","2":"type-product","3":"status-publish","4":"has-post-thumbnail","6":"product_cat-thiet-bi-van-phong","8":"first","9":"instock","10":"shipping-taxable","11":"product-type-simple"},"brands":[],"_links":{"self":[{"href":"https:\/\/serverhot.vn\/es\/wp-json\/wp\/v2\/product\/13788","targetHints":{"allow":["GET"]}}],"collection":[{"href":"https:\/\/serverhot.vn\/es\/wp-json\/wp\/v2\/product"}],"about":[{"href":"https:\/\/serverhot.vn\/es\/wp-json\/wp\/v2\/types\/product"}],"replies":[{"embeddable":true,"href":"https:\/\/serverhot.vn\/es\/wp-json\/wp\/v2\/comments?post=13788"}],"wp:featuredmedia":[{"embeddable":true,"href":"https:\/\/serverhot.vn\/es\/wp-json\/wp\/v2\/media\/13789"}],"wp:attachment":[{"href":"https:\/\/serverhot.vn\/es\/wp-json\/wp\/v2\/media?parent=13788"}],"wp:term":[{"taxonomy":"pwb-brand","embeddable":true,"href":"https:\/\/serverhot.vn\/es\/wp-json\/wp\/v2\/pwb-brand?post=13788"},{"taxonomy":"product_cat","embeddable":true,"href":"https:\/\/serverhot.vn\/es\/wp-json\/wp\/v2\/product_cat?post=13788"},{"taxonomy":"product_tag","embeddable":true,"href":"https:\/\/serverhot.vn\/es\/wp-json\/wp\/v2\/product_tag?post=13788"}],"curies":[{"name":"wp","href":"https:\/\/api.w.org\/{rel}","templated":true}]}}