{"id":13828,"date":"2024-10-02T14:45:08","date_gmt":"2024-10-02T07:45:08","guid":{"rendered":"https:\/\/serverhot.vn\/-product-\/may-tinh-dong-bo-de-ban-dell-inspiron-3020-i7-13700-16gb-ram-512gb-ssd-_1tb-hdd-vga-geforce-rtx-3050-8gb-ddr6-wlbt-km-win11-1yr-_mti71028w1-16g-512g1t-ma-san-pham-mti71028w1\/"},"modified":"2024-10-02T14:45:11","modified_gmt":"2024-10-02T07:45:11","slug":"may-tinh-dong-bo-de-ban-dell-inspiron-3020-i7-13700-16gb-ram-512gb-ssd-_1tb-hdd-vga-geforce-rtx-3050-8gb-ddr6-wlbt-km-win11-1yr-_mti71028w1-16g-512g1t-ma-san-pham-mti71028w1","status":"publish","type":"product","link":"https:\/\/serverhot.vn\/es\/-product-\/may-tinh-dong-bo-de-ban-dell-inspiron-3020-i7-13700-16gb-ram-512gb-ssd-_1tb-hdd-vga-geforce-rtx-3050-8gb-ddr6-wlbt-km-win11-1yr-_mti71028w1-16g-512g1t-ma-san-pham-mti71028w1\/","title":{"rendered":"M\u00e1y t\u00ednh \u0111\u1ed3ng b\u1ed9 \u0111\u1ec3 b\u00e0n DELL INSPIRON 3020 (I7 13700\/ 16GB RAM\/ 512GB SSD _1TB HDD\/ VGA Geforce RTX 3050 8Gb DDR6\/ WL+BT\/ K+M\/ WIN11\/ 1yr) _MTI71028W1-16G-512G+1T M\u00e3 s\u1ea3n ph\u1ea9m: MTI71028W1"},"content":{"rendered":"<div class=\"showText tabs\" id=\"tab2\">\n                                    <\/div>","protected":false},"excerpt":{"rendered":"<ul>\n<p>Ch\u00edp x\u1eed l\u00fd: Intel Core i7-13700 (2.1GHz upto 5.1GHz, 16-Core, 24MB Cache<\/p>\n<p>B\u1ed9 nh\u1edb Ram: 16GB DDR4 3200MHz (1x16GB) (x2 slot) &#8211; max 64GB<\/p>\n<p>\u1ed4 \u0111\u0129a c\u1ee9ng: SSD 512Gb PCIe NVMe + 1Tb HDD 7200rpm<\/p>\n<p>Card \u0111\u1ed3 h\u1ecda: Geforce RTX 3050 8Gb DDR6<\/p>\n<p>\u1ed4 \u0111\u0129a quang: Kh\u00f4ng<\/p>\n<p>K\u1ebft n\u1ed1i m\u1ea1ng: Lan Gigabit, Wifi + Bluetooth<\/p>\n<p>H\u1ec7 \u0111i\u1ec1u h\u00e0nh: Windows 11 Home 64bit\u00a0<\/p>\n<\/ul>","protected":false},"featured_media":13829,"comment_status":"closed","ping_status":"closed","template":"","meta":[],"pwb-brand":[],"product_cat":[2886],"product_tag":[2841],"class_list":{"0":"post-13828","1":"product","2":"type-product","3":"status-publish","4":"has-post-thumbnail","6":"product_cat-dell-workstation","7":"product_tag-hdd","9":"first","10":"instock","11":"shipping-taxable","12":"product-type-simple"},"brands":[],"_links":{"self":[{"href":"https:\/\/serverhot.vn\/es\/wp-json\/wp\/v2\/product\/13828","targetHints":{"allow":["GET"]}}],"collection":[{"href":"https:\/\/serverhot.vn\/es\/wp-json\/wp\/v2\/product"}],"about":[{"href":"https:\/\/serverhot.vn\/es\/wp-json\/wp\/v2\/types\/product"}],"replies":[{"embeddable":true,"href":"https:\/\/serverhot.vn\/es\/wp-json\/wp\/v2\/comments?post=13828"}],"wp:featuredmedia":[{"embeddable":true,"href":"https:\/\/serverhot.vn\/es\/wp-json\/wp\/v2\/media\/13829"}],"wp:attachment":[{"href":"https:\/\/serverhot.vn\/es\/wp-json\/wp\/v2\/media?parent=13828"}],"wp:term":[{"taxonomy":"pwb-brand","embeddable":true,"href":"https:\/\/serverhot.vn\/es\/wp-json\/wp\/v2\/pwb-brand?post=13828"},{"taxonomy":"product_cat","embeddable":true,"href":"https:\/\/serverhot.vn\/es\/wp-json\/wp\/v2\/product_cat?post=13828"},{"taxonomy":"product_tag","embeddable":true,"href":"https:\/\/serverhot.vn\/es\/wp-json\/wp\/v2\/product_tag?post=13828"}],"curies":[{"name":"wp","href":"https:\/\/api.w.org\/{rel}","templated":true}]}}