{"id":13856,"date":"2024-10-07T21:15:09","date_gmt":"2024-10-07T14:15:09","guid":{"rendered":"https:\/\/serverhot.vn\/-product-\/synology-c2-backup-for-business-5tb-plan-for-12-months-ma-san-pham-c2-bak-business-5tb\/"},"modified":"2024-10-07T21:15:11","modified_gmt":"2024-10-07T14:15:11","slug":"synology-c2-backup-for-business-5tb-plan-for-12-months-ma-san-pham-c2-bak-business-5tb","status":"publish","type":"product","link":"https:\/\/serverhot.vn\/es\/-product-\/synology-c2-backup-for-business-5tb-plan-for-12-months-ma-san-pham-c2-bak-business-5tb\/","title":{"rendered":"Synology C2 Backup for Business 5TB plan for 12 months M\u00e3 s\u1ea3n ph\u1ea9m: C2-BAK-BUSINESS-5TB"},"content":{"rendered":"<div class=\"showText tabs\" id=\"tab2\">\n                                    <\/div>","protected":false},"excerpt":{"rendered":"<ul>\n<p>Synology C2 Backup for Business l\u00e0 m\u1ed9t gi\u1ea3i ph\u00e1p sao l\u01b0u \u0111\u00e1m m\u00e2y \u0111\u01b0\u1ee3c thi\u1ebft k\u1ebf \u0111\u1ec3 b\u1ea3o v\u1ec7 d\u1eef li\u1ec7u doanh nghi\u1ec7p tr\u00ean nhi\u1ec1u thi\u1ebft b\u1ecb v\u00e0 d\u1ecbch v\u1ee5 kh\u00e1c nhau. D\u01b0\u1edbi \u0111\u00e2y l\u00e0 m\u1ed9t s\u1ed1 t\u00ednh n\u0103ng ch\u00ednh:<\/p>\n<ul style=\"list-style-type: square\">\n<li>B\u1ea3o v\u1ec7 d\u1eef li\u1ec7u to\u00e0n di\u1ec7n: B\u1ea3o v\u1ec7 d\u1eef li\u1ec7u t\u1eeb m\u00e1y t\u00ednh Windows, thi\u1ebft b\u1ecb Mac v\u00e0 c\u00e1c d\u1ecbch v\u1ee5 Microsoft 365 nh\u01b0 Teams, OneDrive for Business, SharePoint Online, v\u00e0 Exchange Online.<\/li>\n<li>Qu\u1ea3n l\u00fd t\u1eadp trung: Qu\u1ea3n l\u00fd t\u1ea5t c\u1ea3 c\u00e1c b\u1ea3n sao l\u01b0u t\u1eeb m\u1ed9t giao di\u1ec7n duy nh\u1ea5t.<\/li>\n<li>N\u1ec1n t\u1ea3ng \u0111\u00e1m m\u00e2y an to\u00e0n: L\u01b0u tr\u1eef d\u1eef li\u1ec7u c\u1ee7a b\u1ea1n an to\u00e0n tr\u00ean \u0111\u00e1m m\u00e2y, \u0111\u1ea3m b\u1ea3o s\u1ef1 an t\u00e2m.<\/li>\n<li>Hi\u1ec7u qu\u1ea3 chi ph\u00ed: Gi\u1ea3m t\u1ed5ng chi ph\u00ed s\u1edf h\u1eefu b\u1eb1ng c\u00e1ch ch\u1ec9 tr\u1ea3 cho dung l\u01b0\u1ee3ng l\u01b0u tr\u1eef b\u1ea1n s\u1eed d\u1ee5ng.<\/li>\n<li>Kh\u00f4i ph\u1ee5c d\u1ec5 d\u00e0ng: Truy c\u1eadp v\u00e0 kh\u00f4i ph\u1ee5c d\u1eef li\u1ec7u c\u1ee7a b\u1ea1n m\u1ed9t c\u00e1ch nhanh ch\u00f3ng v\u00e0 d\u1ec5 d\u00e0ng.<\/li>\n<li>Kh\u1ea3 n\u0103ng m\u1edf r\u1ed9ng: D\u1ec5 d\u00e0ng m\u1edf r\u1ed9ng gi\u1ea3i ph\u00e1p sao l\u01b0u c\u1ee7a b\u1ea1n khi doanh nghi\u1ec7p c\u1ee7a b\u1ea1n ph\u00e1t tri\u1ec3n.<\/li>\n<\/ul>\n<\/ul>","protected":false},"featured_media":13857,"comment_status":"closed","ping_status":"closed","template":"","meta":[],"pwb-brand":[],"product_cat":[2881],"product_tag":[55],"class_list":{"0":"post-13856","1":"product","2":"type-product","3":"status-publish","4":"has-post-thumbnail","6":"product_cat-synology","7":"product_tag-run","9":"first","10":"instock","11":"shipping-taxable","12":"product-type-simple"},"brands":[],"_links":{"self":[{"href":"https:\/\/serverhot.vn\/es\/wp-json\/wp\/v2\/product\/13856","targetHints":{"allow":["GET"]}}],"collection":[{"href":"https:\/\/serverhot.vn\/es\/wp-json\/wp\/v2\/product"}],"about":[{"href":"https:\/\/serverhot.vn\/es\/wp-json\/wp\/v2\/types\/product"}],"replies":[{"embeddable":true,"href":"https:\/\/serverhot.vn\/es\/wp-json\/wp\/v2\/comments?post=13856"}],"wp:featuredmedia":[{"embeddable":true,"href":"https:\/\/serverhot.vn\/es\/wp-json\/wp\/v2\/media\/13857"}],"wp:attachment":[{"href":"https:\/\/serverhot.vn\/es\/wp-json\/wp\/v2\/media?parent=13856"}],"wp:term":[{"taxonomy":"pwb-brand","embeddable":true,"href":"https:\/\/serverhot.vn\/es\/wp-json\/wp\/v2\/pwb-brand?post=13856"},{"taxonomy":"product_cat","embeddable":true,"href":"https:\/\/serverhot.vn\/es\/wp-json\/wp\/v2\/product_cat?post=13856"},{"taxonomy":"product_tag","embeddable":true,"href":"https:\/\/serverhot.vn\/es\/wp-json\/wp\/v2\/product_tag?post=13856"}],"curies":[{"name":"wp","href":"https:\/\/api.w.org\/{rel}","templated":true}]}}