{"id":13986,"date":"2024-10-12T08:00:15","date_gmt":"2024-10-12T01:00:15","guid":{"rendered":"https:\/\/serverhot.vn\/-product-\/cisco-firepower-1120-firewall-ips-malware-defense-url-filtering-license-1-year-subscription-ma-san-pham-l-fpr1120t-tmc-1y\/"},"modified":"2024-10-12T08:00:20","modified_gmt":"2024-10-12T01:00:20","slug":"cisco-firepower-1120-firewall-ips-malware-defense-url-filtering-license-1-year-subscription-ma-san-pham-l-fpr1120t-tmc-1y","status":"publish","type":"product","link":"https:\/\/serverhot.vn\/es\/-product-\/cisco-firepower-1120-firewall-ips-malware-defense-url-filtering-license-1-year-subscription-ma-san-pham-l-fpr1120t-tmc-1y\/","title":{"rendered":"Cisco Firepower 1120 Firewall IPS, Malware Defense &amp; URL Filtering License (1-Year Subscription) M\u00e3 s\u1ea3n ph\u1ea9m: L-FPR1120T-TMC-1Y"},"content":{"rendered":"<div class=\"showText tabs\" id=\"tab2\">\n                                    <\/div>","protected":false},"excerpt":{"rendered":"<ul>\n<ul style=\"list-style-type: square\">\n<li>D\u00e0nh cho T\u01b0\u1eddng l\u1eeda Cisco Firepower 1120 IPS<\/li>\n<li>B\u1ea3o v\u1ec7 ph\u1ea7n m\u1ec1m \u0111\u1ed9c h\u1ea1i &amp; L\u1ecdc URL<\/li>\n<li>T\u01b0\u01a1ng th\u00edch v\u1edbi T\u01b0\u1eddng l\u1eeda Cisco Firepower 1120,<\/li>\n<li>gi\u1ea5y ph\u00e9p 1 n\u0103m n\u00e0y cho IPS, B\u1ea3o v\u1ec7 ph\u1ea7n m\u1ec1m \u0111\u1ed9c h\u1ea1i v\u00e0 L\u1ecdc URL gi\u00fap gi\u1eef an to\u00e0n cho m\u1ea1ng c\u1ee7a doanh nghi\u1ec7p b\u1ea1n.<\/li>\n<\/ul>\n<\/ul>","protected":false},"featured_media":13987,"comment_status":"closed","ping_status":"closed","template":"","meta":[],"pwb-brand":[],"product_cat":[2918],"product_tag":[2847,2856],"class_list":{"0":"post-13986","1":"product","2":"type-product","3":"status-publish","4":"has-post-thumbnail","6":"product_cat-cisco-license","7":"product_tag-cisco","8":"product_tag-firewall","10":"first","11":"instock","12":"shipping-taxable","13":"product-type-simple"},"brands":[],"_links":{"self":[{"href":"https:\/\/serverhot.vn\/es\/wp-json\/wp\/v2\/product\/13986","targetHints":{"allow":["GET"]}}],"collection":[{"href":"https:\/\/serverhot.vn\/es\/wp-json\/wp\/v2\/product"}],"about":[{"href":"https:\/\/serverhot.vn\/es\/wp-json\/wp\/v2\/types\/product"}],"replies":[{"embeddable":true,"href":"https:\/\/serverhot.vn\/es\/wp-json\/wp\/v2\/comments?post=13986"}],"wp:featuredmedia":[{"embeddable":true,"href":"https:\/\/serverhot.vn\/es\/wp-json\/wp\/v2\/media\/13987"}],"wp:attachment":[{"href":"https:\/\/serverhot.vn\/es\/wp-json\/wp\/v2\/media?parent=13986"}],"wp:term":[{"taxonomy":"pwb-brand","embeddable":true,"href":"https:\/\/serverhot.vn\/es\/wp-json\/wp\/v2\/pwb-brand?post=13986"},{"taxonomy":"product_cat","embeddable":true,"href":"https:\/\/serverhot.vn\/es\/wp-json\/wp\/v2\/product_cat?post=13986"},{"taxonomy":"product_tag","embeddable":true,"href":"https:\/\/serverhot.vn\/es\/wp-json\/wp\/v2\/product_tag?post=13986"}],"curies":[{"name":"wp","href":"https:\/\/api.w.org\/{rel}","templated":true}]}}