{"id":14122,"date":"2024-10-14T23:00:12","date_gmt":"2024-10-14T16:00:12","guid":{"rendered":"https:\/\/serverhot.vn\/-product-\/may-tinh-de-ban-hp-aio-proone-240-g9-i3-1215u-8gb-512gb-23-8-ma-san-pham-6m3t0pa\/"},"modified":"2024-10-14T23:00:13","modified_gmt":"2024-10-14T16:00:13","slug":"may-tinh-de-ban-hp-aio-proone-240-g9-i3-1215u-8gb-512gb-23-8-ma-san-pham-6m3t0pa","status":"publish","type":"product","link":"https:\/\/serverhot.vn\/es\/-product-\/may-tinh-de-ban-hp-aio-proone-240-g9-i3-1215u-8gb-512gb-23-8-ma-san-pham-6m3t0pa\/","title":{"rendered":"M\u00e1y t\u00ednh \u0111\u1ec3 b\u00e0n HP AIO ProOne 240 G9 i3 1215U\/8GB\/512GB\/23.8 M\u00e3 s\u1ea3n ph\u1ea9m: 6M3T0PA"},"content":{"rendered":"<div class=\"showText tabs\" id=\"tab2\">\n                                    <\/div>","protected":false},"excerpt":{"rendered":"<ul>\n<div id=\"input_line_0\" style=\"padding-top: 5px;color: #081c36;font-family: SegoeuiPc, 'Segoe UI', 'San Francisco', 'Helvetica Neue', Helvetica, 'Lucida Grande', Roboto, Ubuntu, Tahoma, 'Microsoft Sans Serif', Arial, sans-serif;font-size: 15px;letter-spacing: 0.2px;background-color: #ffffff\"><span id=\"input_part_0\" class=\"\" data-mention=\"C\u00f4ng ngh\u1ec7 CPU:\">&#8211; C\u00f4ng ngh\u1ec7 CPU: <\/span><span id=\"input_part_0\" class=\"\" data-mention=\"i31215U1.20 GHz\">i31215U1.20 GHz<\/span><\/div>\n<div id=\"input_line_3\" style=\"color: #081c36;font-family: SegoeuiPc, 'Segoe UI', 'San Francisco', 'Helvetica Neue', Helvetica, 'Lucida Grande', Roboto, Ubuntu, Tahoma, 'Microsoft Sans Serif', Arial, sans-serif;font-size: 15px;letter-spacing: 0.2px;background-color: #ffffff\"><span id=\"input_part_0\" class=\"\" data-mention=\"RAM:\">&#8211; RAM: <\/span><span id=\"input_part_0\" class=\"\" data-mention=\"8 GBDDR4 2 khe (1 khe 8 GB + 1 khe tr\u1ed1ng)3200 MHz2 khe\">8 GBDDR4 2 khe (1 khe 8 GB + 1 khe tr\u1ed1ng)3200 MHz2 khe<\/span><\/div>\n<div id=\"input_line_6\" style=\"color: #081c36;font-family: SegoeuiPc, 'Segoe UI', 'San Francisco', 'Helvetica Neue', Helvetica, 'Lucida Grande', Roboto, Ubuntu, Tahoma, 'Microsoft Sans Serif', Arial, sans-serif;font-size: 15px;letter-spacing: 0.2px;background-color: #ffffff\"><span id=\"input_part_0\" class=\"\" data-mention=\"\u1ed4 c\u1ee9ng:\">&#8211; \u1ed4 c\u1ee9ng:<\/span><span id=\"input_part_0\" class=\"\" data-mention=\"512 GB SSD H\u1ed7 tr\u1ee3 khe c\u1eafm HDD SATA3 2.5 inchH\u1ed7 tr\u1ee3 khe M.2 connector for WLAN\">512 GB SSD H\u1ed7 tr\u1ee3 khe c\u1eafm HDD SATA3 2.5 inchH\u1ed7 tr\u1ee3 khe M.2 connector for WLAN<\/span><\/div>\n<div id=\"input_line_9\" style=\"color: #081c36;font-family: SegoeuiPc, 'Segoe UI', 'San Francisco', 'Helvetica Neue', Helvetica, 'Lucida Grande', Roboto, Ubuntu, Tahoma, 'Microsoft Sans Serif', Arial, sans-serif;font-size: 15px;letter-spacing: 0.2px;background-color: #ffffff\"><span id=\"input_part_0\" class=\"\" data-mention=\"M\u00e0n h\u00ecnh:\">&#8211; M\u00e0n h\u00ecnh:<\/span><span id=\"input_part_0\" class=\"\" data-mention=\"23.8\">23.8&#8243;Full HD<\/span><\/div>\n<div id=\"input_line_12\" style=\"color: #081c36;font-family: SegoeuiPc, 'Segoe UI', 'San Francisco', 'Helvetica Neue', Helvetica, 'Lucida Grande', Roboto, Ubuntu, Tahoma, 'Microsoft Sans Serif', Arial, sans-serif;font-size: 15px;letter-spacing: 0.2px;background-color: #ffffff\"><span id=\"input_part_0\" class=\"\" data-mention=\"Card m\u00e0n h\u00ecnh:\">&#8211; Card m\u00e0n h\u00ecnh:<\/span><span id=\"input_part_0\" class=\"\" data-mention=\"Intel UHD\">Intel UHD<\/span><\/div>\n<div id=\"input_line_15\" style=\"color: #081c36;font-family: SegoeuiPc, 'Segoe UI', 'San Francisco', 'Helvetica Neue', Helvetica, 'Lucida Grande', Roboto, Ubuntu, Tahoma, 'Microsoft Sans Serif', Arial, sans-serif;font-size: 15px;letter-spacing: 0.2px;background-color: #ffffff\"><span id=\"input_part_0\" class=\"\" data-mention=\"C\u1ed5ng k\u1ebft n\u1ed1i:\">&#8211; C\u1ed5ng k\u1ebft n\u1ed1i:<\/span><span id=\"input_part_0\" class=\"\" data-mention=\"HDMI2 x USB 2.0LAN (RJ45)Jack 3.5 mm2 x USB 3.2\">HDMI2 x USB 2.0LAN (RJ45)Jack 3.5 mm2 x USB 3.2<\/span><\/div>\n<div id=\"input_line_18\" style=\"color: #081c36;font-family: SegoeuiPc, 'Segoe UI', 'San Francisco', 'Helvetica Neue', Helvetica, 'Lucida Grande', Roboto, Ubuntu, Tahoma, 'Microsoft Sans Serif', Arial, sans-serif;font-size: 15px;letter-spacing: 0.2px;background-color: #ffffff\"><span id=\"input_part_0\" class=\"\" data-mention=\"H\u1ec7 \u0111i\u1ec1u h\u00e0nh:\">&#8211; H\u1ec7 \u0111i\u1ec1u h\u00e0nh:<\/span><span id=\"input_part_0\" class=\"\" data-mention=\"Windows 11\">Windows 11<\/span><\/div>\n<div id=\"input_line_21\" style=\"color: #081c36;font-family: SegoeuiPc, 'Segoe UI', 'San Francisco', 'Helvetica Neue', Helvetica, 'Lucida Grande', Roboto, Ubuntu, Tahoma, 'Microsoft Sans Serif', Arial, sans-serif;font-size: 15px;letter-spacing: 0.2px;background-color: #ffffff\"><span id=\"input_part_0\" class=\"\" data-mention=\"K\u00edch th\u01b0\u1edbc:\">&#8211; K\u00edch th\u01b0\u1edbc:<\/span><span id=\"input_part_0\" class=\"\" data-mention=\"D\u00e0i 540.6 mm - R\u1ed9ng 419 mm - D\u00e0y 183.7 mm - N\u1eb7ng 5.37 kg\">D\u00e0i 540.6 mm &#8211; R\u1ed9ng 419 mm &#8211; D\u00e0y 183.7 mm &#8211; N\u1eb7ng 5.37 kg<\/span><\/div>\n<\/ul>","protected":false},"featured_media":14123,"comment_status":"closed","ping_status":"closed","template":"","meta":[],"pwb-brand":[],"product_cat":[2887],"product_tag":[2841],"class_list":{"0":"post-14122","1":"product","2":"type-product","3":"status-publish","4":"has-post-thumbnail","6":"product_cat-hp","7":"product_tag-hdd","9":"first","10":"instock","11":"shipping-taxable","12":"product-type-simple"},"brands":[],"_links":{"self":[{"href":"https:\/\/serverhot.vn\/es\/wp-json\/wp\/v2\/product\/14122","targetHints":{"allow":["GET"]}}],"collection":[{"href":"https:\/\/serverhot.vn\/es\/wp-json\/wp\/v2\/product"}],"about":[{"href":"https:\/\/serverhot.vn\/es\/wp-json\/wp\/v2\/types\/product"}],"replies":[{"embeddable":true,"href":"https:\/\/serverhot.vn\/es\/wp-json\/wp\/v2\/comments?post=14122"}],"wp:featuredmedia":[{"embeddable":true,"href":"https:\/\/serverhot.vn\/es\/wp-json\/wp\/v2\/media\/14123"}],"wp:attachment":[{"href":"https:\/\/serverhot.vn\/es\/wp-json\/wp\/v2\/media?parent=14122"}],"wp:term":[{"taxonomy":"pwb-brand","embeddable":true,"href":"https:\/\/serverhot.vn\/es\/wp-json\/wp\/v2\/pwb-brand?post=14122"},{"taxonomy":"product_cat","embeddable":true,"href":"https:\/\/serverhot.vn\/es\/wp-json\/wp\/v2\/product_cat?post=14122"},{"taxonomy":"product_tag","embeddable":true,"href":"https:\/\/serverhot.vn\/es\/wp-json\/wp\/v2\/product_tag?post=14122"}],"curies":[{"name":"wp","href":"https:\/\/api.w.org\/{rel}","templated":true}]}}