{"id":14443,"date":"2024-11-22T13:45:07","date_gmt":"2024-11-22T06:45:07","guid":{"rendered":"https:\/\/serverhot.vn\/-product-\/dell-optiplex-7010-tower-intel-core-i3-12100-8gb-ram-512gb-ssd-intel-uhd-graphics-windows-11-home-2y-warranty-42ot701023-ma-san-pham-42ot701023\/"},"modified":"2024-11-22T13:45:09","modified_gmt":"2024-11-22T06:45:09","slug":"dell-optiplex-7010-tower-intel-core-i3-12100-8gb-ram-512gb-ssd-intel-uhd-graphics-windows-11-home-2y-warranty-42ot701023-ma-san-pham-42ot701023","status":"publish","type":"product","link":"https:\/\/serverhot.vn\/es\/-product-\/dell-optiplex-7010-tower-intel-core-i3-12100-8gb-ram-512gb-ssd-intel-uhd-graphics-windows-11-home-2y-warranty-42ot701023-ma-san-pham-42ot701023\/","title":{"rendered":"Dell OptiPlex 7010 Tower | Intel Core i3-12100 | 8GB RAM | 512GB SSD | Intel UHD Graphics | Windows 11 Home | 2Y Warranty | 42OT701023 M\u00e3 s\u1ea3n ph\u1ea9m: 42OT701023"},"content":{"rendered":"<div class=\"showText tabs\" id=\"tab2\">\n                                    <\/div>","protected":false},"excerpt":{"rendered":"<ul>\n<ul style=\"list-style-type: square\">\n<li>B\u1ed9 x\u1eed l\u00fd: Intel Core i3-12100 (4 nh\u00e2n, 8 lu\u1ed3ng, t\u1ed1c \u0111\u1ed9 l\u00ean \u0111\u1ebfn 4.30GHz)<\/li>\n<li>B\u1ed9 nh\u1edb: 8GB RAM DDR4 (1x8GB)<\/li>\n<li>L\u01b0u tr\u1eef: 512GB SSD M.2 2230 PCIe NVMe<\/li>\n<li>\u0110\u1ed3 h\u1ecda: Intel UHD Graphics\u00a0<\/li>\n<li>H\u1ec7 \u0111i\u1ec1u h\u00e0nh: Windows 11 Home<\/li>\n<li>M\u00e0u s\u1eafc: \u0110en<\/li>\n<li>Ph\u1ee5 ki\u1ec7n b\u1ed5 sung: Bao g\u1ed3m b\u00e0n ph\u00edm v\u00e0 chu\u1ed9t<\/li>\n<\/ul>\n<\/ul>","protected":false},"featured_media":14444,"comment_status":"closed","ping_status":"closed","template":"","meta":[],"pwb-brand":[],"product_cat":[2886],"product_tag":[],"class_list":{"0":"post-14443","1":"product","2":"type-product","3":"status-publish","4":"has-post-thumbnail","6":"product_cat-dell-workstation","8":"first","9":"instock","10":"shipping-taxable","11":"product-type-simple"},"brands":[],"_links":{"self":[{"href":"https:\/\/serverhot.vn\/es\/wp-json\/wp\/v2\/product\/14443","targetHints":{"allow":["GET"]}}],"collection":[{"href":"https:\/\/serverhot.vn\/es\/wp-json\/wp\/v2\/product"}],"about":[{"href":"https:\/\/serverhot.vn\/es\/wp-json\/wp\/v2\/types\/product"}],"replies":[{"embeddable":true,"href":"https:\/\/serverhot.vn\/es\/wp-json\/wp\/v2\/comments?post=14443"}],"wp:featuredmedia":[{"embeddable":true,"href":"https:\/\/serverhot.vn\/es\/wp-json\/wp\/v2\/media\/14444"}],"wp:attachment":[{"href":"https:\/\/serverhot.vn\/es\/wp-json\/wp\/v2\/media?parent=14443"}],"wp:term":[{"taxonomy":"pwb-brand","embeddable":true,"href":"https:\/\/serverhot.vn\/es\/wp-json\/wp\/v2\/pwb-brand?post=14443"},{"taxonomy":"product_cat","embeddable":true,"href":"https:\/\/serverhot.vn\/es\/wp-json\/wp\/v2\/product_cat?post=14443"},{"taxonomy":"product_tag","embeddable":true,"href":"https:\/\/serverhot.vn\/es\/wp-json\/wp\/v2\/product_tag?post=14443"}],"curies":[{"name":"wp","href":"https:\/\/api.w.org\/{rel}","templated":true}]}}