{"id":14445,"date":"2024-11-22T14:00:06","date_gmt":"2024-11-22T07:00:06","guid":{"rendered":"https:\/\/serverhot.vn\/-product-\/may-tinh-de-ban-dong-bo-dell-optiplex-7010-tower-i3-13100-8gb-512gb-ssd-kb_m-ubuntu-1yr-ma-san-pham-m7010-13100-08512u\/"},"modified":"2024-11-22T14:00:07","modified_gmt":"2024-11-22T07:00:07","slug":"may-tinh-de-ban-dong-bo-dell-optiplex-7010-tower-i3-13100-8gb-512gb-ssd-kb_m-ubuntu-1yr-ma-san-pham-m7010-13100-08512u","status":"publish","type":"product","link":"https:\/\/serverhot.vn\/es\/-product-\/may-tinh-de-ban-dong-bo-dell-optiplex-7010-tower-i3-13100-8gb-512gb-ssd-kb_m-ubuntu-1yr-ma-san-pham-m7010-13100-08512u\/","title":{"rendered":"M\u00e1y t\u00ednh \u0111\u1ec3 b\u00e0n \u0111\u1ed3ng b\u1ed9 Dell OptiPlex 7010 Tower (i3-13100 | 8GB | 512GB SSD | KB_M | Ubuntu| 1Yr ) M\u00e3 s\u1ea3n ph\u1ea9m: M7010-13100-08512U"},"content":{"rendered":"<div class=\"showText tabs\" id=\"tab2\">\n<div class=\"box_right_pro_view\">\n<div class=\"thongso_pro a_technical\" style=\"max-height: fit-content\">\n<p>OS<span> <\/span><\/p>\n<p>No Os<\/p>\n<p>CPU<span> <\/span><\/p>\n<p>Intel Core i3-13100 3.4GHz up to 4.5GHz<\/p>\n<p>RAM<span> <\/span><\/p>\n<p>8GB DDR4 3200Mhz (1x8GB)\u00a0<\/p>\n<p>\u1ed4 c\u1ee9ng<span> <\/span><\/p>\n<p>512GB SSD PCIe NVMe<\/p>\n<p>VGA<span> <\/span><\/p>\n<p>Intel UHD 730<\/p>\n<p>\u1ed4 \u0111\u0129a quang (DVD)<span> <\/span><\/p>\n<p>Kh\u00f4ng DVD\u00a0<\/p>\n<p>Keyboard<span> <\/span><\/p>\n<p>B\u00e0n ph\u00edm + Chu\u1ed9t Dell c\u00f3 d\u00e2y\u00a0<\/p>\n<p>Ph\u00e2n lo\u1ea1i<span> <\/span><\/p>\n<p>Tower<\/p>\n<p>C\u1ed5ng k\u1ebft n\u1ed1i<span> <\/span><\/p>\n<p>2 x Two USB 2.0, 2 x Two USB 3.2 Gen 1, 1 x Universal audio jack port, 1 x HDMI 1.4b, 1 x DisplayPort 1.4a, 2 x Two USB 3.2 Gen 1, 2 x Two USB 2.0<\/p>\n<p>C\u00f4\u0309ng xu\u00e2\u0301t hi\u0300nh<span> <\/span><\/p>\n<p>HDMI, DisplayPort\u00a0<\/p>\n<p>Wifi<span> <\/span><\/p>\n<p>Kh\u00f4ng\u00a0<\/p>\n<p>Bluetooth<span> <\/span><\/p>\n<p>Kh\u00f4ng\u00a0<\/p>\n<p>K\u1ebft n\u1ed1i m\u1ea1ng LAN<span> <\/span><\/p>\n<p>10\/100\/1000 Mbps<\/p>\n<p>Ph\u1ee5 ki\u1ec7n k\u00e8m theo<span> <\/span><\/p>\n<p>Full box\u00a0<\/p>\n<p>K\u00edch th\u01b0\u1edbc<span> <\/span><\/p>\n<p>324.30 mm x 154.00 mm x 292.20 mm (HxWxD)<\/p>\n<p>Kh\u1ed1i l\u01b0\u1ee3ng<span> <\/span><\/p>\n<p>6.52 kg<\/p>\n<\/p><\/div>\n<p>                            <!--                            <\/p>\n<div class=\"xemthem_id_r\">--><br \/>\n                            <!--                                <a><!--\/show\/?token=--><br \/>\n                            <!--\"--><br \/>\n                            <!--                                   class=\"preview fancybox fancybox.ajax\" rel=\"nofollow\"&gt;Xem th&#234;m th&#244;ng s&#7889; k&#7929; thu&#7853;t<\/a>--><br \/>\n                            <!--                            <\/div>\n<p>-->\n                        <\/p><\/div>\n<\/p><\/div>","protected":false},"excerpt":{"rendered":"<ul>\n<p>OS: No Os<\/p>\n<p>CPU: Intel Core i3-13100 3.4GHz up to 4.5GHz<\/p>\n<p>RAM: 8GB DDR4 3200Mhz (1x8GB)<\/p>\n<p>\u1ed4 c\u1ee9ng: 512GB SSD PCIe NVMe<\/p>\n<p>VGA: Intel UHD 730<\/p>\n<\/ul>","protected":false},"featured_media":14446,"comment_status":"closed","ping_status":"closed","template":"","meta":[],"pwb-brand":[],"product_cat":[2886],"product_tag":[],"class_list":{"0":"post-14445","1":"product","2":"type-product","3":"status-publish","4":"has-post-thumbnail","6":"product_cat-dell-workstation","8":"first","9":"instock","10":"shipping-taxable","11":"product-type-simple"},"brands":[],"_links":{"self":[{"href":"https:\/\/serverhot.vn\/es\/wp-json\/wp\/v2\/product\/14445","targetHints":{"allow":["GET"]}}],"collection":[{"href":"https:\/\/serverhot.vn\/es\/wp-json\/wp\/v2\/product"}],"about":[{"href":"https:\/\/serverhot.vn\/es\/wp-json\/wp\/v2\/types\/product"}],"replies":[{"embeddable":true,"href":"https:\/\/serverhot.vn\/es\/wp-json\/wp\/v2\/comments?post=14445"}],"wp:featuredmedia":[{"embeddable":true,"href":"https:\/\/serverhot.vn\/es\/wp-json\/wp\/v2\/media\/14446"}],"wp:attachment":[{"href":"https:\/\/serverhot.vn\/es\/wp-json\/wp\/v2\/media?parent=14445"}],"wp:term":[{"taxonomy":"pwb-brand","embeddable":true,"href":"https:\/\/serverhot.vn\/es\/wp-json\/wp\/v2\/pwb-brand?post=14445"},{"taxonomy":"product_cat","embeddable":true,"href":"https:\/\/serverhot.vn\/es\/wp-json\/wp\/v2\/product_cat?post=14445"},{"taxonomy":"product_tag","embeddable":true,"href":"https:\/\/serverhot.vn\/es\/wp-json\/wp\/v2\/product_tag?post=14445"}],"curies":[{"name":"wp","href":"https:\/\/api.w.org\/{rel}","templated":true}]}}