{"id":14731,"date":"2025-03-04T05:30:13","date_gmt":"2025-03-03T22:30:13","guid":{"rendered":"https:\/\/serverhot.vn\/-product-\/thiet-bi-chuyen-doi-quang-dien-media-converter-gigabit-b-aptek-ap1113-20b-ma-san-pham-ap1113-20b\/"},"modified":"2025-03-04T05:30:17","modified_gmt":"2025-03-03T22:30:17","slug":"thiet-bi-chuyen-doi-quang-dien-media-converter-gigabit-b-aptek-ap1113-20b-ma-san-pham-ap1113-20b","status":"publish","type":"product","link":"https:\/\/serverhot.vn\/es\/-product-\/thiet-bi-chuyen-doi-quang-dien-media-converter-gigabit-b-aptek-ap1113-20b-ma-san-pham-ap1113-20b\/","title":{"rendered":"Thi\u1ebft b\u1ecb chuy\u1ec3n \u0111\u1ed5i quang \u0111i\u1ec7n Media Converter Gigabit (B) APTEK AP1113-20B M\u00e3 s\u1ea3n ph\u1ea9m: AP1113-20B"},"content":{"rendered":"<div class=\"showText tabs\" id=\"tab2\">\n<div class=\"box_right_pro_view\">\n<div class=\"thongso_pro a_technical\" style=\"max-height: fit-content\">\n<p>B\u1ed9 chuy\u1ec3n \u0111\u1ed5i quang \u0111i\u1ec7n &#8211; Converter l\u00e0 gi\u1ea3i ph\u00e1p cho ph\u00e9p truy\u1ec1n t\u1ea3i t\u00edn hi\u1ec7u internet v\u1edbi nh\u1eefng kho\u1ea3ng c\u00e1ch xa l\u00ean \u0111\u1ebfn h\u00e0ng km m\u00e0 c\u00e1p m\u1ea1ng kh\u00f4ng th\u1ec3 \u0111\u00e1p \u1ee9ng v\u1edbi \u0111\u1ed9 suy hao c\u1ef1c th\u1ea5p v\u1edbi gi\u00e1 th\u00e0nh ph\u1ea3i ch\u0103ng. M\u1ed9t b\u1ed9 bao g\u1ed3m 2 note A-B, th\u00f4ng th\u01b0\u1eddng note A s\u1ebd l\u00e0 thi\u1ebft b\u1ecb truy\u1ec1n t\u1ea3i t\u00edn hi\u1ec7u quang v\u00e0 note B s\u1ebd l\u00e0 thi\u1ebft b\u1ecb ti\u1ebfp nh\u1eadn t\u00edn hi\u1ec7u.<\/p>\n<p>\u00a0<\/p>\n<p>Aptek AP1113-20B l\u00e0 note B trong b\u1ed9 A-B v\u1edbi ti\u00eau c\u1ed5ng Lan chu\u1ea9n gigabit t\u1ed1i \u01b0u t\u1ed1c \u0111\u1ed9 \u0111\u01b0\u1eddng truy\u1ec1n, thi\u1ebft b\u1ecb bao g\u1ed3m 6 \u0111\u00e8n hi\u1ec3n th\u1ec9 bao g\u1ed3m:\u00a0<\/p>\n<p>\u00a0<\/p>\n<p>+ 1 \u0111\u00e8n t\u00edn hi\u1ec7u ngu\u1ed3n (PWR)<\/p>\n<p>\u00a0<\/p>\n<p>+ 1 \u0111\u00e8n b\u00e1o th\u00f4ng t\u00edn hi\u1ec7u quang (FDX)<\/p>\n<p>\u00a0<\/p>\n<p>+ 1 \u0111\u00e8n th\u1ec3 hi\u1ec7n t\u1ed1c \u0111\u1ed9 k\u1ebft n\u1ed1i 1Gbps (1000)<\/p>\n<p>\u00a0<\/p>\n<p>+ 1 \u0111\u00e8n th\u1ec3 hi\u1ec7n t\u1ed1c \u0111\u1ed9 100Mbps (100)<\/p>\n<p>\u00a0<\/p>\n<p>+\u00a0 1 \u0111\u00e8n th\u1ec3 hi\u1ec7n t\u00edn hi\u1ec7u truy\u1ec1n TX<\/p>\n<p>\u00a0<\/p>\n<p>+ 1 \u0111\u00e8n th\u1ec3 hi\u1ec7n t\u00edn hi\u1ec7u thu RX<\/p>\n<\/p><\/div>\n<p>                            <!--                            <\/p>\n<div class=\"xemthem_id_r\">--><br \/>\n                            <!--                                <a><!--\/show\/?token=--><br \/>\n                            <!--\"--><br \/>\n                            <!--                                   class=\"preview fancybox fancybox.ajax\" rel=\"nofollow\"&gt;Xem th&#234;m th&#244;ng s&#7889; k&#7929; thu&#7853;t<\/a>--><br \/>\n                            <!--                            <\/div>\n<p>-->\n                        <\/p><\/div>\n<\/p><\/div>","protected":false},"excerpt":{"rendered":"<ul>\n                                                    <\/ul>","protected":false},"featured_media":14732,"comment_status":"closed","ping_status":"closed","template":"","meta":[],"pwb-brand":[],"product_cat":[2897],"product_tag":[],"class_list":{"0":"post-14731","1":"product","2":"type-product","3":"status-publish","4":"has-post-thumbnail","6":"product_cat-aptek","8":"first","9":"instock","10":"shipping-taxable","11":"product-type-simple"},"brands":[],"_links":{"self":[{"href":"https:\/\/serverhot.vn\/es\/wp-json\/wp\/v2\/product\/14731","targetHints":{"allow":["GET"]}}],"collection":[{"href":"https:\/\/serverhot.vn\/es\/wp-json\/wp\/v2\/product"}],"about":[{"href":"https:\/\/serverhot.vn\/es\/wp-json\/wp\/v2\/types\/product"}],"replies":[{"embeddable":true,"href":"https:\/\/serverhot.vn\/es\/wp-json\/wp\/v2\/comments?post=14731"}],"wp:featuredmedia":[{"embeddable":true,"href":"https:\/\/serverhot.vn\/es\/wp-json\/wp\/v2\/media\/14732"}],"wp:attachment":[{"href":"https:\/\/serverhot.vn\/es\/wp-json\/wp\/v2\/media?parent=14731"}],"wp:term":[{"taxonomy":"pwb-brand","embeddable":true,"href":"https:\/\/serverhot.vn\/es\/wp-json\/wp\/v2\/pwb-brand?post=14731"},{"taxonomy":"product_cat","embeddable":true,"href":"https:\/\/serverhot.vn\/es\/wp-json\/wp\/v2\/product_cat?post=14731"},{"taxonomy":"product_tag","embeddable":true,"href":"https:\/\/serverhot.vn\/es\/wp-json\/wp\/v2\/product_tag?post=14731"}],"curies":[{"name":"wp","href":"https:\/\/api.w.org\/{rel}","templated":true}]}}