{"id":14803,"date":"2025-03-28T17:15:15","date_gmt":"2025-03-28T10:15:15","guid":{"rendered":"https:\/\/serverhot.vn\/-product-\/laptop-lenovo-thinkbook-16-g6-irl-21kh00q0vn-intel-core-i5-13420h-16gb-512gb-intel-uhd-16-inch-wuxga-win-11-xam-ma-san-pham-21kh00q0vn\/"},"modified":"2025-03-28T17:15:19","modified_gmt":"2025-03-28T10:15:19","slug":"laptop-lenovo-thinkbook-16-g6-irl-21kh00q0vn-intel-core-i5-13420h-16gb-512gb-intel-uhd-16-inch-wuxga-win-11-xam-ma-san-pham-21kh00q0vn","status":"publish","type":"product","link":"https:\/\/serverhot.vn\/es\/-product-\/laptop-lenovo-thinkbook-16-g6-irl-21kh00q0vn-intel-core-i5-13420h-16gb-512gb-intel-uhd-16-inch-wuxga-win-11-xam-ma-san-pham-21kh00q0vn\/","title":{"rendered":"Laptop Lenovo ThinkBook 16 G6 IRL 21KH00Q0VN (Intel Core i5-13420H | 16GB | 512GB | Intel UHD | 16 inch WUXGA | Win 11 | X\u00e1m) M\u00e3 s\u1ea3n ph\u1ea9m: 21KH00Q0VN"},"content":{"rendered":"<div class=\"showText tabs\" id=\"tab2\">\n                                    <\/div>","protected":false},"excerpt":{"rendered":"<ul>\n<ul>\n<li>CPU: Intel Core i5-13420H, 8C (4P + 4E) \/ 12T, P-core 2.1 \/ 4.6GHz, E-core 1.5 \/ 3.4GHz, 12MB<\/li>\n<li>RAM: 2x 8GB SO-DIMM DDR5-5200 (Up to 64GB DDR5-5200)<\/li>\n<li>\u1ed4 c\u1ee9ng: 512GB SSD M.2 2242 PCIe\u00ae 4.0&#215;4 NVMe\u00ae<\/li>\n<li>VGA: Integrated Intel\u00ae UHD Graphics<\/li>\n<li>M\u00e0n h\u00ecnh: 16&#8243; WUXGA (1920&#215;1200) IPS 300nits Anti-glare, 45% NTSC<\/li>\n<li>T\u00ednh n\u0103ng: B\u1ea3o m\u1eadt v\u00e2n tay, \u0111\u00e8n n\u1ec1n b\u00e0n ph\u00edm<\/li>\n<li>Pin: 3 cell, 71Wh<\/li>\n<li>C\u00e2n n\u1eb7ng: 1.7 kg<\/li>\n<li>M\u00e0u s\u1eafc: X\u00e1m<\/li>\n<li>OS: Windows\u00ae 11 Home Single Language<\/li>\n<\/ul>\n<\/ul>","protected":false},"featured_media":14804,"comment_status":"closed","ping_status":"closed","template":"","meta":[],"pwb-brand":[],"product_cat":[2892],"product_tag":[],"class_list":{"0":"post-14803","1":"product","2":"type-product","3":"status-publish","4":"has-post-thumbnail","6":"product_cat-lenovo-laptop","8":"first","9":"instock","10":"shipping-taxable","11":"product-type-simple"},"brands":[],"_links":{"self":[{"href":"https:\/\/serverhot.vn\/es\/wp-json\/wp\/v2\/product\/14803","targetHints":{"allow":["GET"]}}],"collection":[{"href":"https:\/\/serverhot.vn\/es\/wp-json\/wp\/v2\/product"}],"about":[{"href":"https:\/\/serverhot.vn\/es\/wp-json\/wp\/v2\/types\/product"}],"replies":[{"embeddable":true,"href":"https:\/\/serverhot.vn\/es\/wp-json\/wp\/v2\/comments?post=14803"}],"wp:featuredmedia":[{"embeddable":true,"href":"https:\/\/serverhot.vn\/es\/wp-json\/wp\/v2\/media\/14804"}],"wp:attachment":[{"href":"https:\/\/serverhot.vn\/es\/wp-json\/wp\/v2\/media?parent=14803"}],"wp:term":[{"taxonomy":"pwb-brand","embeddable":true,"href":"https:\/\/serverhot.vn\/es\/wp-json\/wp\/v2\/pwb-brand?post=14803"},{"taxonomy":"product_cat","embeddable":true,"href":"https:\/\/serverhot.vn\/es\/wp-json\/wp\/v2\/product_cat?post=14803"},{"taxonomy":"product_tag","embeddable":true,"href":"https:\/\/serverhot.vn\/es\/wp-json\/wp\/v2\/product_tag?post=14803"}],"curies":[{"name":"wp","href":"https:\/\/api.w.org\/{rel}","templated":true}]}}