{"id":15109,"date":"2025-06-17T16:00:47","date_gmt":"2025-06-17T09:00:47","guid":{"rendered":"https:\/\/serverhot.vn\/-product-\/may-tinh-de-ban-dell-24-all-in-one-ec24250-ma-san-pham-42aio241334-01\/"},"modified":"2025-06-17T16:00:53","modified_gmt":"2025-06-17T09:00:53","slug":"may-tinh-de-ban-dell-24-all-in-one-ec24250-ma-san-pham-42aio241334-01","status":"publish","type":"product","link":"https:\/\/serverhot.vn\/es\/-product-\/may-tinh-de-ban-dell-24-all-in-one-ec24250-ma-san-pham-42aio241334-01\/","title":{"rendered":"M\u00e1y t\u00ednh \u0111\u1ec3 b\u00e0n Dell 24 All in One EC24250 M\u00e3 s\u1ea3n ph\u1ea9m: 42AIO241334-01"},"content":{"rendered":"<div class=\"showText tabs\" id=\"tab2\">\n<div class=\"box_right_pro_view\">\n<div class=\"thongso_pro a_technical\" style=\"max-height: fit-content\">\n<p>CPU Intel Core i5-1334U (12MB, Up to 4.60GHz)<\/p>\n<p>RAM 8GB DDR5 5200MHz (1x8GB)<\/p>\n<p>SSD 512GB M.2 PCIe NVMe<\/p>\n<p>Display 23.8 inch FHD, Anti-Glare, Narrow Border, Non-Touch<\/p>\n<p>VGA Intel UHD Graphics<\/p>\n<p>Keyboard &amp; Mouse KM5221W<\/p>\n<p>Wifi &amp; Bluetooth<\/p>\n<p>Color<\/p>\n<p>Weight 4.95 kg<\/p>\n<p>OS Windows 11 Home + Microsoft Office Home<\/p>\n<\/p><\/div>\n<p>                            <!--                            <\/p>\n<div class=\"xemthem_id_r\">--><br \/>\n                            <!--                                <a><!--\/show\/?token=--><br \/>\n                            <!--\"--><br \/>\n                            <!--                                   class=\"preview fancybox fancybox.ajax\" rel=\"nofollow\"&gt;Xem th&#234;m th&#244;ng s&#7889; k&#7929; thu&#7853;t<\/a>--><br \/>\n                            <!--                            <\/div>\n<p>-->\n                        <\/p><\/div>\n<\/p><\/div>","protected":false},"excerpt":{"rendered":"<ul>\n<p>CPU Intel Core i5-1334U (12MB, Up to 4.60GHz)<\/p>\n<p>RAM 8GB DDR5 5200MHz (1x8GB)<\/p>\n<p>SSD 512GB M.2 PCIe NVMe<\/p>\n<p>Display 23.8 inch FHD, Anti-Glare, Narrow Border, Non-Touch<\/p>\n<p>VGA Intel UHD Graphics<\/p>\n<p>Keyboard &amp; Mouse KM5221W<\/p>\n<p>Wifi &amp; Bluetooth<\/p>\n<p>Color<\/p>\n<p>Weight 4.95 kg<\/p>\n<p>OS Windows 11 Home + Microsoft Office Home<\/p>\n<\/ul>","protected":false},"featured_media":15110,"comment_status":"closed","ping_status":"closed","template":"","meta":[],"pwb-brand":[],"product_cat":[2886],"product_tag":[],"class_list":{"0":"post-15109","1":"product","2":"type-product","3":"status-publish","4":"has-post-thumbnail","6":"product_cat-dell-workstation","8":"first","9":"instock","10":"shipping-taxable","11":"product-type-simple"},"brands":[],"_links":{"self":[{"href":"https:\/\/serverhot.vn\/es\/wp-json\/wp\/v2\/product\/15109","targetHints":{"allow":["GET"]}}],"collection":[{"href":"https:\/\/serverhot.vn\/es\/wp-json\/wp\/v2\/product"}],"about":[{"href":"https:\/\/serverhot.vn\/es\/wp-json\/wp\/v2\/types\/product"}],"replies":[{"embeddable":true,"href":"https:\/\/serverhot.vn\/es\/wp-json\/wp\/v2\/comments?post=15109"}],"wp:featuredmedia":[{"embeddable":true,"href":"https:\/\/serverhot.vn\/es\/wp-json\/wp\/v2\/media\/15110"}],"wp:attachment":[{"href":"https:\/\/serverhot.vn\/es\/wp-json\/wp\/v2\/media?parent=15109"}],"wp:term":[{"taxonomy":"pwb-brand","embeddable":true,"href":"https:\/\/serverhot.vn\/es\/wp-json\/wp\/v2\/pwb-brand?post=15109"},{"taxonomy":"product_cat","embeddable":true,"href":"https:\/\/serverhot.vn\/es\/wp-json\/wp\/v2\/product_cat?post=15109"},{"taxonomy":"product_tag","embeddable":true,"href":"https:\/\/serverhot.vn\/es\/wp-json\/wp\/v2\/product_tag?post=15109"}],"curies":[{"name":"wp","href":"https:\/\/api.w.org\/{rel}","templated":true}]}}