{"id":10903,"date":"2024-06-29T12:56:01","date_gmt":"2024-06-29T05:56:01","guid":{"rendered":"https:\/\/serverhot.vn\/product\/uncategorized\/thiet-bi-luu-tru-synology-ds723-ma-san-pham-ds723\/"},"modified":"2024-06-29T12:56:02","modified_gmt":"2024-06-29T05:56:02","slug":"thiet-bi-luu-tru-synology-ds723-ma-san-pham-ds723","status":"publish","type":"product","link":"https:\/\/serverhot.vn\/fr\/-product-\/thiet-bi-luu-tru-synology-ds723-ma-san-pham-ds723\/","title":{"rendered":"Thi\u1ebft B\u1ecb L\u01b0u Tr\u1eef Synology DS723+ M\u00e3 s\u1ea3n ph\u1ea9m: DS723+"},"content":{"rendered":"<div class=\"showText tabs\" id=\"tab2\">\n<div class=\"box_right_pro_view\">\n<div class=\"thongso_pro a_technical\" style=\"max-height: fit-content\">\n<p>\u00a0<\/p>\n<table class=\"spec_table\">\n<tbody>\n<tr>\n<th>\n<div class=\"h4\">CPU<\/div>\n<\/th>\n<td>CPU Model<\/td>\n<td>AMD Ryzen R1600<\/td>\n<\/tr>\n<tr>\n<th>\u00a0<\/th>\n<td>CPU Quantity<\/td>\n<td>1<\/td>\n<\/tr>\n<tr>\n<th>\u00a0<\/th>\n<td>CPU Architecture<\/td>\n<td>64-bit<\/td>\n<\/tr>\n<tr>\n<th>\u00a0<\/th>\n<td>CPU Frequency<\/td>\n<td>2-core 2.6 (base) \/ 3.1 (turbo) GHz<\/td>\n<\/tr>\n<tr>\n<th>\u00a0<\/th>\n<td>Hardware Encryption Engine (AES-NI)<\/td>\n<td>\u00a0<\/td>\n<\/tr>\n<tr>\n<th>\n<div class=\"h4\">Memory<\/div>\n<\/th>\n<td>System Memory<\/td>\n<td>2 GB DDR4 ECC<\/td>\n<\/tr>\n<tr>\n<th>\u00a0<\/th>\n<td>Memory Module Pre-installed<\/td>\n<td>2 GB (2 GB x 1)<\/td>\n<\/tr>\n<tr>\n<th>\u00a0<\/th>\n<td>Total Memory Slots<\/td>\n<td>2<\/td>\n<\/tr>\n<tr>\n<th>\u00a0<\/th>\n<td>Maximum Memory Capacity<\/td>\n<td>32 GB (16 GB x 2)<\/td>\n<\/tr>\n<tr>\n<th>\u00a0<\/th>\n<td>Notes<\/td>\n<td>\n<ul>\n<li>Synology reserves the right to replace memory modules with the same or higher frequency based on supplier&#8217;s product life cycle status. Rest assured that the compatibility and stability have been strictly verified with the same benchmark to ensure identical performance.<\/li>\n<li>Please select Synology memory modules for optimum compatibility and reliability. Synology will not provide complete product warranty or technical support if non-Synology memory modules are used for memory expansion.<\/li>\n<li>\u0110\u1ec3 bi\u1ebft th\u00eam th\u00f4ng tin v\u1ec1 c\u1ea5u h\u00ecnh b\u1ed9 nh\u1edb \u0111\u1ec1 xu\u1ea5t, vui l\u00f2ng xem\u00a0H\u01b0\u1edbng d\u1eabn c\u00e0i \u0111\u1eb7t ph\u1ea7n c\u1ee9ng\u00a0c\u1ee7a s\u1ea3n ph\u1ea9m Synology c\u1ee7a b\u1ea1n.<\/li>\n<\/ul>\n<\/td>\n<\/tr>\n<tr>\n<th>\n<div class=\"h4\">Storage<\/div>\n<\/th>\n<td>Drive Bays<\/td>\n<td>2<\/td>\n<\/tr>\n<tr>\n<th>\u00a0<\/th>\n<td>Maximum Drive Bays with Expansion Unit<\/td>\n<td>7 (DX517 x 1)<\/td>\n<\/tr>\n<tr>\n<th>\u00a0<\/th>\n<td>M.2 Drive Slots<\/td>\n<td>2 (NVMe)<\/td>\n<\/tr>\n<tr>\n<th>\u00a0<\/th>\n<td>Compatible Drive Type*\u00a0(See all supported drives)<\/td>\n<td>\n<ul>\n<li>3.5&#8243; SATA HDD<\/li>\n<li>2.5&#8243; SATA SSD<\/li>\n<li>M.2 2280 NVMe SSD<\/li>\n<\/ul>\n<\/td>\n<\/tr>\n<tr>\n<th>\u00a0<\/th>\n<td>Hot Swappable Drive*<\/td>\n<td>\u00a0<\/td>\n<\/tr>\n<tr>\n<th>\u00a0<\/th>\n<td>Notes<\/td>\n<td>\n<ul>\n<li>T\u00ednh n\u0103ng \u1ed5 \u0111\u0129a c\u00f3 th\u1ec3 thay th\u1ebf n\u00f3ng (hot-swap) kh\u00f4ng \u0111\u01b0\u1ee3c h\u1ed7 tr\u1ee3 tr\u00ean khe c\u1eafm SSD M.2.<\/li>\n<li>&#8220;Compatible drive type&#8221; indicates drives that have been tested to be compatible with Synology products. This term does not indicate the maximum connection speed of each drive bay.<\/li>\n<\/ul>\n<\/td>\n<\/tr>\n<tr>\n<th>\n<div class=\"h4\">External Ports<\/div>\n<\/th>\n<td>RJ-45 1GbE LAN Port*<\/td>\n<td>2 (with Link Aggregation \/ Failover support)<\/td>\n<\/tr>\n<tr>\n<th>\u00a0<\/th>\n<td>USB 3.2 Gen 1 Port*<\/td>\n<td>1<\/td>\n<\/tr>\n<tr>\n<th>\u00a0<\/th>\n<td>eSATA Port<\/td>\n<td>1<\/td>\n<\/tr>\n<tr>\n<th>\u00a0<\/th>\n<td>Notes<\/td>\n<td>\n<ul>\n<li>This device&#8217;s 1GbE LAN ports have a maximum transmission unit (MTU) size of 1,500 bytes.<\/li>\n<li>The USB 3.0 standard was renamed to USB 3.2 Gen 1 by the USB Implementers Forum (USB-IF) in 2019.<\/li>\n<\/ul>\n<\/td>\n<\/tr>\n<tr>\n<th>\n<div class=\"h4\">PCIe<\/div>\n<\/th>\n<td>PCIe Expansion<\/td>\n<td>1 x Gen3 x2 network upgrade slot<\/td>\n<\/tr>\n<tr>\n<th>\n<div class=\"h4\">File System<\/div>\n<\/th>\n<td>Internal Drives<\/td>\n<td>\n<ul>\n<li>Btrfs<\/li>\n<li>EXT4<\/li>\n<\/ul>\n<\/td>\n<\/tr>\n<\/tbody>\n<\/table>\n<p>\u00a0<\/p>\n<\/p><\/div>\n<p>                            <!--                            <\/p>\n<div class=\"xemthem_id_r\">--><br \/>\n                            <!--                                <a><!--\/show\/?token=--><br \/>\n                            <!--\"--><br \/>\n                            <!--                                   class=\"preview fancybox fancybox.ajax\" rel=\"nofollow\"&gt;Xem th&#234;m th&#244;ng s&#7889; k&#7929; thu&#7853;t<\/a>--><br \/>\n                            <!--                            <\/div>\n<p>-->\n                        <\/p><\/div>\n<\/p><\/div>","protected":false},"excerpt":{"rendered":"<ul>\n<ul>\n<li>CPU: AMD Ryzen R1600 2-core 2.6 (base) \/ 3.1 (turbo) GHz<\/li>\n<li>Memory: 2GB DDR4 ECC N\u00e2ng c\u1ea5p l\u00ean \u0111\u1ebfn 32 GB (16 GB x 2)<\/li>\n<li>\u1ed4 \u0111\u0129a: 2 khay \u1ed5 \u0111\u0129a n\u00e2ng c\u1ea5p 7 khay \u1ed5 \u0111\u0129a v\u1edbi b\u1ed9 m\u1edf r\u1ed9ng DX517<\/li>\n<li>B\u1ed9 nh\u1edb \u0111\u1ec7m: 2 khe M.2<\/li>\n<li>C\u1ed5ng k\u1ebft n\u1ed1i: 2 c\u1ed5ng RJ-45 1GbE LAN, 2 c\u1ed5ng USB 3.2 Gen 1, 1 c\u1ed5ng eSATA PCIe<\/li>\n<li>Expansion: 1 x Gen3 x2 network upgrade slot (10GbE Option)<\/li>\n<\/ul>\n<\/ul>","protected":false},"featured_media":10904,"comment_status":"closed","ping_status":"closed","template":"","meta":[],"pwb-brand":[],"product_cat":[2881],"product_tag":[2841,25],"class_list":{"0":"post-10903","1":"product","2":"type-product","3":"status-publish","4":"has-post-thumbnail","6":"product_cat-synology","7":"product_tag-hdd","8":"product_tag-man","10":"first","11":"instock","12":"shipping-taxable","13":"product-type-simple"},"brands":[],"_links":{"self":[{"href":"https:\/\/serverhot.vn\/fr\/wp-json\/wp\/v2\/product\/10903","targetHints":{"allow":["GET"]}}],"collection":[{"href":"https:\/\/serverhot.vn\/fr\/wp-json\/wp\/v2\/product"}],"about":[{"href":"https:\/\/serverhot.vn\/fr\/wp-json\/wp\/v2\/types\/product"}],"replies":[{"embeddable":true,"href":"https:\/\/serverhot.vn\/fr\/wp-json\/wp\/v2\/comments?post=10903"}],"wp:featuredmedia":[{"embeddable":true,"href":"https:\/\/serverhot.vn\/fr\/wp-json\/wp\/v2\/media\/10904"}],"wp:attachment":[{"href":"https:\/\/serverhot.vn\/fr\/wp-json\/wp\/v2\/media?parent=10903"}],"wp:term":[{"taxonomy":"pwb-brand","embeddable":true,"href":"https:\/\/serverhot.vn\/fr\/wp-json\/wp\/v2\/pwb-brand?post=10903"},{"taxonomy":"product_cat","embeddable":true,"href":"https:\/\/serverhot.vn\/fr\/wp-json\/wp\/v2\/product_cat?post=10903"},{"taxonomy":"product_tag","embeddable":true,"href":"https:\/\/serverhot.vn\/fr\/wp-json\/wp\/v2\/product_tag?post=10903"}],"curies":[{"name":"wp","href":"https:\/\/api.w.org\/{rel}","templated":true}]}}