{"id":10977,"date":"2024-06-29T13:06:21","date_gmt":"2024-06-29T06:06:21","guid":{"rendered":"https:\/\/serverhot.vn\/product\/uncategorized\/man-hinh-lcd-dell-24inch-p2419h-1920x1080-ips-60hz-5ms-ma-san-pham-p2419h\/"},"modified":"2024-06-29T13:06:23","modified_gmt":"2024-06-29T06:06:23","slug":"man-hinh-lcd-dell-24inch-p2419h-1920x1080-ips-60hz-5ms-ma-san-pham-p2419h","status":"publish","type":"product","link":"https:\/\/serverhot.vn\/fr\/-product-\/man-hinh-lcd-dell-24inch-p2419h-1920x1080-ips-60hz-5ms-ma-san-pham-p2419h\/","title":{"rendered":"M\u00e0n H\u00ecnh LCD Dell 24inch P2419H (1920&#215;1080\/IPS\/60Hz\/5ms) M\u00e3 s\u1ea3n ph\u1ea9m: P2419H"},"content":{"rendered":"<div class=\"showText tabs\" id=\"tab2\">\n<div class=\"box_right_pro_view\">\n<div class=\"thongso_pro a_technical\" style=\"max-height: fit-content\">\n<table border=\"1\">\n<tbody>\n<tr>\n<td bgcolor=\"#EEEEEE\" height=\"23\">Th\u01b0\u01a1ng hi\u1ec7u<\/td>\n<td>Dell<\/td>\n<\/tr>\n<tr>\n<td bgcolor=\"#EEEEEE\" height=\"23\">T\u00ean s\u1ea3n ph\u1ea9m<\/td>\n<td>P2419H<\/td>\n<\/tr>\n<tr>\n<td bgcolor=\"#EEEEEE\" height=\"23\">M\u00e0u v\u1ecf<\/td>\n<td>\u0110en<\/td>\n<\/tr>\n<tr>\n<td bgcolor=\"#EEEEEE\" height=\"23\">Ph\u00e2n kh\u00fac<\/td>\n<td>Doanh nghi\u1ec7p<\/td>\n<\/tr>\n<tr>\n<td colspan=\"2\" valign=\"middle\" height=\"26\">M\u00e0n h\u00ecnh<\/td>\n<\/tr>\n<tr>\n<td bgcolor=\"#EEEEEE\" height=\"23\">K\u00edch th\u01b0\u1edbc m\u00e0n h\u00ecnh<\/td>\n<td>24&#8243; (tr\u1eeb vi\u1ec1n 23.8&#8243;)<\/td>\n<\/tr>\n<tr>\n<td bgcolor=\"#EEEEEE\" height=\"23\">Ph\u1ee7 b\u1ec1 m\u1eb7t<\/td>\n<td>Ch\u1ed1ng l\u00f3a<\/td>\n<\/tr>\n<tr>\n<td bgcolor=\"#EEEEEE\" height=\"23\">\u0110\u00e8n n\u1ec1n<\/td>\n<td>LED<\/td>\n<\/tr>\n<tr>\n<td bgcolor=\"#EEEEEE\" height=\"23\">Ki\u1ec3u m\u00e0n h\u00ecnh<\/td>\n<td>R\u1ed9ng<\/td>\n<\/tr>\n<tr>\n<td bgcolor=\"#EEEEEE\" height=\"23\">\u0110\u1ed9 ph\u00e2n gi\u1ea3i l\u1edbn nh\u1ea5t<\/td>\n<td>1920 x 1080<\/td>\n<\/tr>\n<tr>\n<td bgcolor=\"#EEEEEE\" height=\"23\">\u0110\u1ed9 ph\u00e2n gi\u1ea3i khuy\u1ebfn c\u00e1o<\/td>\n<td>1920 x 1080<\/td>\n<\/tr>\n<tr>\n<td bgcolor=\"#EEEEEE\" height=\"23\">T\u1ea7n s\u1ed1 qu\u00e9t<\/td>\n<td>60 Hz<\/td>\n<\/tr>\n<tr>\n<td bgcolor=\"#EEEEEE\" height=\"23\">Viewing Angle<\/td>\n<td>178\u00b0 (H) \/ 178\u00b0 (V)<\/td>\n<\/tr>\n<tr>\n<td bgcolor=\"#EEEEEE\" height=\"23\">K\u00edch c\u1ee1 \u0111i\u1ec3m \u1ea3nh<\/td>\n<td>0.275mm x 0.275mm<\/td>\n<\/tr>\n<tr>\n<td bgcolor=\"#EEEEEE\" height=\"23\">M\u00e0u m\u00e0n h\u00ecnh<\/td>\n<td>16.7 Million<\/td>\n<\/tr>\n<tr>\n<td bgcolor=\"#EEEEEE\" height=\"23\">\u0110\u1ed9 s\u00e1ng<\/td>\n<td>250 cd\/m2<\/td>\n<\/tr>\n<tr>\n<td bgcolor=\"#EEEEEE\" height=\"23\">\u0110\u1ed9 t\u01b0\u01a1ng ph\u1ea3n<\/td>\n<td>1000:1<\/td>\n<\/tr>\n<tr>\n<td bgcolor=\"#EEEEEE\" height=\"23\">T\u1ec9 l\u1ec7 m\u00e0n h\u00ecnh<\/td>\n<td>16:9<\/td>\n<\/tr>\n<tr>\n<td bgcolor=\"#EEEEEE\" height=\"23\">Th\u1eddi gian ph\u1ea3n \u1ee9ng<\/td>\n<td>5 ms (gray to gray)<\/td>\n<\/tr>\n<tr>\n<td bgcolor=\"#EEEEEE\" height=\"23\">T\u1ea5m n\u1ec1n<\/td>\n<td>IPS<\/td>\n<\/tr>\n<tr>\n<td bgcolor=\"#EEEEEE\" height=\"23\">Lo\u1ea1i m\u00e0n h\u00ecnh<\/td>\n<td>Full HD<\/td>\n<\/tr>\n<tr>\n<td colspan=\"2\" valign=\"middle\" height=\"26\">K\u1ebft n\u1ed1i<\/td>\n<\/tr>\n<tr>\n<td bgcolor=\"#EEEEEE\" height=\"23\">D-Sub<\/td>\n<td>1 x D-sub<\/td>\n<\/tr>\n<tr>\n<td bgcolor=\"#EEEEEE\" height=\"23\">HDMI<\/td>\n<td>1 x HDMI 1.4<\/td>\n<\/tr>\n<tr>\n<td bgcolor=\"#EEEEEE\" height=\"23\">DisplayPort<\/td>\n<td>1 x DisplayPort 1.2<\/td>\n<\/tr>\n<tr>\n<td bgcolor=\"#EEEEEE\" height=\"23\">USB 2.0<\/td>\n<td>2 x USB 2.0 downstream ports (b\u00ean d\u01b0\u1edbi)<\/td>\n<\/tr>\n<tr>\n<td rowspan=\"2\" valign=\"middle\" bgcolor=\"#EEEEEE\" height=\"45\">USB 3.0<\/td>\n<td>1 x USB 3.0 upstream port (B\u00ean d\u01b0\u1edbi)<\/td>\n<\/tr>\n<tr>\n<td>2 x USB 3.0 downstream ports (B\u00ean h\u00f4ng)<\/td>\n<\/tr>\n<tr>\n<td colspan=\"2\" valign=\"middle\" height=\"26\">Ngu\u1ed3n<\/td>\n<\/tr>\n<tr>\n<td bgcolor=\"#EEEEEE\" height=\"23\">D\u00f2ng \u0111i\u1ec7n<\/td>\n<td>100 &#8211; 240 VAC, 50\/60Hz<\/td>\n<\/tr>\n<tr>\n<td rowspan=\"2\" valign=\"middle\" bgcolor=\"#EEEEEE\" height=\"45\">C\u00f4ng su\u1ea5t<\/td>\n<td>18W (c\u01a1 b\u1ea3n)<\/td>\n<\/tr>\n<tr>\n<td>42W (t\u1ed1i \u0111a)<\/td>\n<\/tr>\n<tr>\n<td colspan=\"2\" valign=\"middle\" height=\"26\">Ti\u1ec7n \u00edch<\/td>\n<\/tr>\n<tr>\n<td bgcolor=\"#EEEEEE\" height=\"23\">Ch\u1ee9ng ch\u1ec9<\/td>\n<td>Plug and Play, DDC\/CI, RoHS, TCO Displays, EDID compatible, DisplayPort 1.2<\/td>\n<\/tr>\n<tr>\n<td rowspan=\"4\" valign=\"middle\" bgcolor=\"#EEEEEE\" height=\"91\">\u0110i\u1ec1u ch\u1ec9nh ch\u00e2n \u0111\u1ebf<\/td>\n<td>Chi\u1ec1u cao c\u00f3 th\u1ec3 \u0111i\u1ec1u ch\u1ec9nh (130mm)<\/td>\n<\/tr>\n<tr>\n<td>Ng\u1ea3 (-5\u00b0 \u0111\u1ebfn 21\u00b0)<\/td>\n<\/tr>\n<tr>\n<td>Xoay ngang (-45\u00b0\u0111\u1ebfn 45\u00b0)<\/td>\n<\/tr>\n<tr>\n<td>Xoay d\u1ecdc (-90\u00b0 \u0111\u1ebfn 90\u00b0)<\/td>\n<\/tr>\n<tr>\n<td bgcolor=\"#EEEEEE\" height=\"23\">T\u01b0\u01a1ng th\u00edch VESA<\/td>\n<td>100 x 100mm<\/td>\n<\/tr>\n<tr>\n<td colspan=\"2\" valign=\"middle\" height=\"26\">K\u00edch th\u01b0\u1edbc, tr\u1ecdng l\u01b0\u1ee3ng<\/td>\n<\/tr>\n<tr>\n<td rowspan=\"2\" valign=\"middle\" bgcolor=\"#EEEEEE\" height=\"45\">K\u00edch th\u01b0\u1edbc (Cao x r\u1ed9ng x d\u1ea7y)<\/td>\n<td>355.60 mm x 538.48 mm x 165.10 mm (bao g\u1ed3m ch\u00e2n)<\/td>\n<\/tr>\n<tr>\n<td>322.07 mm x 538.48 mm x 42.93 mm (kh\u00f4ng bao g\u1ed3m ch\u00e2n)<\/td>\n<\/tr>\n<tr>\n<td bgcolor=\"#EEEEEE\" height=\"23\">Tr\u1ecdng l\u01b0\u1ee3ng<\/td>\n<td>3.26 kg (kh\u00f4ng bao g\u1ed3m ch\u00e2n)<\/td>\n<\/tr>\n<\/tbody>\n<\/table><\/div>\n<p>                            <!--                            <\/p>\n<div class=\"xemthem_id_r\">--><br \/>\n                            <!--                                <a><!--\/show\/?token=--><br \/>\n                            <!--\"--><br \/>\n                            <!--                                   class=\"preview fancybox fancybox.ajax\" rel=\"nofollow\"&gt;Xem th&#234;m th&#244;ng s&#7889; k&#7929; thu&#7853;t<\/a>--><br \/>\n                            <!--                            <\/div>\n<p>-->\n                        <\/p><\/div>\n<\/p><\/div>","protected":false},"excerpt":{"rendered":"<ul>\n<div class=\"attribute-item py10 mx20\">\n<ul>\n<li class=\"w40 ml10\">Ki\u0301ch th\u01b0\u01a1\u0301c: 24 inch<\/li>\n<li class=\"w40 ml10\">\u0110\u00f4\u0323 ph\u00e2n gia\u0309i: 1920 x 1080 ( 16:9 )<\/li>\n<li class=\"w40 ml10\">T\u00e2\u0301m n\u00ea\u0300n: IPS<\/li>\n<li class=\"w40 ml10\">Ki\u00ea\u0309u ma\u0300n hi\u0300nh: M\u00e0n h\u00ecnh ph\u1eb3ng<\/li>\n<li class=\"w40 ml10\">Th\u01a1\u0300i gian pha\u0309n h\u00f4\u0300i: 5 ms<\/li>\n<li class=\"w40 ml10\">T\u00e2\u0300n s\u00f4\u0301 que\u0301t: 60Hz<\/li>\n<li class=\"w40 ml10\">\u0110\u00f4\u0323 sa\u0301ng: 250 cd\/m2<\/li>\n<li class=\"w40 ml10\">Kha\u0309 n\u0103ng hi\u00ea\u0309n thi\u0323 ma\u0300u s\u0103\u0301c: 16.7 tri\u1ec7u m\u00e0u<\/li>\n<li class=\"w40 ml10\">\u0110\u00f4\u0323 t\u01b0\u01a1ng pha\u0309n ti\u0303nh: 1,000:1<\/li>\n<li class=\"w40 ml10\">B\u00ea\u0300 m\u0103\u0323t: M\u00e0n h\u00ecnh ch\u1ed1ng l\u00f3a<\/li>\n<li class=\"w40 ml10\">HDR: kh\u00f4ng h\u00f4\u0303 tr\u01a1\u0323<\/li>\n<li class=\"w40 ml10\">C\u00f4\u0309ng xu\u00e2\u0301t hi\u0300nh: 1 x HDMI , 1 x DisplayPort , 1 x VGA\/D-sub<\/li>\n<li class=\"w40 ml10\">Phu\u0323 ki\u00ea\u0323n \u0111i ke\u0300m: C\u00e1p USB, C\u00e1p Displayport<\/li>\n<\/ul>\n<\/div>\n<\/ul>","protected":false},"featured_media":10978,"comment_status":"closed","ping_status":"closed","template":"","meta":[],"pwb-brand":[],"product_cat":[2909],"product_tag":[],"class_list":{"0":"post-10977","1":"product","2":"type-product","3":"status-publish","4":"has-post-thumbnail","6":"product_cat-man-hinh-may-tinh","8":"first","9":"instock","10":"shipping-taxable","11":"product-type-simple"},"brands":[],"_links":{"self":[{"href":"https:\/\/serverhot.vn\/fr\/wp-json\/wp\/v2\/product\/10977","targetHints":{"allow":["GET"]}}],"collection":[{"href":"https:\/\/serverhot.vn\/fr\/wp-json\/wp\/v2\/product"}],"about":[{"href":"https:\/\/serverhot.vn\/fr\/wp-json\/wp\/v2\/types\/product"}],"replies":[{"embeddable":true,"href":"https:\/\/serverhot.vn\/fr\/wp-json\/wp\/v2\/comments?post=10977"}],"wp:featuredmedia":[{"embeddable":true,"href":"https:\/\/serverhot.vn\/fr\/wp-json\/wp\/v2\/media\/10978"}],"wp:attachment":[{"href":"https:\/\/serverhot.vn\/fr\/wp-json\/wp\/v2\/media?parent=10977"}],"wp:term":[{"taxonomy":"pwb-brand","embeddable":true,"href":"https:\/\/serverhot.vn\/fr\/wp-json\/wp\/v2\/pwb-brand?post=10977"},{"taxonomy":"product_cat","embeddable":true,"href":"https:\/\/serverhot.vn\/fr\/wp-json\/wp\/v2\/product_cat?post=10977"},{"taxonomy":"product_tag","embeddable":true,"href":"https:\/\/serverhot.vn\/fr\/wp-json\/wp\/v2\/product_tag?post=10977"}],"curies":[{"name":"wp","href":"https:\/\/api.w.org\/{rel}","templated":true}]}}