{"id":11041,"date":"2024-06-29T13:14:34","date_gmt":"2024-06-29T06:14:34","guid":{"rendered":"https:\/\/serverhot.vn\/product\/uncategorized\/binh-ac-quy-csb-hr1234w-f2-12v9ah-12v34w-ma-san-pham-hr1234w\/"},"modified":"2024-06-29T13:14:34","modified_gmt":"2024-06-29T06:14:34","slug":"binh-ac-quy-csb-hr1234w-f2-12v9ah-12v34w-ma-san-pham-hr1234w","status":"publish","type":"product","link":"https:\/\/serverhot.vn\/fr\/-product-\/binh-ac-quy-csb-hr1234w-f2-12v9ah-12v34w-ma-san-pham-hr1234w\/","title":{"rendered":"B\u00ecnh \u1eaec Quy CSB HR1234W F2 12V9Ah (12V34W) M\u00e3 s\u1ea3n ph\u1ea9m: HR1234W"},"content":{"rendered":"<div class=\"showText tabs\" id=\"tab2\">\n                                    <\/div>","protected":false},"excerpt":{"rendered":"<ul>\n<p>\u0110i\u1ec7n \u00e1p: 12V<\/p>\n<p>Dung l\u01b0\u1ee3ng: 9Ah<\/p>\n<p>Lo\u1ea1i \u1eafc quy: Kh\u00f4, k\u00edn kh\u00ed kh\u00f4ng c\u1ea7n b\u1ea3o d\u01b0\u1ee1ng<\/p>\n<p>K\u00edch th\u01b0\u1edbc: 151 x 65 x 94mm (D x R x C)<\/p>\n<p>Kh\u1ed1i l\u01b0\u1ee3ng: 2.51Kg\u00a0<\/p>\n<\/ul>","protected":false},"featured_media":11042,"comment_status":"closed","ping_status":"closed","template":"","meta":[],"pwb-brand":[],"product_cat":[2913],"product_tag":[],"class_list":{"0":"post-11041","1":"product","2":"type-product","3":"status-publish","4":"has-post-thumbnail","6":"product_cat-bo-luu-dien-ups","8":"first","9":"instock","10":"shipping-taxable","11":"product-type-simple"},"brands":[],"_links":{"self":[{"href":"https:\/\/serverhot.vn\/fr\/wp-json\/wp\/v2\/product\/11041","targetHints":{"allow":["GET"]}}],"collection":[{"href":"https:\/\/serverhot.vn\/fr\/wp-json\/wp\/v2\/product"}],"about":[{"href":"https:\/\/serverhot.vn\/fr\/wp-json\/wp\/v2\/types\/product"}],"replies":[{"embeddable":true,"href":"https:\/\/serverhot.vn\/fr\/wp-json\/wp\/v2\/comments?post=11041"}],"wp:featuredmedia":[{"embeddable":true,"href":"https:\/\/serverhot.vn\/fr\/wp-json\/wp\/v2\/media\/11042"}],"wp:attachment":[{"href":"https:\/\/serverhot.vn\/fr\/wp-json\/wp\/v2\/media?parent=11041"}],"wp:term":[{"taxonomy":"pwb-brand","embeddable":true,"href":"https:\/\/serverhot.vn\/fr\/wp-json\/wp\/v2\/pwb-brand?post=11041"},{"taxonomy":"product_cat","embeddable":true,"href":"https:\/\/serverhot.vn\/fr\/wp-json\/wp\/v2\/product_cat?post=11041"},{"taxonomy":"product_tag","embeddable":true,"href":"https:\/\/serverhot.vn\/fr\/wp-json\/wp\/v2\/product_tag?post=11041"}],"curies":[{"name":"wp","href":"https:\/\/api.w.org\/{rel}","templated":true}]}}