{"id":11061,"date":"2024-06-29T13:18:10","date_gmt":"2024-06-29T06:18:10","guid":{"rendered":"https:\/\/serverhot.vn\/product\/uncategorized\/microsoft-windows-server-2022-1-user-cal-ma-san-pham-ms-winserver2022-usercal\/"},"modified":"2024-06-29T13:18:15","modified_gmt":"2024-06-29T06:18:15","slug":"microsoft-windows-server-2022-1-user-cal-ma-san-pham-ms-winserver2022-usercal","status":"publish","type":"product","link":"https:\/\/serverhot.vn\/fr\/-product-\/microsoft-windows-server-2022-1-user-cal-ma-san-pham-ms-winserver2022-usercal\/","title":{"rendered":"Microsoft Windows Server 2022 &#8211; 1 User CAL M\u00e3 s\u1ea3n ph\u1ea9m: MS-WINSERVER2022-USERCAL"},"content":{"rendered":"<div class=\"showText tabs\" id=\"tab2\">\n<div class=\"box_right_pro_view\">\n<div class=\"thongso_pro a_technical\" style=\"max-height: fit-content\">\n<p>\u00a0<\/p>\n<table dir=\"ltr\" border=\"1\" cellspacing=\"0\" cellpadding=\"0\" data-sheets-root=\"1\">\n<colgroup>\n<col width=\"212\">\n<col width=\"1035\"><\/colgroup>\n<tbody>\n<tr>\n<td colspan=\"2\" rowspan=\"1\" data-sheets-value=\"{\">Specifications<\/td>\n<\/tr>\n<tr>\n<td data-sheets-value=\"{\">Lo\u1ea1i S\u1ea3n ph\u1ea9m<\/td>\n<td data-sheets-value=\"{\">Ph\u1ea7n m\u1ec1m Microsoft Windows Server 2022 &#8211; 1 User CAL<\/td>\n<\/tr>\n<tr>\n<td data-sheets-value=\"{\">T\u00ean h\u00e3ng<\/td>\n<td data-sheets-value=\"{\">Microsoft<\/td>\n<\/tr>\n<tr>\n<td data-sheets-value=\"{\">D\u00f2ng s\u1ea3n ph\u1ea9m<\/td>\n<td data-sheets-value=\"{\">Windows Server 2022 Standard<\/td>\n<\/tr>\n<tr>\n<td data-sheets-value=\"{\">Phi\u00ean b\u1ea3n<\/td>\n<td data-sheets-value=\"{\">Ph\u1ea7n m\u1ec1m Microsoft Windows Server 2022 &#8211; 1 User CAL<\/td>\n<\/tr>\n<tr>\n<td data-sheets-value=\"{\">Th\u1eddi h\u1ea1n b\u1ea3n quy\u1ec1n<\/td>\n<td data-sheets-value=\"{\">V\u0129nh vi\u1ec5n<\/td>\n<\/tr>\n<tr>\n<td data-sheets-value=\"{\">S\u1ed1 m\u00e1y c\u00e0i \u0111\u1eb7t<\/td>\n<td data-sheets-value=\"{\">D\u00f9ng cho 1 M\u00e1y t\u00ednh<\/td>\n<\/tr>\n<tr>\n<td data-sheets-value=\"{\">Ph\u1ea1m vi s\u1eed d\u1ee5ng<\/td>\n<td data-sheets-value=\"{\">D\u00f9ng cho m\u00e1y t\u00ednh ch\u01b0a c\u00e0i \u0111\u1eb7t ph\u1ea7n m\u1ec1m b\u1ea3n quy\u1ec1n<\/td>\n<\/tr>\n<tr>\n<td data-sheets-value=\"{\">Formulaire de licence<\/td>\n<td data-sheets-value=\"{\">C\u1ea5p key<\/td>\n<\/tr>\n<\/tbody>\n<\/table><\/div>\n<p>                            <!--                            <\/p>\n<div class=\"xemthem_id_r\">--><br \/>\n                            <!--                                <a><!--\/show\/?token=--><br \/>\n                            <!--\"--><br \/>\n                            <!--                                   class=\"preview fancybox fancybox.ajax\" rel=\"nofollow\"&gt;Xem th&#234;m th&#244;ng s&#7889; k&#7929; thu&#7853;t<\/a>--><br \/>\n                            <!--                            <\/div>\n<p>-->\n                        <\/p><\/div>\n<\/p><\/div>","protected":false},"excerpt":{"rendered":"<ul>\n<p>Microsoft Windows Server 2022 &#8211; 1 User CAL gi\u1ea5y ph\u00e9p c\u1ea5p quy\u1ec1n truy c\u1eadp cho m\u1ed9t ng\u01b0\u1eddi d\u00f9ng c\u1ee5 th\u1ec3 \u0111\u1ec3 k\u1ebft n\u1ed1i v\u00e0 s\u1eed d\u1ee5ng c\u00e1c d\u1ecbch v\u1ee5 v\u00e0 t\u00e0i nguy\u00ean tr\u00ean m\u00e1y ch\u1ee7 Windows Server 2022.<br \/>Th\u1eddi h\u1ea1n b\u1ea3n quy\u1ec1n: V\u0129nh vi\u1ec5n<br \/>Lo\u1ea1i key: CSP<\/p>\n<\/ul>","protected":false},"featured_media":11062,"comment_status":"closed","ping_status":"closed","template":"","meta":[],"pwb-brand":[],"product_cat":[2917],"product_tag":[],"class_list":{"0":"post-11061","1":"product","2":"type-product","3":"status-publish","4":"has-post-thumbnail","6":"product_cat-microsoft","8":"first","9":"instock","10":"shipping-taxable","11":"product-type-simple"},"brands":[],"_links":{"self":[{"href":"https:\/\/serverhot.vn\/fr\/wp-json\/wp\/v2\/product\/11061","targetHints":{"allow":["GET"]}}],"collection":[{"href":"https:\/\/serverhot.vn\/fr\/wp-json\/wp\/v2\/product"}],"about":[{"href":"https:\/\/serverhot.vn\/fr\/wp-json\/wp\/v2\/types\/product"}],"replies":[{"embeddable":true,"href":"https:\/\/serverhot.vn\/fr\/wp-json\/wp\/v2\/comments?post=11061"}],"wp:featuredmedia":[{"embeddable":true,"href":"https:\/\/serverhot.vn\/fr\/wp-json\/wp\/v2\/media\/11062"}],"wp:attachment":[{"href":"https:\/\/serverhot.vn\/fr\/wp-json\/wp\/v2\/media?parent=11061"}],"wp:term":[{"taxonomy":"pwb-brand","embeddable":true,"href":"https:\/\/serverhot.vn\/fr\/wp-json\/wp\/v2\/pwb-brand?post=11061"},{"taxonomy":"product_cat","embeddable":true,"href":"https:\/\/serverhot.vn\/fr\/wp-json\/wp\/v2\/product_cat?post=11061"},{"taxonomy":"product_tag","embeddable":true,"href":"https:\/\/serverhot.vn\/fr\/wp-json\/wp\/v2\/product_tag?post=11061"}],"curies":[{"name":"wp","href":"https:\/\/api.w.org\/{rel}","templated":true}]}}