{"id":11197,"date":"2024-06-29T13:54:07","date_gmt":"2024-06-29T06:54:07","guid":{"rendered":"https:\/\/serverhot.vn\/product\/uncategorized\/may-tinh-mini-nuc-nuc6i5syh-intel-core-i3-6100u-ma-san-pham-nuc6i5syh\/"},"modified":"2024-06-29T13:54:09","modified_gmt":"2024-06-29T06:54:09","slug":"may-tinh-mini-nuc-nuc6i5syh-intel-core-i3-6100u-ma-san-pham-nuc6i5syh","status":"publish","type":"product","link":"https:\/\/serverhot.vn\/fr\/-product-\/may-tinh-mini-nuc-nuc6i5syh-intel-core-i3-6100u-ma-san-pham-nuc6i5syh\/","title":{"rendered":"M\u00e1y t\u00ednh mini NUC NUC6I5SYH Intel core i3 &#8211; 6100U M\u00e3 s\u1ea3n ph\u1ea9m: NUC6I5SYH"},"content":{"rendered":"<div class=\"showText tabs\" id=\"tab2\">\n                                    <\/div>","protected":false},"excerpt":{"rendered":"<ul>\n<p><span>M\u00e1y t\u00ednh mini NUC NUC6I5SYH Intel core i3 &#8211; 6100U ( 1.9GHz up to 2.3GHz ) Option ram DDR4 SODIMMs 1.2V , 2133MHz , 32GB Max.Option HDD \/ pow 19V , 65W<\/p>\n<p><\/span><\/p>\n<\/ul>","protected":false},"featured_media":11198,"comment_status":"closed","ping_status":"closed","template":"","meta":[],"pwb-brand":[],"product_cat":[2889],"product_tag":[2841],"class_list":{"0":"post-11197","1":"product","2":"type-product","3":"status-publish","4":"has-post-thumbnail","6":"product_cat-intel","7":"product_tag-hdd","9":"first","10":"instock","11":"shipping-taxable","12":"product-type-simple"},"brands":[],"_links":{"self":[{"href":"https:\/\/serverhot.vn\/fr\/wp-json\/wp\/v2\/product\/11197","targetHints":{"allow":["GET"]}}],"collection":[{"href":"https:\/\/serverhot.vn\/fr\/wp-json\/wp\/v2\/product"}],"about":[{"href":"https:\/\/serverhot.vn\/fr\/wp-json\/wp\/v2\/types\/product"}],"replies":[{"embeddable":true,"href":"https:\/\/serverhot.vn\/fr\/wp-json\/wp\/v2\/comments?post=11197"}],"wp:featuredmedia":[{"embeddable":true,"href":"https:\/\/serverhot.vn\/fr\/wp-json\/wp\/v2\/media\/11198"}],"wp:attachment":[{"href":"https:\/\/serverhot.vn\/fr\/wp-json\/wp\/v2\/media?parent=11197"}],"wp:term":[{"taxonomy":"pwb-brand","embeddable":true,"href":"https:\/\/serverhot.vn\/fr\/wp-json\/wp\/v2\/pwb-brand?post=11197"},{"taxonomy":"product_cat","embeddable":true,"href":"https:\/\/serverhot.vn\/fr\/wp-json\/wp\/v2\/product_cat?post=11197"},{"taxonomy":"product_tag","embeddable":true,"href":"https:\/\/serverhot.vn\/fr\/wp-json\/wp\/v2\/product_tag?post=11197"}],"curies":[{"name":"wp","href":"https:\/\/api.w.org\/{rel}","templated":true}]}}