{"id":11371,"date":"2024-06-29T14:16:08","date_gmt":"2024-06-29T07:16:08","guid":{"rendered":"https:\/\/serverhot.vn\/product\/uncategorized\/may-tinh-de-ban-dell-inspiron-3020-st-intelr-coretm-i7-13700-16-core-24t-30mb-cache-2-1ghz-to-5-2ghz-16gb-ram-1-x-16gb-ddr4-3200mhz-ssd-512gb-pcie-nvme-win11-sl1-year-warranty-ma-san-p\/"},"modified":"2024-06-29T14:16:10","modified_gmt":"2024-06-29T07:16:10","slug":"may-tinh-de-ban-dell-inspiron-3020-st-intelr-coretm-i7-13700-16-core-24t-30mb-cache-2-1ghz-to-5-2ghz-16gb-ram-1-x-16gb-ddr4-3200mhz-ssd-512gb-pcie-nvme-win11-sl1-year-warranty-ma-san-p","status":"publish","type":"product","link":"https:\/\/serverhot.vn\/fr\/-product-\/may-tinh-de-ban-dell-inspiron-3020-st-intelr-coretm-i7-13700-16-core-24t-30mb-cache-2-1ghz-to-5-2ghz-16gb-ram-1-x-16gb-ddr4-3200mhz-ssd-512gb-pcie-nvme-win11-sl1-year-warranty-ma-san-p\/","title":{"rendered":"M\u00e1y t\u00ednh \u0111\u1ec3 b\u00e0n Dell Inspiron 3020 ST &#8211; Intel(R) Core(TM) i7-13700 (16-Core\/24T\/ 30Mb Cache, 2.1GHz to 5.2GHz), 16GB RAM (1 x 16Gb DDR4 3200Mhz), SSD 512Gb PCIe NVMe, Win11 SL,1 year warranty M\u00e3 s\u1ea3n ph\u1ea9m: 4VGWP71"},"content":{"rendered":"<div class=\"showText tabs\" id=\"tab2\">\n                                    <\/div>","protected":false},"excerpt":{"rendered":"<ul>\n<p><span class=\"item\" style=\"margin-bottom: 5px;color: #333333;font-family: Roboto, sans-serif;font-size: 14px;background-color: #ffffff\">Ch\u00edp x\u1eed l\u00fd: Intel Core i7-13700 (2.1GHz upto 5.1GHz, 16-Core, 24MB Cache<\/span><span class=\"item\" style=\"margin-bottom: 5px;color: #333333;font-family: Roboto, sans-serif;font-size: 14px;background-color: #ffffff\">B\u1ed9 nh\u1edb Ram: 16GB DDR4 3200MHz (x2 slot) &#8211; max 64GB<\/span><span class=\"item\" style=\"margin-bottom: 5px;color: #333333;font-family: Roboto, sans-serif;font-size: 14px;background-color: #ffffff\">\u1ed4 \u0111\u0129a c\u1ee9ng: 512GB SSD PCIe NVMe (x1 HDD 3.5&#8243; sata)<\/span><span class=\"item\" style=\"margin-bottom: 5px;color: #333333;font-family: Roboto, sans-serif;font-size: 14px;background-color: #ffffff\">\u1ed4 \u0111\u0129a quang: Kh\u00f4ng<\/span><span class=\"item hide d-block\" style=\"margin-bottom: 5px;color: #333333;font-family: Roboto, sans-serif;font-size: 14px;background-color: #ffffff\">C\u1ed5ng xu\u1ea5t h\u00ecnh:1x HDMI,1x Displayport 1.4<\/span><span class=\"item hide d-block\" style=\"margin-bottom: 5px;color: #333333;font-family: Roboto, sans-serif;font-size: 14px;background-color: #ffffff\">K\u1ebft n\u1ed1i m\u1ea1ng: Lan Gigabit, Wifi + Bluetooth<\/span><span class=\"item hide d-block\" style=\"margin-bottom: 5px;color: #333333;font-family: Roboto, sans-serif;font-size: 14px;background-color: #ffffff\">Card \u0111\u1ed3 h\u1ecda: Intel UHD Graphics 770<\/span><\/p>\n<\/ul>","protected":false},"featured_media":11372,"comment_status":"closed","ping_status":"closed","template":"","meta":[],"pwb-brand":[],"product_cat":[2886],"product_tag":[2841],"class_list":{"0":"post-11371","1":"product","2":"type-product","3":"status-publish","4":"has-post-thumbnail","6":"product_cat-dell-workstation","7":"product_tag-hdd","9":"first","10":"instock","11":"shipping-taxable","12":"product-type-simple"},"brands":[],"_links":{"self":[{"href":"https:\/\/serverhot.vn\/fr\/wp-json\/wp\/v2\/product\/11371","targetHints":{"allow":["GET"]}}],"collection":[{"href":"https:\/\/serverhot.vn\/fr\/wp-json\/wp\/v2\/product"}],"about":[{"href":"https:\/\/serverhot.vn\/fr\/wp-json\/wp\/v2\/types\/product"}],"replies":[{"embeddable":true,"href":"https:\/\/serverhot.vn\/fr\/wp-json\/wp\/v2\/comments?post=11371"}],"wp:featuredmedia":[{"embeddable":true,"href":"https:\/\/serverhot.vn\/fr\/wp-json\/wp\/v2\/media\/11372"}],"wp:attachment":[{"href":"https:\/\/serverhot.vn\/fr\/wp-json\/wp\/v2\/media?parent=11371"}],"wp:term":[{"taxonomy":"pwb-brand","embeddable":true,"href":"https:\/\/serverhot.vn\/fr\/wp-json\/wp\/v2\/pwb-brand?post=11371"},{"taxonomy":"product_cat","embeddable":true,"href":"https:\/\/serverhot.vn\/fr\/wp-json\/wp\/v2\/product_cat?post=11371"},{"taxonomy":"product_tag","embeddable":true,"href":"https:\/\/serverhot.vn\/fr\/wp-json\/wp\/v2\/product_tag?post=11371"}],"curies":[{"name":"wp","href":"https:\/\/api.w.org\/{rel}","templated":true}]}}