{"id":11405,"date":"2024-06-29T14:20:07","date_gmt":"2024-06-29T07:20:07","guid":{"rendered":"https:\/\/serverhot.vn\/product\/uncategorized\/camera-wifi-ezviz-cs-h9c-3mp3mp-ma-san-pham-cs-h9c\/"},"modified":"2024-06-29T14:20:10","modified_gmt":"2024-06-29T07:20:10","slug":"camera-wifi-ezviz-cs-h9c-3mp3mp-ma-san-pham-cs-h9c","status":"publish","type":"product","link":"https:\/\/serverhot.vn\/fr\/-product-\/camera-wifi-ezviz-cs-h9c-3mp3mp-ma-san-pham-cs-h9c\/","title":{"rendered":"Camera WIFI EZVIZ CS-H9c (3MP+3MP) M\u00e3 s\u1ea3n ph\u1ea9m: CS-H9C"},"content":{"rendered":"<div class=\"showText tabs\" id=\"tab2\">\n<div class=\"box_right_pro_view\">\n<div class=\"thongso_pro a_technical\" style=\"max-height: fit-content\">\n<table border=\"1\" cellspacing=\"1\" cellpadding=\"1\">\n<tbody>\n<tr>\n<th colspan=\"2\" rowspan=\"1\"><span>Th\u00f4ng s\u1ed1 k\u1ef9 thu\u1eadt<\/span><\/th>\n<\/tr>\n<tr>\n<th colspan=\"1\" rowspan=\"1\"><span>Model<\/span><\/th>\n<td colspan=\"1\" rowspan=\"1\"><span>CS-H9c (3MP + 3MP)<\/span><\/td>\n<\/tr>\n<tr>\n<th colspan=\"2\" rowspan=\"1\"><span>Camera<\/span><\/th>\n<\/tr>\n<tr>\n<th colspan=\"1\" rowspan=\"1\"><span>C\u1ea3m bi\u1ebfn h\u00ecnh \u1ea3nh<\/span><\/th>\n<td colspan=\"1\" rowspan=\"1\"><span>1\/2.7\u201d Progressive Scan CMOS<\/span><\/td>\n<\/tr>\n<tr>\n<th colspan=\"1\" rowspan=\"1\"><span>T\u1ed1c \u0111\u1ed9 m\u00e0n tr\u1eadp<\/span><\/th>\n<td colspan=\"1\" rowspan=\"1\"><span>M\u00e0n tr\u1eadp t\u1ef1 \u0111i\u1ec1u ch\u1ec9nh<\/span><\/td>\n<\/tr>\n<tr>\n<th colspan=\"1\" rowspan=\"1\"><span>\u1ed0ng k\u00ednh<\/span><\/th>\n<td colspan=\"1\" rowspan=\"1\"><span>\u1ed0ng k\u00ednh c\u1ed1 \u0111\u1ecbnh: 2.8mm@ F1.6, g\u00f3c nh\u00ecn: \u0110\u01b0\u1eddng ch\u00e9o 132\u00b0, Ngang 110\u00b0, d\u1ecdc 58\u00b0<\/span><br \/><span>\u1ed0ng k\u00ednh Pan&amp;Tilt: 6 mm@F1.6, g\u00f3c nh\u00ecn: \u0110\u01b0\u1eddng ch\u00e9o 64\u00b0, Ngang 56\u00b0, d\u1ecdc 29\u00b0<\/span><\/td>\n<\/tr>\n<tr>\n<th colspan=\"1\" rowspan=\"1\"><span>G\u00f3c PT<\/span><\/th>\n<td colspan=\"1\" rowspan=\"1\"><span>Quay: 340\u00b0, Nghi\u00eang: 80\u00b0<\/span><\/td>\n<\/tr>\n<tr>\n<th colspan=\"1\" rowspan=\"1\"><span>C\u01b0\u1eddng \u0111\u1ed9 \u00e1nh s\u00e1ng t\u1ed1i thi\u1ec3u<\/span><\/th>\n<td colspan=\"1\" rowspan=\"1\"><span>0,5 Lux @(F1.6, AGC ON), 0 Lux v\u1edbi IR (* d\u1eef li\u1ec7u l\u1ea5y t\u1eeb ph\u00f2ng th\u00ed nghi\u1ec7m EZVIZ)<\/span><\/td>\n<\/tr>\n<tr>\n<th colspan=\"1\" rowspan=\"1\"><span>Ng\u00e0m \u1ed1ng k\u00ednh<\/span><\/th>\n<td colspan=\"1\" rowspan=\"1\"><span>M12<\/span><\/td>\n<\/tr>\n<tr>\n<th colspan=\"1\" rowspan=\"1\"><span>Ng\u00e0y &amp; \u0111\u00eam<\/span><\/th>\n<td colspan=\"1\" rowspan=\"1\"><span>B\u1ed9 l\u1ecdc c\u1eaft b\u1ecf t\u00edn hi\u1ec7u h\u1ed3ng ngo\u1ea1i chuy\u1ec3n \u0111\u1ed5i t\u1ef1 \u0111\u1ed9ng<\/span><\/td>\n<\/tr>\n<tr>\n<th colspan=\"1\" rowspan=\"1\"><span>DNR (Gi\u1ea3m nhi\u1ec5u k\u1ef9 thu\u1eadt s\u1ed1)<\/span><\/th>\n<td colspan=\"1\" rowspan=\"1\"><span>DNR 3D<\/span><\/td>\n<\/tr>\n<tr>\n<th colspan=\"1\" rowspan=\"1\"><span>C\u00f4ng ngh\u1ec7 WDR<\/span><\/th>\n<td colspan=\"1\" rowspan=\"1\"><span>WDR k\u1ef9 thu\u1eadt s\u1ed1<\/span><\/td>\n<\/tr>\n<tr>\n<th colspan=\"1\" rowspan=\"1\"><span>Kho\u1ea3ng c\u00e1ch t\u1ea7m nh\u00ecn ban \u0111\u00eam<\/span><\/th>\n<td colspan=\"1\" rowspan=\"1\"><span>30 m\/ 98 ft<\/span><\/td>\n<\/tr>\n<tr>\n<th colspan=\"2\" rowspan=\"1\"><span>Video v\u00e0 \u00e2m thanh<\/span><\/th>\n<\/tr>\n<tr>\n<th colspan=\"1\" rowspan=\"1\"><span>\u0110\u1ed9 ph\u00e2n gi\u1ea3i t\u1ed1i \u01b0u<\/span><\/th>\n<td colspan=\"1\" rowspan=\"1\"><span>2880*1620<\/span><\/td>\n<\/tr>\n<tr>\n<th colspan=\"1\" rowspan=\"1\"><span>T\u1ef7 l\u1ec7 khung h\u00ecnh<\/span><\/th>\n<td colspan=\"1\" rowspan=\"1\"><span>T\u1ed1i \u0111a: 15fps; T\u1ef1 \u0111i\u1ec1u ch\u1ec9nh trong qu\u00e1 tr\u00ecnh truy\u1ec1n d\u1eef li\u1ec7u qua m\u1ea1ng<\/span><\/td>\n<\/tr>\n<tr>\n<th colspan=\"1\" rowspan=\"1\"><span>N\u00e9n video<\/span><\/th>\n<td colspan=\"1\" rowspan=\"1\"><span>H.265\/H.264<\/span><\/td>\n<\/tr>\n<tr>\n<th colspan=\"1\" rowspan=\"1\"><span>Lo\u1ea1i H.265<\/span><\/th>\n<td colspan=\"1\" rowspan=\"1\"><span>Th\u00f4ng tin ch\u00ednh<\/span><\/td>\n<\/tr>\n<tr>\n<th colspan=\"1\" rowspan=\"1\"><span>Bitrate c\u1ee7a video<\/span><\/th>\n<td colspan=\"1\" rowspan=\"1\"><span>Quad HD; Full HD; Hi-Def; Ti\u00eau chu\u1ea9n. Bitrate t\u1ef1 \u0111i\u1ec1u ch\u1ec9nh.<\/span><\/td>\n<\/tr>\n<tr>\n<th colspan=\"1\" rowspan=\"1\"><span>Bitrate c\u1ee7a \u00e2m thanh<\/span><\/th>\n<td colspan=\"1\" rowspan=\"1\"><span>T\u1ef1 \u0111i\u1ec1u ch\u1ec9nh<\/span><\/td>\n<\/tr>\n<tr>\n<th colspan=\"1\" rowspan=\"1\"><span>Bitrate t\u1ed1i \u0111a<\/span><\/th>\n<td colspan=\"1\" rowspan=\"1\"><span>5 Mbps<\/span><\/td>\n<\/tr>\n<tr>\n<th colspan=\"2\" rowspan=\"1\"><span>M\u1ea1ng<\/span><\/th>\n<\/tr>\n<tr>\n<th colspan=\"1\" rowspan=\"1\"><span>Ti\u00eau chu\u1ea9n Wi-Fi<\/span><\/th>\n<td colspan=\"1\" rowspan=\"1\"><span>IEEE802.11b, 802.11g, 802.11n<\/span><\/td>\n<\/tr>\n<tr>\n<th colspan=\"1\" rowspan=\"1\"><span>D\u1ea3i t\u1ea7n s\u1ed1<\/span><\/th>\n<td colspan=\"1\" rowspan=\"1\"><span>2,4 GHz ~ 2,4835 GHz<\/span><\/td>\n<\/tr>\n<tr>\n<th colspan=\"1\" rowspan=\"1\"><span>B\u0103ng th\u00f4ng c\u1ee7a k\u00eanh<\/span><\/th>\n<td colspan=\"1\" rowspan=\"1\"><span>H\u1ed7 tr\u1ee3 20 MHz<\/span><\/td>\n<\/tr>\n<tr>\n<th colspan=\"1\" rowspan=\"1\"><span>T\u1ed1c \u0111\u1ed9 truy\u1ec1n<\/span><\/th>\n<td colspan=\"1\" rowspan=\"1\"><span>11b: 11 Mbps, 11g: 54 Mbps, 11n: 72 Mbps<\/span><\/td>\n<\/tr>\n<tr>\n<th colspan=\"1\" rowspan=\"1\"><span>Gh\u00e9p c\u1eb7p Wi-Fi<\/span><\/th>\n<td colspan=\"1\" rowspan=\"1\"><span>Gh\u00e9p c\u1eb7p AP<\/span><\/td>\n<\/tr>\n<tr>\n<th colspan=\"1\" rowspan=\"1\"><span>Giao th\u1ee9c<\/span><\/th>\n<td colspan=\"1\" rowspan=\"1\"><span>Giao th\u1ee9c \u0111\u1ed9c quy\u1ec1n EZVIZ Cloud<\/span><\/td>\n<\/tr>\n<tr>\n<th colspan=\"1\" rowspan=\"1\"><span>Giao th\u1ee9c giao di\u1ec7n<\/span><\/th>\n<td colspan=\"1\" rowspan=\"1\"><span>Giao th\u1ee9c \u0111\u1ed9c quy\u1ec1n EZVIZ Cloud<\/span><\/td>\n<\/tr>\n<tr>\n<th colspan=\"1\" rowspan=\"1\"><span>M\u1ea1ng c\u00f3 d\u00e2y<\/span><\/th>\n<td colspan=\"1\" rowspan=\"1\"><span>RJ45 x 1(10M\/100M C\u1ed5ng Ethernet t\u1ef1 \u0111i\u1ec1u ch\u1ec9nh)<\/span><\/td>\n<\/tr>\n<tr>\n<th colspan=\"2\" rowspan=\"1\"><span>L\u01b0u tr\u1eef<\/span><\/th>\n<\/tr>\n<tr>\n<th colspan=\"1\" rowspan=\"1\"><span>B\u1ed9 nh\u1edb trong<\/span><\/th>\n<td colspan=\"1\" rowspan=\"1\"><span>Khe c\u1eafm th\u1ebb nh\u1edb MicroSD (T\u1ed1i \u0111a 512GB)<\/span><\/td>\n<\/tr>\n<tr>\n<th colspan=\"1\" rowspan=\"1\"><span>B\u1ed9 nh\u1edb \u0111\u00e1m m\u00e2y<\/span><\/th>\n<td colspan=\"1\" rowspan=\"1\"><span>D\u1ecbch v\u1ee5 l\u01b0u tr\u1eef \u0111\u00e1m m\u00e2y EZVIZ (Ph\u1ea3i \u0111\u0103ng k\u00fd)<\/span><\/td>\n<\/tr>\n<tr>\n<th colspan=\"2\" rowspan=\"1\"><span>Ch\u1ee9c n\u0103ng<\/span><\/th>\n<\/tr>\n<tr>\n<th colspan=\"1\" rowspan=\"1\"><span>B\u00e1o \u0111\u1ed9ng th\u00f4ng minh<\/span><\/th>\n<td colspan=\"1\" rowspan=\"1\"><span>Ph\u00e1t hi\u1ec7n h\u00ecnh d\u1ea1ng con ng\u01b0\u1eddi \/ ph\u01b0\u01a1ng ti\u1ec7n \/ Ph\u00e1t hi\u1ec7n chuy\u1ec3n \u0111\u1ed9ng \u0111\u01b0\u1ee3c h\u1ed7 tr\u1ee3 b\u1edfi AI<\/span><\/td>\n<\/tr>\n<tr>\n<th colspan=\"1\" rowspan=\"1\"><span>Khu v\u1ef1c c\u1ea3nh b\u00e1o t\u00f9y ch\u1ec9nh<\/span><\/th>\n<td colspan=\"1\" rowspan=\"1\"><span>H\u1ed7 tr\u1ee3<\/span><\/td>\n<\/tr>\n<tr>\n<th colspan=\"1\" rowspan=\"1\"><span>Tr\u00f2 chuy\u1ec7n hai chi\u1ec1u<\/span><\/th>\n<td colspan=\"1\" rowspan=\"1\"><span>H\u1ed7 tr\u1ee3<\/span><\/td>\n<\/tr>\n<tr>\n<th colspan=\"1\" rowspan=\"1\"><span>Ch\u1ee9c n\u0103ng chung<\/span><\/th>\n<td colspan=\"1\" rowspan=\"1\"><span>Ch\u1ed1ng rung, Lu\u1ed3ng d\u1eef li\u1ec7u k\u00e9p, Nh\u1ecbp tim, B\u1ea3o v\u1ec7 b\u1eb1ng m\u1eadt kh\u1ea9u, M\u00e3 h\u00f3a video<\/span><\/td>\n<\/tr>\n<tr>\n<th colspan=\"1\" rowspan=\"1\"><span>C\u00e1c v\u1ecb tr\u00ed \u0111\u00e3 c\u00e0i \u0111\u1eb7t tr\u01b0\u1edbc<\/span><\/th>\n<td colspan=\"1\" rowspan=\"1\"><span>H\u1ed7 tr\u1ee3<\/span><\/td>\n<\/tr>\n<tr>\n<th colspan=\"2\" rowspan=\"1\"><span>Th\u00f4ng tin chung<\/span><\/th>\n<\/tr>\n<tr>\n<th colspan=\"1\" rowspan=\"1\"><span>\u0110i\u1ec1u ki\u1ec7n ho\u1ea1t \u0111\u1ed9ng<\/span><\/th>\n<td colspan=\"1\" rowspan=\"1\"><span>-30 \u00b0C \u0111\u1ebfn 50\u00b0C, \u0111\u1ed9 \u1ea9m t\u1eeb 95% tr\u1edf xu\u1ed1ng (kh\u00f4ng ng\u01b0ng t\u1ee5)<\/span><\/td>\n<\/tr>\n<tr>\n<th colspan=\"1\" rowspan=\"1\"><span>H\u1ea1ng IP<\/span><\/th>\n<td colspan=\"1\" rowspan=\"1\"><span>Thi\u1ebft k\u1ebf ch\u1ed1ng ch\u1ecbu th\u1eddi ti\u1ebft<\/span><\/td>\n<\/tr>\n<tr>\n<th colspan=\"1\" rowspan=\"1\"><span>Ngu\u1ed3n \u0111i\u1ec7n<\/span><\/th>\n<td colspan=\"1\" rowspan=\"1\"><span>DC 12V \/ 1.5A<\/span><\/td>\n<\/tr>\n<tr>\n<th colspan=\"1\" rowspan=\"1\"><span>M\u1ee9c ti\u00eau th\u1ee5 \u0111i\u1ec7n n\u0103ng<\/span><\/th>\n<td colspan=\"1\" rowspan=\"1\"><span>T\u1ed0I \u0110A 12W<\/span><\/td>\n<\/tr>\n<tr>\n<th colspan=\"1\" rowspan=\"1\"><span>K\u00edch th\u01b0\u1edbc<\/span><\/th>\n<td colspan=\"1\" rowspan=\"1\"><span>145*116*192mm (5.71\u00d74.57\u00d7 7.56inch)<\/span><\/td>\n<\/tr>\n<tr>\n<th colspan=\"1\" rowspan=\"1\"><span>K\u00edch th\u01b0\u1edbc \u0111\u00f3ng g\u00f3i<\/span><\/th>\n<td colspan=\"1\" rowspan=\"1\"><span>140 x 140 x 192 mm<\/span><\/td>\n<\/tr>\n<tr>\n<th colspan=\"1\" rowspan=\"1\"><span>Kh\u1ed1i l\u01b0\u1ee3ng t\u1ecbnh<\/span><\/th>\n<td colspan=\"1\" rowspan=\"1\"><span>630g<\/span><\/td>\n<\/tr>\n<\/tbody>\n<\/table><\/div>\n<p>                            <!--                            <\/p>\n<div class=\"xemthem_id_r\">--><br \/>\n                            <!--                                <a><!--\/show\/?token=--><br \/>\n                            <!--\"--><br \/>\n                            <!--                                   class=\"preview fancybox fancybox.ajax\" rel=\"nofollow\"&gt;Xem th&#234;m th&#244;ng s&#7889; k&#7929; thu&#7853;t<\/a>--><br \/>\n                            <!--                            <\/div>\n<p>-->\n                        <\/p><\/div>\n<\/p><\/div>","protected":false},"excerpt":{"rendered":"<ul>\n<p><span style=\"font-size: 14px\">S\u1eed d\u1ee5ng hai \u1ed1ng k\u00ednh camera quan s\u00e1t ti\u1ec7n l\u1ee3i<br \/><\/span><span style=\"font-size: 14px\">\u0110\u1ed9 ph\u00e2n gi\u1ea3i m\u1ed7i \u1ed1ng k\u00ednh 3.0MP<br \/><\/span><span style=\"font-size: 14px\">T\u1ef1 \u0111\u1ed9ng theo d\u00f5i v\u00e0 ph\u00e1t hi\u1ec7n th\u00f4ng minh.<br \/><\/span><span style=\"font-size: 14px\">Quan s\u00e1t c\u00f3 m\u00e0u ban \u0111\u00eam, t\u1ea7m nh\u00ecn 30 m\u00e9t.<br \/><\/span><span style=\"font-size: 14px\">\u0110\u00e0m tho\u1ea1i hai chi\u1ec1u v\u1edbi mic v\u00e0 loa.<br \/><\/span><span style=\"font-size: 14px\">C\u1ea3nh b\u00e1o b\u1eb1ng c\u00f2i v\u00e0 \u0111\u00e8n nh\u1ea5p nh\u00e1y.<br \/><\/span><span style=\"font-size: 14px\">Khe c\u1eafm th\u1ebb nh\u1edb l\u00ean \u0111\u1ebfn 512GB.<\/span><\/p>\n<p>\u00a0<\/p>\n<\/ul>","protected":false},"featured_media":11406,"comment_status":"closed","ping_status":"closed","template":"","meta":[],"pwb-brand":[],"product_cat":[2911],"product_tag":[55],"class_list":{"0":"post-11405","1":"product","2":"type-product","3":"status-publish","4":"has-post-thumbnail","6":"product_cat-thiet-bi-camera","7":"product_tag-run","9":"first","10":"instock","11":"shipping-taxable","12":"product-type-simple"},"brands":[],"_links":{"self":[{"href":"https:\/\/serverhot.vn\/fr\/wp-json\/wp\/v2\/product\/11405","targetHints":{"allow":["GET"]}}],"collection":[{"href":"https:\/\/serverhot.vn\/fr\/wp-json\/wp\/v2\/product"}],"about":[{"href":"https:\/\/serverhot.vn\/fr\/wp-json\/wp\/v2\/types\/product"}],"replies":[{"embeddable":true,"href":"https:\/\/serverhot.vn\/fr\/wp-json\/wp\/v2\/comments?post=11405"}],"wp:featuredmedia":[{"embeddable":true,"href":"https:\/\/serverhot.vn\/fr\/wp-json\/wp\/v2\/media\/11406"}],"wp:attachment":[{"href":"https:\/\/serverhot.vn\/fr\/wp-json\/wp\/v2\/media?parent=11405"}],"wp:term":[{"taxonomy":"pwb-brand","embeddable":true,"href":"https:\/\/serverhot.vn\/fr\/wp-json\/wp\/v2\/pwb-brand?post=11405"},{"taxonomy":"product_cat","embeddable":true,"href":"https:\/\/serverhot.vn\/fr\/wp-json\/wp\/v2\/product_cat?post=11405"},{"taxonomy":"product_tag","embeddable":true,"href":"https:\/\/serverhot.vn\/fr\/wp-json\/wp\/v2\/product_tag?post=11405"}],"curies":[{"name":"wp","href":"https:\/\/api.w.org\/{rel}","templated":true}]}}