{"id":11489,"date":"2024-06-29T14:31:04","date_gmt":"2024-06-29T07:31:04","guid":{"rendered":"https:\/\/serverhot.vn\/product\/uncategorized\/may-tinh-de-ban-dell-inspiron-3020-core-i7-13700-intel-b660-16gb-512gb-ssd-intel-uhd-graphics-windows-11-home-ma-san-pham-mti71026w1-16g-512g\/"},"modified":"2024-06-29T14:31:06","modified_gmt":"2024-06-29T07:31:06","slug":"may-tinh-de-ban-dell-inspiron-3020-core-i7-13700-intel-b660-16gb-512gb-ssd-intel-uhd-graphics-windows-11-home-ma-san-pham-mti71026w1-16g-512g","status":"publish","type":"product","link":"https:\/\/serverhot.vn\/fr\/-product-\/may-tinh-de-ban-dell-inspiron-3020-core-i7-13700-intel-b660-16gb-512gb-ssd-intel-uhd-graphics-windows-11-home-ma-san-pham-mti71026w1-16g-512g\/","title":{"rendered":"M\u00e1y t\u00ednh \u0111\u1ec3 b\u00e0n Dell Inspiron 3020 (Core i7 13700\/ Intel B660\/ 16GB\/ 512GB SSD\/ Intel UHD Graphics\/ Windows 11 Home) M\u00e3 s\u1ea3n ph\u1ea9m: MTI71026W1-16G-512G"},"content":{"rendered":"<div class=\"showText tabs\" id=\"tab2\">\n<div class=\"box_right_pro_view\">\n<div class=\"thongso_pro a_technical\" style=\"max-height: fit-content\">\n<p class=\"title\">\u00a0<\/p>\n<p class=\"title\">C\u1ea5u h\u00ecnh M\u00e1y t\u00ednh \u0111\u1ec3 b\u00e0n Dell Inspiron 3020 MTI71026W1-16G-512G (Core i7 13700\/ Intel B660\/ 16GB\/ 512GB SSD\/ Intel UHD Graphics\/ Windows 11 Home)<\/p>\n<div class=\"pd-specSummary-holder js-spec-holder\">\n<table class=\"tb-product-spec\">\n<tbody>\n<tr>\n<td class=\"spec-key\">B\u1ed9 VXL<\/td>\n<td class=\"spec-value\">Core i7-13700 (2.1GHz upto 5.1GHz, 16-Core, 24MB Cache,)<\/td>\n<\/tr>\n<tr>\n<td class=\"spec-key\">Chipset<\/td>\n<td class=\"spec-value\">Intel B660<\/td>\n<\/tr>\n<tr>\n<td class=\"spec-key\">B\u1ed9 nh\u1edb RAM<\/td>\n<td class=\"spec-value\">16GB DDR4 3200<\/td>\n<\/tr>\n<tr>\n<td class=\"spec-key\">H\u1ed7 tr\u1ee3 RAM t\u1ed1i \u0111a<\/td>\n<td class=\"spec-value\">64GB<\/td>\n<\/tr>\n<tr>\n<td class=\"spec-key\">\u1ed4 c\u1ee9ng<\/td>\n<td class=\"spec-value\">512Gb SSD<\/td>\n<\/tr>\n<tr>\n<td class=\"spec-key\">Chu\u1ea9n \u1ed5 c\u1ee9ng<\/td>\n<td class=\"spec-value\">M.2 PCIe NVMe Solid State Drive<\/td>\n<\/tr>\n<tr>\n<td class=\"spec-key\">Card \u0111\u1ed3 h\u1ecda<\/td>\n<td class=\"spec-value\">Intel UHD Graphics<\/td>\n<\/tr>\n<tr>\n<td class=\"spec-key\">K\u1ebft n\u1ed1i kh\u00f4ng d\u00e2y<\/td>\n<td class=\"spec-value\">Wireless : Realtek RTL 8852BE Wi-Fi 6 (2&#215;2) MIMO 802.11ax Wireless LAN and Bluetooth<\/td>\n<\/tr>\n<tr>\n<td class=\"spec-key\">C\u1ed5ng giao ti\u1ebfp sau<\/td>\n<td class=\"spec-value\">External:<br \/>Network One RJ-45 Ethernet port<br \/>USB<br \/>\u25cf Two USB 3.2 Gen 1 ports (Rear)<br \/>\u25cf Two USB 2.0 ports with Smart Power On (Rear)<br \/>Audio<br \/>\u25cf One global headset jack<br \/>\u25cf One audio line-out port<br \/>Video<br \/>\u25cf One DisplayPort 1.4a port (HBR2)<br \/>\u25cf One HDMI 1.4b port (1920 x 1200 60Hz max resolution)<br \/>Media-card reader One SD-card slot (optional)<br \/>Power port One AC power-supply port<br \/>Security<br \/>\u25cf One padlock ring slot<br \/>\u25cf One security-cable slot (wedge-shaped)<\/td>\n<\/tr>\n<tr>\n<td class=\"spec-key\">Khe c\u1eafm m\u1edf r\u1ed9ng<\/td>\n<td class=\"spec-value\">PCIe expansion card slots<br \/>\u25cf One PCIe x16 full-height expansion card slot, Gen3<br \/>\u25cf One PCIe x1 full-height slot, Gen3<br \/>MSATA None<br \/>SATA Three SATA 3.0 slots<br \/>M.2<br \/>\u25cf One M.2 2230 slot for WiFi and Bluetooth combo card<br \/>\u25cf One M.2 2230\/2280 slot for solid-state drive<\/td>\n<\/tr>\n<tr>\n<td class=\"spec-key\">H\u1ec7 \u0111i\u1ec1u h\u00e0nh<\/td>\n<td class=\"spec-value\">Windows 11 Home<\/td>\n<\/tr>\n<tr>\n<td class=\"spec-key\">Ki\u1ec3u d\u00e1ng<\/td>\n<td class=\"spec-value\">Case \u0111\u1ee9ng to<\/td>\n<\/tr>\n<\/tbody>\n<\/table>\n<\/div><\/div>\n<p>                            <!--                            <\/p>\n<div class=\"xemthem_id_r\">--><br \/>\n                            <!--                                <a><!--\/show\/?token=--><br \/>\n                            <!--\"--><br \/>\n                            <!--                                   class=\"preview fancybox fancybox.ajax\" rel=\"nofollow\"&gt;Xem th&#234;m th&#244;ng s&#7889; k&#7929; thu&#7853;t<\/a>--><br \/>\n                            <!--                            <\/div>\n<p>-->\n                        <\/p><\/div>\n<\/p><\/div>","protected":false},"excerpt":{"rendered":"<ul>\n<p><span style=\"font-size: 14px\">B\u1ed9 VXL: Core i7-13700 (2.1GHz upto 5.1GHz, 16-Core, 24MB Cache,)<br \/><\/span><span style=\"font-size: 14px\">B\u1ed9 nh\u1edb RAM: 16GB DDR4 3200<br \/><\/span><span style=\"font-size: 14px\">\u1ed4 c\u1ee9ng: 512Gb SSD<br \/><\/span><span style=\"font-size: 14px\">Card \u0111\u1ed3 h\u1ecda: Intel UHD Graphics<br \/><\/span><span style=\"font-size: 14px\">H\u1ec7 \u0111i\u1ec1u h\u00e0nh: Windows 11 Home<br \/><\/span><span style=\"font-size: 14px\">Ph\u1ea7n m\u1ec1m \u1ee9ng d\u1ee5ng: No office<\/span><\/p>\n<p>\u00a0<\/p>\n<\/ul>","protected":false},"featured_media":11490,"comment_status":"closed","ping_status":"closed","template":"","meta":[],"pwb-brand":[],"product_cat":[2886],"product_tag":[2852],"class_list":{"0":"post-11489","1":"product","2":"type-product","3":"status-publish","4":"has-post-thumbnail","6":"product_cat-dell-workstation","7":"product_tag-wireless","9":"first","10":"instock","11":"shipping-taxable","12":"product-type-simple"},"brands":[],"_links":{"self":[{"href":"https:\/\/serverhot.vn\/fr\/wp-json\/wp\/v2\/product\/11489","targetHints":{"allow":["GET"]}}],"collection":[{"href":"https:\/\/serverhot.vn\/fr\/wp-json\/wp\/v2\/product"}],"about":[{"href":"https:\/\/serverhot.vn\/fr\/wp-json\/wp\/v2\/types\/product"}],"replies":[{"embeddable":true,"href":"https:\/\/serverhot.vn\/fr\/wp-json\/wp\/v2\/comments?post=11489"}],"wp:featuredmedia":[{"embeddable":true,"href":"https:\/\/serverhot.vn\/fr\/wp-json\/wp\/v2\/media\/11490"}],"wp:attachment":[{"href":"https:\/\/serverhot.vn\/fr\/wp-json\/wp\/v2\/media?parent=11489"}],"wp:term":[{"taxonomy":"pwb-brand","embeddable":true,"href":"https:\/\/serverhot.vn\/fr\/wp-json\/wp\/v2\/pwb-brand?post=11489"},{"taxonomy":"product_cat","embeddable":true,"href":"https:\/\/serverhot.vn\/fr\/wp-json\/wp\/v2\/product_cat?post=11489"},{"taxonomy":"product_tag","embeddable":true,"href":"https:\/\/serverhot.vn\/fr\/wp-json\/wp\/v2\/product_tag?post=11489"}],"curies":[{"name":"wp","href":"https:\/\/api.w.org\/{rel}","templated":true}]}}