{"id":11532,"date":"2024-06-29T14:35:14","date_gmt":"2024-06-29T07:35:14","guid":{"rendered":"https:\/\/serverhot.vn\/product\/uncategorized\/bo-luu-dien-santak-true-online-6kva-model-c6ke-ma-san-pham-c6ke\/"},"modified":"2024-06-29T14:35:15","modified_gmt":"2024-06-29T07:35:15","slug":"bo-luu-dien-santak-true-online-6kva-model-c6ke-ma-san-pham-c6ke","status":"publish","type":"product","link":"https:\/\/serverhot.vn\/fr\/-product-\/bo-luu-dien-santak-true-online-6kva-model-c6ke-ma-san-pham-c6ke\/","title":{"rendered":"B\u1ed9 L\u01b0u \u0110i\u1ec7n Santak True Online 6KVA \u2013 MODEL C6KE M\u00e3 s\u1ea3n ph\u1ea9m: C6KE"},"content":{"rendered":"<div class=\"showText tabs\" id=\"tab2\">\n<div class=\"box_right_pro_view\">\n<div class=\"thongso_pro a_technical\" style=\"max-height: fit-content\">\n<table border=\"1\">\n<tbody>\n<tr>\n<td colspan=\"3\">\n<p>NGU\u1ed2N \u0110I\u1ec6N V\u00c0O<\/p>\n<\/td>\n<\/tr>\n<tr>\n<td colspan=\"2\">\n<p>\u0110i\u1ec7n \u00e1p danh \u0111\u1ecbnh<\/p>\n<\/td>\n<td>\n<p>220 VAC<\/p>\n<\/td>\n<\/tr>\n<tr>\n<td colspan=\"2\">\n<p>Ng\u01b0\u1ee1ng \u0111i\u1ec7n \u00e1p<\/p>\n<\/td>\n<td>\n<p>176\u00a0~\u00a0276 VAC<\/p>\n<\/td>\n<\/tr>\n<tr>\n<td colspan=\"2\">\n<p>S\u1ed1 pha<\/p>\n<\/td>\n<td>\n<p>1 pha\u00a0(2 d\u00e2y + d\u00e2y\u00a0ti\u1ebfp \u0111\u1ea5t)<\/p>\n<\/td>\n<\/tr>\n<tr>\n<td colspan=\"2\">\n<p>T\u1ea7n s\u1ed1 danh \u0111\u1ecbnh<\/p>\n<\/td>\n<td>\n<p>50 Hz (46\u00a0~\u00a054 Hz)<\/p>\n<\/td>\n<\/tr>\n<tr>\n<td colspan=\"2\">\n<p>H\u1ec7 s\u1ed1 c\u00f4ng su\u1ea5t<\/p>\n<\/td>\n<td>\n<p>0.98<\/p>\n<\/td>\n<\/tr>\n<tr>\n<td colspan=\"3\">\n<p>NGU\u1ed2N \u0110I\u1ec6N RA<\/p>\n<\/td>\n<\/tr>\n<tr>\n<td colspan=\"2\">\n<p>C\u00f4ng su\u1ea5t<\/p>\n<\/td>\n<td>\n<p>6 KVA\u00a0\/ 4.2 KW<\/p>\n<\/td>\n<\/tr>\n<tr>\n<td colspan=\"2\">\n<p>\u0110i\u1ec7n \u00e1p<\/p>\n<\/td>\n<td>\n<p>220 VAC\u00a0\u00b1\u00a01%<\/p>\n<\/td>\n<\/tr>\n<tr>\n<td colspan=\"2\">\n<p>S\u1ed1 pha<\/p>\n<\/td>\n<td>\n<p>1 pha\u00a0(2 d\u00e2y + d\u00e2y ti\u1ebfp \u0111\u1ea5t)<\/p>\n<\/td>\n<\/tr>\n<tr>\n<td colspan=\"2\">\n<p>D\u1ea1ng s\u00f3ng<\/p>\n<\/td>\n<td>\n<p>S\u00f3ng sine th\u1eadt \u1edf m\u1ecdi tr\u1ea1ng th\u00e1i \u0111i\u1ec7n l\u01b0\u1edbi v\u00e0 kh\u00f4ng ph\u1ee5 thu\u1ed9c v\u00e0o dung l\u01b0\u1ee3ng c\u00f2n l\u1ea1i c\u1ee7a ngu\u1ed3n \u1eafc quy.<\/p>\n<\/td>\n<\/tr>\n<tr>\n<td colspan=\"2\">\n<p>T\u1ea7n s\u1ed1<\/p>\n<\/td>\n<td>\n<p>\u0110\u1ed3ng b\u1ed9 v\u1edbi ngu\u1ed3n \u0111i\u1ec7n v\u00e0o ho\u1eb7c 50 Hz\u00a0\u00b1\u00a00.05 Hz (ch\u1ebf \u0111\u1ed9 \u1eafc quy)<\/p>\n<\/td>\n<\/tr>\n<tr>\n<td colspan=\"2\">\n<p>Hi\u1ec7u su\u1ea5t<\/p>\n<\/td>\n<td>\n<p>88% (Ch\u1ebf \u0111\u1ed9 \u0111i\u1ec7n l\u01b0\u1edbi, \u1eafc quy)<\/p>\n<\/td>\n<\/tr>\n<tr>\n<td colspan=\"2\">\n<p>Kh\u1ea3 n\u0103ng ch\u1ecbu qu\u00e1 t\u1ea3i<\/p>\n<\/td>\n<td>\n<p>&gt;=105% trong v\u00f2ng 10 ph\u00fat<\/p>\n<\/td>\n<\/tr>\n<tr>\n<td colspan=\"3\">\n<p>CH\u1ebe \u0110\u1ed8 BYPASS<\/p>\n<\/td>\n<\/tr>\n<tr>\n<td colspan=\"2\">\n<p>T\u1ef1 \u0111\u1ed9ng chuy\u1ec3n sang ch\u1ebf \u0111\u1ed9 Bypass<\/p>\n<\/td>\n<td>\n<p>Qu\u00e1 t\u1ea3i, UPS l\u1ed7i, m\u1ee9c \u1eafc quy th\u1ea5p<\/p>\n<\/td>\n<\/tr>\n<tr>\n<td colspan=\"2\">\n<p>C\u00f4ng t\u1eafc b\u1ea3o d\u01b0\u1ee1ng<\/p>\n<\/td>\n<td>\n<p>Kh\u00f4ng<\/p>\n<\/td>\n<\/tr>\n<tr>\n<td colspan=\"3\">\n<p>\u1eaeC QUY<\/p>\n<\/td>\n<\/tr>\n<tr>\n<td colspan=\"2\">\n<p>Lo\u1ea1i \u1eafc quy<\/p>\n<\/td>\n<td>\n<p>12 VDC, k\u00edn kh\u00ed, kh\u00f4ng c\u1ea7n b\u1ea3o d\u01b0\u1ee1ng, tu\u1ed5i th\u1ecd tr\u00ean 3 n\u0103m.<\/p>\n<\/td>\n<\/tr>\n<tr>\n<td rowspan=\"2\">\n<p>Th\u1eddi gian l\u01b0u \u0111i\u1ec7n<\/p>\n<\/td>\n<td>\n<p>100% t\u1ea3i<\/p>\n<\/td>\n<td>\n<p>7 ph\u00fat<\/p>\n<\/td>\n<\/tr>\n<tr>\n<td>\n<p>50% t\u1ea3i<\/p>\n<\/td>\n<td>\n<p>20 ph\u00fat<\/p>\n<\/td>\n<\/tr>\n<tr>\n<td colspan=\"3\">\n<p>GIAO DI\u1ec6N<\/p>\n<\/td>\n<\/tr>\n<tr>\n<td colspan=\"2\">\n<p>B\u1ea3ng \u0111i\u1ec1u khi\u1ec3n<\/p>\n<\/td>\n<td>\n<p>N\u00fat kh\u1edfi \u0111\u1ed9ng \/ T\u1eaft c\u00f2i b\u00e1o \/ N\u00fat t\u1eaft ngu\u1ed3n<\/p>\n<\/td>\n<\/tr>\n<tr>\n<td colspan=\"2\">\n<p>LED hi\u1ec3n th\u1ecb tr\u1ea1ng th\u00e1i<\/p>\n<\/td>\n<td>\n<p>Ch\u1ebf \u0111\u1ed9 \u0111i\u1ec7n l\u01b0\u1edbi, ch\u1ebf \u0111\u1ed9 \u1eafc quy, ch\u1ebf \u0111\u1ed9 Bypass, dung l\u01b0\u1ee3ng t\u1ea3i, dung l\u01b0\u1ee3ng \u1eafc quy, b\u00e1o tr\u1ea1ng th\u00e1i h\u01b0 h\u1ecfng.<\/p>\n<\/td>\n<\/tr>\n<tr>\n<td colspan=\"2\">\n<p>C\u1ed5ng giao ti\u1ebfp<\/p>\n<\/td>\n<td>\n<p>RS232, khe th\u00f4ng minh<\/p>\n<\/td>\n<\/tr>\n<tr>\n<td colspan=\"2\">\n<p>Ch\u1ee9c n\u0103ng k\u1ebft n\u1ed1i song song (N+X)<\/p>\n<\/td>\n<td>\n<p>N\/A<\/p>\n<\/td>\n<\/tr>\n<tr>\n<td colspan=\"2\">\n<p>Ph\u1ea7n m\u1ec1m qu\u1ea3n l\u00fd<\/p>\n<\/td>\n<td>\n<p>Ph\u1ea7n m\u1ec1m qu\u1ea3n tr\u1ecb Winpower \u0111i k\u00e8m, cho ph\u00e9p gi\u00e1m s\u00e1t, t\u1ef1 \u0111\u1ed9ng b\u1eadt \/ t\u1eaft UPS v\u00e0 h\u1ec7 th\u1ed1ng.<\/p>\n<\/td>\n<\/tr>\n<tr>\n<td colspan=\"2\">\n<p>Th\u1eddi gian chuy\u1ec3n m\u1ea1ch<\/p>\n<\/td>\n<td>\n<p>0 ms<\/p>\n<\/td>\n<\/tr>\n<tr>\n<td colspan=\"3\">\n<p>M\u00d4I TR\u01af\u1edcNG HO\u1ea0T \u0110\u1ed8NG<\/p>\n<\/td>\n<\/tr>\n<tr>\n<td colspan=\"2\">\n<p>Nhi\u1ec7t \u0111\u1ed9 m\u00f4i tr\u01b0\u1eddng ho\u1ea1t \u0111\u1ed9ng<\/p>\n<\/td>\n<td>\n<p>0\u00a0~\u00a040oc<\/p>\n<\/td>\n<\/tr>\n<tr>\n<td colspan=\"2\">\n<p>\u0110\u1ed9 \u1ea9m m\u00f4i tr\u01b0\u1eddng ho\u1ea1t \u0111\u1ed9ng<\/p>\n<\/td>\n<td>\n<p>20%\u00a0~\u00a090%, kh\u00f4ng k\u1ebft t\u1ee5 h\u01a1i n\u01b0\u1edbc.<\/p>\n<\/td>\n<\/tr>\n<tr>\n<td colspan=\"3\">\n<p>TI\u00caU CHU\u1ea8N<\/p>\n<\/td>\n<\/tr>\n<tr>\n<td colspan=\"2\">\n<p>\u0110\u1ed9 \u1ed3n khi m\u00e1y ho\u1ea1t \u0111\u1ed9ng<\/p>\n<\/td>\n<td>\n<p>50 dB kh\u00f4ng t\u00ednh c\u00f2i b\u00e1o<\/p>\n<\/td>\n<\/tr>\n<tr>\n<td colspan=\"2\" rowspan=\"4\">\n<p>Tr\u01b0\u1eddng \u0111i\u1ec7n t\u1eeb (EMS)<\/p>\n<\/td>\n<td>\n<p>IEC 61000-4-2 Level 4 (ESD)<\/p>\n<\/td>\n<\/tr>\n<tr>\n<td>\n<p>IEC 61000-4-3 Level 3 (RS)<\/p>\n<\/td>\n<\/tr>\n<tr>\n<td>\n<p>IEC 61000-4-4 Level 4 (EFT)<\/p>\n<\/td>\n<\/tr>\n<tr>\n<td>\n<p>IEC 61000-4-5 Level 4 (Surge)<\/p>\n<\/td>\n<\/tr>\n<tr>\n<td colspan=\"2\">\n<p>D\u1eabn \u0111i\u1ec7n &#8211; Ph\u00e1t x\u1ea1<\/p>\n<\/td>\n<td>\n<p>En 62040-2 (&gt; 25A)<\/p>\n<\/td>\n<\/tr>\n<tr>\n<td colspan=\"2\">\n<p>Ch\u1ee9c n\u0103ng t\u1eaft ngu\u1ed3n kh\u1ea9n c\u1ea5p (EPO)<\/p>\n<\/td>\n<td>\n<p>T\u00f9y ch\u1ecdn<\/p>\n<\/td>\n<\/tr>\n<tr>\n<td colspan=\"3\">\n<p>K\u00cdCH TH\u01af\u1edaC \/ TR\u1eccNG L\u01af\u1ee2NG<\/p>\n<\/td>\n<\/tr>\n<tr>\n<td colspan=\"2\">\n<p>K\u00edch th\u01b0\u1edbc (R x D x C) (mm)<\/p>\n<\/td>\n<td>\n<p>260 x 570 x 717<\/p>\n<\/td>\n<\/tr>\n<tr>\n<td colspan=\"2\">\n<p>Tr\u1ecdng l\u01b0\u1ee3ng t\u1ecbnh (kg)<\/p>\n<\/td>\n<td>\n<p>84<\/p>\n<\/td>\n<\/tr>\n<\/tbody>\n<\/table><\/div>\n<p>                            <!--                            <\/p>\n<div class=\"xemthem_id_r\">--><br \/>\n                            <!--                                <a><!--\/show\/?token=--><br \/>\n                            <!--\"--><br \/>\n                            <!--                                   class=\"preview fancybox fancybox.ajax\" rel=\"nofollow\"&gt;Xem th&#234;m th&#244;ng s&#7889; k&#7929; thu&#7853;t<\/a>--><br \/>\n                            <!--                            <\/div>\n<p>-->\n                        <\/p><\/div>\n<\/p><\/div>","protected":false},"excerpt":{"rendered":"<ul>\n<ul>\n<li>C\u00f4ng su\u1ea5t: 6000VA<\/li>\n<li>Th\u1eddi gian l\u01b0u t\u1ed1i \u0111a: 100% ta\u0309i khoa\u0309ng 7 phu\u0301t; 50% ta\u0309i khoa\u0309ng 20 phu\u0301t<\/li>\n<li>C\u1ed5ng giao ti\u1ebfp: RS232, khe th\u00f4ng minh<\/li>\n<\/ul>\n<\/ul>","protected":false},"featured_media":11533,"comment_status":"closed","ping_status":"closed","template":"","meta":[],"pwb-brand":[],"product_cat":[2913],"product_tag":[],"class_list":{"0":"post-11532","1":"product","2":"type-product","3":"status-publish","4":"has-post-thumbnail","6":"product_cat-bo-luu-dien-ups","8":"first","9":"instock","10":"shipping-taxable","11":"product-type-simple"},"brands":[],"_links":{"self":[{"href":"https:\/\/serverhot.vn\/fr\/wp-json\/wp\/v2\/product\/11532","targetHints":{"allow":["GET"]}}],"collection":[{"href":"https:\/\/serverhot.vn\/fr\/wp-json\/wp\/v2\/product"}],"about":[{"href":"https:\/\/serverhot.vn\/fr\/wp-json\/wp\/v2\/types\/product"}],"replies":[{"embeddable":true,"href":"https:\/\/serverhot.vn\/fr\/wp-json\/wp\/v2\/comments?post=11532"}],"wp:featuredmedia":[{"embeddable":true,"href":"https:\/\/serverhot.vn\/fr\/wp-json\/wp\/v2\/media\/11533"}],"wp:attachment":[{"href":"https:\/\/serverhot.vn\/fr\/wp-json\/wp\/v2\/media?parent=11532"}],"wp:term":[{"taxonomy":"pwb-brand","embeddable":true,"href":"https:\/\/serverhot.vn\/fr\/wp-json\/wp\/v2\/pwb-brand?post=11532"},{"taxonomy":"product_cat","embeddable":true,"href":"https:\/\/serverhot.vn\/fr\/wp-json\/wp\/v2\/product_cat?post=11532"},{"taxonomy":"product_tag","embeddable":true,"href":"https:\/\/serverhot.vn\/fr\/wp-json\/wp\/v2\/product_tag?post=11532"}],"curies":[{"name":"wp","href":"https:\/\/api.w.org\/{rel}","templated":true}]}}