{"id":11534,"date":"2024-06-29T14:36:01","date_gmt":"2024-06-29T07:36:01","guid":{"rendered":"https:\/\/serverhot.vn\/product\/uncategorized\/mainboard-asus-tuf-b450m-pro-gaming-socket-am4-ma-san-pham-b450m-pro\/"},"modified":"2024-06-29T14:36:04","modified_gmt":"2024-06-29T07:36:04","slug":"mainboard-asus-tuf-b450m-pro-gaming-socket-am4-ma-san-pham-b450m-pro","status":"publish","type":"product","link":"https:\/\/serverhot.vn\/fr\/-product-\/mainboard-asus-tuf-b450m-pro-gaming-socket-am4-ma-san-pham-b450m-pro\/","title":{"rendered":"MainBoard Asus TUF B450M Pro Gaming (Socket AM4) M\u00e3 s\u1ea3n ph\u1ea9m: B450M-PRO"},"content":{"rendered":"<div class=\"showText tabs\" id=\"tab2\">\n<div class=\"box_right_pro_view\">\n<div class=\"thongso_pro a_technical\" style=\"max-height: fit-content\">\n<table width=\"980\">\n<tbody>\n<tr>\n<td width=\"168\">\n<p>Sa\u0309n ph\u00e2\u0309m<\/p>\n<\/td>\n<td width=\"812\">\n<p>Main &#8211; Bo m\u1ea1ch ch\u1ee7<\/p>\n<\/td>\n<\/tr>\n<tr>\n<td width=\"168\">\n<p>T\u00ean Ha\u0303ng<\/p>\n<\/td>\n<td width=\"812\">\n<p>Asus<\/p>\n<\/td>\n<\/tr>\n<tr>\n<td width=\"168\">\n<p>Model<\/p>\n<\/td>\n<td width=\"812\">\n<p>TUF Gaming B450M-Pro<\/p>\n<\/td>\n<\/tr>\n<tr>\n<td width=\"168\">\n<p>CPU h\u1ed7 tr\u1ee3<\/p>\n<\/td>\n<td width=\"812\">\n<p>AMD Socket AM4 AMD Ryzen\u2122 th\u1ebf h\u1ec7 th\u1ee9 2\/Ryzen\u2122 v\u1edbi card \u0111\u1ed3 h\u1ecda Radeon\u2122 Vega Graphics\/Ryzen\u2122 th\u1ebf h\u1ec7 th\u1ee9 nh\u1ea5t\/Athlon\u2122 with Radeon\u2122 Vega Graphics b\u1ed9 vi x\u1eed l\u00fd<br \/>H\u1ed7 tr\u1ee3 CPU l\u00ean \u0111\u1ebfn 8 l\u00f5i<\/p>\n<\/td>\n<\/tr>\n<tr>\n<td width=\"168\">\n<p>Chipset<\/p>\n<\/td>\n<td width=\"812\">\n<p>AMD B450<\/p>\n<\/td>\n<\/tr>\n<tr>\n<td width=\"168\">\n<p>RAM h\u1ed7 tr\u1ee3<\/p>\n<\/td>\n<td width=\"812\">\n<p>4 x DIMM, Max. 64GB, DDR4 3533(O.C)\/3466(O.C.)\/3200(O.C.)\/3000(O.C.)\/2800(O.C.)\/2666\/2400\/2133 MHz Kh\u00f4ng \u0110\u1ec7m B\u1ed9 nh\u1edb<br \/>AMD Ryzen\u2122 2nd Generation\/ Ryzen\u2122 with Radeon\u2122 Vega Graphics\/ Athlon\u2122 with Radeon\u2122 Vega Graphics\/ Ryzen\u2122 1st Generation Processors<br \/>Ki\u1ebfn tr\u00fac b\u1ed9 nh\u1edb K\u00eanh \u0111\u00f4i<br \/>H\u1ed7 tr\u1ee3 b\u1ed9 nh\u1edb (ch\u1ebf \u0111\u1ed9 ECC) thay \u0111\u1ed5i theo CPU.<\/p>\n<\/td>\n<\/tr>\n<tr>\n<td width=\"168\">\n<p>C\u1ed5ng xu\u1ea5t h\u00ecnh onboard<\/p>\n<\/td>\n<td width=\"812\">\n<p>1\u00a0 x DVI-D<br \/>1\u00a0 x HDMI<\/p>\n<\/td>\n<\/tr>\n<tr>\n<td width=\"168\">\n<p>\u00c2m Thanh<\/p>\n<\/td>\n<td width=\"812\">\n<p>Realtek\u00ae ALC S1220A 8-k\u00eanh CODEC \u00c2m thanh HD<\/p>\n<\/td>\n<\/tr>\n<tr>\n<td width=\"168\">\n<p>LAN<\/p>\n<\/td>\n<td width=\"812\">\n<p>Realtek\u00ae RTL8111H<\/p>\n<\/td>\n<\/tr>\n<tr>\n<td width=\"168\">\n<p>Wireless<\/p>\n<\/td>\n<td width=\"812\">\n<p>\u00a0<\/p>\n<\/td>\n<\/tr>\n<tr>\n<td width=\"168\">\n<p>Khe c\u1eafm m\u1edf r\u1ed9ng<\/p>\n<\/td>\n<td width=\"812\">\n<p>1 x PCIe 3.0 x16 (x16 mode)<br \/>1 x PCIe 3.0 x16 (x4 mode)<br \/>1 x PCIe 3.0 x1<\/p>\n<\/td>\n<\/tr>\n<tr>\n<td width=\"168\">\n<p>Chu\u1ea9n k\u00edch c\u1ee1<\/p>\n<\/td>\n<td width=\"812\">\n<p>mATX Form Factor<\/p>\n<\/td>\n<\/tr>\n<tr>\n<td>\n<p>H\u1ec7 \u0111i\u1ec1u h\u00e0nh khuy\u1ebfn kh\u00edch<\/p>\n<\/td>\n<td>\n<p>Windows\u00ae 10 64-bit<\/p>\n<\/td>\n<\/tr>\n<\/tbody>\n<\/table><\/div>\n<p>                            <!--                            <\/p>\n<div class=\"xemthem_id_r\">--><br \/>\n                            <!--                                <a><!--\/show\/?token=--><br \/>\n                            <!--\"--><br \/>\n                            <!--                                   class=\"preview fancybox fancybox.ajax\" rel=\"nofollow\"&gt;Xem th&#234;m th&#244;ng s&#7889; k&#7929; thu&#7853;t<\/a>--><br \/>\n                            <!--                            <\/div>\n<p>-->\n                        <\/p><\/div>\n<\/p><\/div>","protected":false},"excerpt":{"rendered":"<ul>\n<p><span style=\"font-family: 'Open Sans', 'Lucida Grande', 'Lucida Sans Unicode', Arial, Helvetica, Verdana, sans-serif;font-size: 12px;background-color: #ffffff\">&#8211; Chipset AMD B450<\/span><br style=\"font-family: 'Open Sans', 'Lucida Grande', 'Lucida Sans Unicode', Arial, Helvetica, Verdana, sans-serif;font-size: 12px;background-color: #ffffff\"><span style=\"font-family: 'Open Sans', 'Lucida Grande', 'Lucida Sans Unicode', Arial, Helvetica, Verdana, sans-serif;font-size: 12px;background-color: #ffffff\">&#8211; 4 khe RAM<\/span><br style=\"font-family: 'Open Sans', 'Lucida Grande', 'Lucida Sans Unicode', Arial, Helvetica, Verdana, sans-serif;font-size: 12px;background-color: #ffffff\"><span style=\"font-family: 'Open Sans', 'Lucida Grande', 'Lucida Sans Unicode', Arial, Helvetica, Verdana, sans-serif;font-size: 12px;background-color: #ffffff\">&#8211; Socket AM4<\/span><br style=\"font-family: 'Open Sans', 'Lucida Grande', 'Lucida Sans Unicode', Arial, Helvetica, Verdana, sans-serif;font-size: 12px;background-color: #ffffff\"><span style=\"font-family: 'Open Sans', 'Lucida Grande', 'Lucida Sans Unicode', Arial, Helvetica, Verdana, sans-serif;font-size: 12px;background-color: #ffffff\">&#8211; H\u1ed7 tr\u1ee3 c\u00e1c CPU Ryzen 3000 &#8211; 4000 &#8211; 5000 Series<\/span><\/p>\n<\/ul>","protected":false},"featured_media":11535,"comment_status":"closed","ping_status":"closed","template":"","meta":[],"pwb-brand":[],"product_cat":[2916],"product_tag":[2852],"class_list":{"0":"post-11534","1":"product","2":"type-product","3":"status-publish","4":"has-post-thumbnail","6":"product_cat-linh-kien-may-chu","7":"product_tag-wireless","9":"first","10":"instock","11":"shipping-taxable","12":"product-type-simple"},"brands":[],"_links":{"self":[{"href":"https:\/\/serverhot.vn\/fr\/wp-json\/wp\/v2\/product\/11534","targetHints":{"allow":["GET"]}}],"collection":[{"href":"https:\/\/serverhot.vn\/fr\/wp-json\/wp\/v2\/product"}],"about":[{"href":"https:\/\/serverhot.vn\/fr\/wp-json\/wp\/v2\/types\/product"}],"replies":[{"embeddable":true,"href":"https:\/\/serverhot.vn\/fr\/wp-json\/wp\/v2\/comments?post=11534"}],"wp:featuredmedia":[{"embeddable":true,"href":"https:\/\/serverhot.vn\/fr\/wp-json\/wp\/v2\/media\/11535"}],"wp:attachment":[{"href":"https:\/\/serverhot.vn\/fr\/wp-json\/wp\/v2\/media?parent=11534"}],"wp:term":[{"taxonomy":"pwb-brand","embeddable":true,"href":"https:\/\/serverhot.vn\/fr\/wp-json\/wp\/v2\/pwb-brand?post=11534"},{"taxonomy":"product_cat","embeddable":true,"href":"https:\/\/serverhot.vn\/fr\/wp-json\/wp\/v2\/product_cat?post=11534"},{"taxonomy":"product_tag","embeddable":true,"href":"https:\/\/serverhot.vn\/fr\/wp-json\/wp\/v2\/product_tag?post=11534"}],"curies":[{"name":"wp","href":"https:\/\/api.w.org\/{rel}","templated":true}]}}