{"id":11540,"date":"2024-06-29T14:36:15","date_gmt":"2024-06-29T07:36:15","guid":{"rendered":"https:\/\/serverhot.vn\/product\/uncategorized\/camera-ip-hong-ngoai-2-0-megapixel-dahua-dh-ipc-hfw2231tp-as-s2-ma-san-pham-dh-ipc-hfw2231tp-as-s2\/"},"modified":"2024-06-29T14:36:17","modified_gmt":"2024-06-29T07:36:17","slug":"camera-ip-hong-ngoai-2-0-megapixel-dahua-dh-ipc-hfw2231tp-as-s2-ma-san-pham-dh-ipc-hfw2231tp-as-s2","status":"publish","type":"product","link":"https:\/\/serverhot.vn\/fr\/-product-\/camera-ip-hong-ngoai-2-0-megapixel-dahua-dh-ipc-hfw2231tp-as-s2-ma-san-pham-dh-ipc-hfw2231tp-as-s2\/","title":{"rendered":"Camera IP h\u1ed3ng ngo\u1ea1i 2.0 Megapixel DAHUA DH-IPC-HFW2231TP-AS-S2 M\u00e3 s\u1ea3n ph\u1ea9m: DH-IPC-HFW2231TP-AS-S2"},"content":{"rendered":"<div class=\"showText tabs\" id=\"tab2\">\n                                    <\/div>","protected":false},"excerpt":{"rendered":"<ul>\n<p><span style=\"font-size: 14px\">&#8211; C\u1ea3m bi\u1ebfn h\u00ecnh \u1ea3nh: 1\/2.8 inch CMOS.\u00a0<\/span><\/p>\n<p><span style=\"font-size: 14px\">&#8211; \u0110\u1ed9 ph\u00e2n gi\u1ea3i: 2.0 Megapixel.\u00a0<\/span><\/p>\n<p><span style=\"font-size: 14px\">&#8211; Chu\u1ea9n \u0111\u1ecbnh d\u1ea1ng video: PAL .<\/span><\/p>\n<p><span style=\"font-size: 14px\">&#8211; Chu\u1ea9n n\u00e9n h\u00ecnh \u1ea3nh: H265+.<\/span><\/p>\n<p><span style=\"font-size: 14px\">&#8211; \u1ed0ng k\u00ednh c\u1ed1 \u0111\u1ecbnh: 3.6mm.<\/span><\/p>\n<p><span style=\"font-size: 14px\">&#8211; T\u1ea7m quan s\u00e1t h\u1ed3ng ngo\u1ea1i: 80 m\u00e9t (c\u00f4ng ngh\u1ec7 h\u1ed3ng ngo\u1ea1i th\u00f4ng minh).<\/span><\/p>\n<p><span style=\"font-size: 14px\">&#8211; H\u1ed7 tr\u1ee3 Starlight v\u1edbi \u0111\u1ed9 nh\u1ea1y s\u00e1ng c\u1ef1c th\u1ea5p: 0.002Lux@F1.6.<\/span><\/p>\n<p><span style=\"font-size: 14px\">&#8211; H\u1ed7 tr\u1ee3 ch\u1ee9c n\u0103ng ph\u00e1t hi\u1ec7n th\u00f4ng minh: H\u00e0ng r\u00e0o \u1ea3o, X\u00e2m nh\u1eadp, Ph\u00e1t hi\u1ec7n \u0111i\u1ec7n \u00e1p.<\/span><\/p>\n<\/ul>","protected":false},"featured_media":11541,"comment_status":"closed","ping_status":"closed","template":"","meta":[],"pwb-brand":[],"product_cat":[2911],"product_tag":[],"class_list":{"0":"post-11540","1":"product","2":"type-product","3":"status-publish","4":"has-post-thumbnail","6":"product_cat-thiet-bi-camera","8":"first","9":"instock","10":"shipping-taxable","11":"product-type-simple"},"brands":[],"_links":{"self":[{"href":"https:\/\/serverhot.vn\/fr\/wp-json\/wp\/v2\/product\/11540","targetHints":{"allow":["GET"]}}],"collection":[{"href":"https:\/\/serverhot.vn\/fr\/wp-json\/wp\/v2\/product"}],"about":[{"href":"https:\/\/serverhot.vn\/fr\/wp-json\/wp\/v2\/types\/product"}],"replies":[{"embeddable":true,"href":"https:\/\/serverhot.vn\/fr\/wp-json\/wp\/v2\/comments?post=11540"}],"wp:featuredmedia":[{"embeddable":true,"href":"https:\/\/serverhot.vn\/fr\/wp-json\/wp\/v2\/media\/11541"}],"wp:attachment":[{"href":"https:\/\/serverhot.vn\/fr\/wp-json\/wp\/v2\/media?parent=11540"}],"wp:term":[{"taxonomy":"pwb-brand","embeddable":true,"href":"https:\/\/serverhot.vn\/fr\/wp-json\/wp\/v2\/pwb-brand?post=11540"},{"taxonomy":"product_cat","embeddable":true,"href":"https:\/\/serverhot.vn\/fr\/wp-json\/wp\/v2\/product_cat?post=11540"},{"taxonomy":"product_tag","embeddable":true,"href":"https:\/\/serverhot.vn\/fr\/wp-json\/wp\/v2\/product_tag?post=11540"}],"curies":[{"name":"wp","href":"https:\/\/api.w.org\/{rel}","templated":true}]}}