{"id":11556,"date":"2024-06-29T14:38:20","date_gmt":"2024-06-29T07:38:20","guid":{"rendered":"https:\/\/serverhot.vn\/product\/uncategorized\/thiet-bi-luu-tru-synology-fs3600-ma-san-pham-fs3600\/"},"modified":"2024-06-29T14:38:21","modified_gmt":"2024-06-29T07:38:21","slug":"thiet-bi-luu-tru-synology-fs3600-ma-san-pham-fs3600","status":"publish","type":"product","link":"https:\/\/serverhot.vn\/fr\/-product-\/thiet-bi-luu-tru-synology-fs3600-ma-san-pham-fs3600\/","title":{"rendered":"Thi\u1ebft b\u1ecb l\u01b0u tr\u1eef Synology FS3600 M\u00e3 s\u1ea3n ph\u1ea9m: FS3600"},"content":{"rendered":"<div class=\"showText tabs\" id=\"tab2\">\n                                    <\/div>","protected":false},"excerpt":{"rendered":"<ul>\n                            &#8211; CPU: 1 x Intel Xeon D-1567<br \/>\n&#8211; RAM: 1 x 16GB DDR4 ECC RDIMM<br \/>\n&#8211; \u1ed4 C\u1ee9ng: 24 x Khay \u1ed5 \u0111\u0129\u00e3 . Lo\u1ea1i: 2.5&#8243; SAS HDD* \/ 2.5&#8243; SAS SSD* \/ \u1ed4 SSD SATA 2,5&#8243;<br \/>\n&#8211; Port: 4 x LAN RJ-45 1 GbE ; 2 x LAN RJ-45 10 GbE ; 2 x  USB 3.2 Gen 1*<br \/>\n&#8211; Khe m\u1edf r\u1ed9ng PCIe: 1 x Gen3 x8 slot (x8 link)<br \/>\n&#8211; D\u1ea1ng th\u1ee9c (RU): 2U<br \/>\n&#8211; Tr\u1ecdng l\u01b0\u1ee3ng:\t14.9 kg                        <\/ul>","protected":false},"featured_media":11557,"comment_status":"closed","ping_status":"closed","template":"","meta":[],"pwb-brand":[],"product_cat":[2881],"product_tag":[2841],"class_list":{"0":"post-11556","1":"product","2":"type-product","3":"status-publish","4":"has-post-thumbnail","6":"product_cat-synology","7":"product_tag-hdd","9":"first","10":"instock","11":"shipping-taxable","12":"product-type-simple"},"brands":[],"_links":{"self":[{"href":"https:\/\/serverhot.vn\/fr\/wp-json\/wp\/v2\/product\/11556","targetHints":{"allow":["GET"]}}],"collection":[{"href":"https:\/\/serverhot.vn\/fr\/wp-json\/wp\/v2\/product"}],"about":[{"href":"https:\/\/serverhot.vn\/fr\/wp-json\/wp\/v2\/types\/product"}],"replies":[{"embeddable":true,"href":"https:\/\/serverhot.vn\/fr\/wp-json\/wp\/v2\/comments?post=11556"}],"wp:featuredmedia":[{"embeddable":true,"href":"https:\/\/serverhot.vn\/fr\/wp-json\/wp\/v2\/media\/11557"}],"wp:attachment":[{"href":"https:\/\/serverhot.vn\/fr\/wp-json\/wp\/v2\/media?parent=11556"}],"wp:term":[{"taxonomy":"pwb-brand","embeddable":true,"href":"https:\/\/serverhot.vn\/fr\/wp-json\/wp\/v2\/pwb-brand?post=11556"},{"taxonomy":"product_cat","embeddable":true,"href":"https:\/\/serverhot.vn\/fr\/wp-json\/wp\/v2\/product_cat?post=11556"},{"taxonomy":"product_tag","embeddable":true,"href":"https:\/\/serverhot.vn\/fr\/wp-json\/wp\/v2\/product_tag?post=11556"}],"curies":[{"name":"wp","href":"https:\/\/api.w.org\/{rel}","templated":true}]}}