{"id":11564,"date":"2024-06-29T14:39:05","date_gmt":"2024-06-29T07:39:05","guid":{"rendered":"https:\/\/serverhot.vn\/product\/uncategorized\/thiet-bi-mang-switch-cisco-8-cong-poe-67w-2-combo-uplink-cbs250-8p-e-2g-eu-ma-san-pham-cbs250-8p-e-2g-eu\/"},"modified":"2024-06-29T14:39:06","modified_gmt":"2024-06-29T07:39:06","slug":"thiet-bi-mang-switch-cisco-8-cong-poe-67w-2-combo-uplink-cbs250-8p-e-2g-eu-ma-san-pham-cbs250-8p-e-2g-eu","status":"publish","type":"product","link":"https:\/\/serverhot.vn\/fr\/-product-\/thiet-bi-mang-switch-cisco-8-cong-poe-67w-2-combo-uplink-cbs250-8p-e-2g-eu-ma-san-pham-cbs250-8p-e-2g-eu\/","title":{"rendered":"Thi\u1ebft B\u1ecb M\u1ea1ng Switch Cisco 8 C\u1ed5ng PoE+ 67W 2 Combo Uplink CBS250-8P-E-2G-EU M\u00e3 s\u1ea3n ph\u1ea9m: CBS250-8P-E-2G-EU"},"content":{"rendered":"<div class=\"showText tabs\" id=\"tab2\">\n<div class=\"box_right_pro_view\">\n<div class=\"thongso_pro a_technical\" style=\"max-height: fit-content\">\n<h2>Th\u00f4ng s\u1ed1 k\u1ef9 thu\u1eadt\u00a0Switch Cisco\u00a0CBS250-8P-E-2G-EU<\/h2>\n<table border=\"1\" cellspacing=\"1\" cellpadding=\"1\">\n<tbody>\n<tr>\n<td><strong>Feature<\/strong><\/td>\n<td><strong>Description<\/strong><\/td>\n<\/tr>\n<tr>\n<td>Capacity in millions of packets per second (mpps) (64-byte packets)<\/td>\n<td>14.88<\/td>\n<\/tr>\n<tr>\n<td>Switching capacity in gigabits per second (Gbps)<\/td>\n<td>20.0<\/td>\n<\/tr>\n<tr>\n<td>RJ-45 ports<\/td>\n<td>8 Gigabit Ethernet PoE+<\/td>\n<\/tr>\n<tr>\n<td>Combo ports (RJ-45 + SFP)<\/td>\n<td>2 Gigabit Ethernet combo<\/td>\n<\/tr>\n<tr>\n<td>Flash<\/td>\n<td>256 MB<\/td>\n<\/tr>\n<tr>\n<td>CPU<\/td>\n<td>800 MHz ARM<\/td>\n<\/tr>\n<tr>\n<td>CPU memory<\/td>\n<td>512 MB<\/td>\n<\/tr>\n<tr>\n<td>Packet buffer<\/td>\n<td>1.5 MB<\/td>\n<\/tr>\n<tr>\n<td>Power dedicated to PoE<\/td>\n<td>67W<\/td>\n<\/tr>\n<tr>\n<td>Number of ports that support PoE<\/td>\n<td>8<\/td>\n<\/tr>\n<tr>\n<td colspan=\"2\"><strong>Layer 2 switching<\/strong><\/td>\n<\/tr>\n<tr>\n<td>Spanning Tree Protocol (STP)<\/td>\n<td>\n<p>Standard 802.1d spanning tree support<\/p>\n<p>Fast convergence using 802.1w (Rapid Spanning Tree Protocol [RSTP]), enabled by default<\/p>\n<p>Multiple spanning tree instances using 802.1s (MSTP); 8 instances are supported<\/p>\n<p>Per-VLAN Spanning Tree Plus (PVST+); 126 instances are supported<\/p>\n<p>Rapid PVST+ (RPVST+); 126 instances are supported<\/p>\n<\/td>\n<\/tr>\n<tr>\n<td>Port grouping\/link aggregation<\/td>\n<td>\n<p>Support for IEEE 802.3ad Link Aggregation Control Protocol (LACP)<\/p>\n<div>Up to 4 groups<\/div>\n<div>Up to 8 ports per group with 16 candidate ports for each (dynamic) 802.3ad Link Aggregation Group (LAG)<\/div>\n<\/td>\n<\/tr>\n<tr>\n<td>VLAN<\/td>\n<td>\n<p>Support for up to 255 active VLANs simultaneously<\/p>\n<p>Port-based and 802.1Q tag-based VLANs<\/p>\n<p>Management VLAN<\/p>\n<p>Guest VLAN<\/p>\n<\/td>\n<\/tr>\n<tr>\n<td colspan=\"2\"><strong>Layer 3 routing<\/strong><\/td>\n<\/tr>\n<tr>\n<td>IPv4 routing<\/td>\n<td>\n<p>Wire-speed routing of IPv4 packets<\/p>\n<p>Up to 32 static routes and up to 16 IP interfaces<\/p>\n<\/td>\n<\/tr>\n<tr>\n<td>IPv6 routing<\/td>\n<td>Wire-speed routing of IPv6 packets<\/td>\n<\/tr>\n<tr>\n<td>Layer 3 interface<\/td>\n<td>Configuration of Layer 3 interface on physical port, LAG, VLAN interface, or loopback interface<\/td>\n<\/tr>\n<tr>\n<td colspan=\"2\"><strong>Physical<\/strong><\/td>\n<\/tr>\n<tr>\n<td>Unit dimensions<br \/>(W x H x D)<\/td>\n<td>268 x 185 x 44 mm (10.56 x 7.28 x 1.73 in)<\/td>\n<\/tr>\n<tr>\n<td>Unit weight<\/td>\n<td>3.5 kg (7.72 lb)<\/td>\n<\/tr>\n<tr>\n<td>Power<\/td>\n<td>100 to 240V 50 to 60 Hz, internal<\/td>\n<\/tr>\n<tr>\n<td>Certification<\/td>\n<td>UL (UL 60950), CSA (CSA 22.2), CE mark, FCC Part 15 (CFR 47) Class A<\/td>\n<\/tr>\n<tr>\n<td>Operating temperature<\/td>\n<td>23\u00b0 to 122\u00b0F (-5\u00b0 to 50\u00b0C)<\/td>\n<\/tr>\n<tr>\n<td>Storage temperature<\/td>\n<td>-13\u00b0 to 158\u00b0F (-25\u00b0 to 70\u00b0C)<\/td>\n<\/tr>\n<tr>\n<td>Operating humidity<\/td>\n<td>10% to 90%, relative, noncondensing<\/td>\n<\/tr>\n<tr>\n<td>Storage humidity<\/td>\n<td>10% to 90%, relative, noncondensing<\/td>\n<\/tr>\n<tr>\n<td>Fan (number)<\/td>\n<td>Fanless<\/td>\n<\/tr>\n<tr>\n<td>MTBF at 25\u00b0C (hours)<\/td>\n<td>1,706,649<\/td>\n<\/tr>\n<\/tbody>\n<\/table><\/div>\n<p>                            <!--                            <\/p>\n<div class=\"xemthem_id_r\">--><br \/>\n                            <!--                                <a><!--\/show\/?token=--><br \/>\n                            <!--\"--><br \/>\n                            <!--                                   class=\"preview fancybox fancybox.ajax\" rel=\"nofollow\"&gt;Xem th&#234;m th&#244;ng s&#7889; k&#7929; thu&#7853;t<\/a>--><br \/>\n                            <!--                            <\/div>\n<p>-->\n                        <\/p><\/div>\n<\/p><\/div>","protected":false},"excerpt":{"rendered":"<ul>\n<p><span style=\"font-family: Saira, sans-serif;font-size: 13px;background-color: #ffffff\">B\u1ed9 chuy\u1ec3n m\u1ea1ch\u00a0<\/span><strong style=\"font-family: Saira, sans-serif;font-size: 13px;background-color: #ffffff\">CBS250-8P-E-2G-EU\u00a0<\/strong><span style=\"font-family: Saira, sans-serif;font-size: 13px;background-color: #ffffff\">Gigabit Ethernet m\u1ea1nh m\u1ebd n\u00e0y, v\u1edbi c\u00e1c li\u00ean k\u1ebft uplink SFP module Gigabit, cung c\u1ea5p nhi\u1ec1u t\u00f9y ch\u1ecdn qu\u1ea3n l\u00fd, kh\u1ea3 n\u0103ng b\u1ea3o m\u1eadt tinh vi v\u00e0 ch\u1ea5t l\u01b0\u1ee3ng d\u1ecbch v\u1ee5 QoS \u0111\u01b0\u1ee3c tinh ch\u1ec9nh v\u00e0 c\u00e1c t\u00ednh n\u0103ng \u0111\u1ecbnh tuy\u1ebfn t\u0129nh l\u1edbp 3 v\u01b0\u1ee3t xa c\u00e1c t\u00ednh n\u0103ng c\u1ee7a m\u1ed9t thi\u1ebft b\u1ecb chuy\u1ec3n m\u1ea1ch kh\u00f4ng \u0111\u01b0\u1ee3c qu\u1ea3n l\u00fd ho\u1eb7c c\u1ea5p ti\u00eau d\u00f9ng, v\u1edbi chi ph\u00ed th\u1ea5p h\u01a1n so v\u1edbi c\u00e1c thi\u1ebft b\u1ecb chuy\u1ec3n m\u1ea1ch \u0111\u01b0\u1ee3c qu\u1ea3n l\u00fd ho\u00e0n to\u00e0n.<\/span><\/p>\n<\/ul>","protected":false},"featured_media":11565,"comment_status":"closed","ping_status":"closed","template":"","meta":[],"pwb-brand":[],"product_cat":[2893],"product_tag":[2847,25,2849],"class_list":{"0":"post-11564","1":"product","2":"type-product","3":"status-publish","4":"has-post-thumbnail","6":"product_cat-cisco","7":"product_tag-cisco","8":"product_tag-man","9":"product_tag-switch","11":"first","12":"instock","13":"shipping-taxable","14":"product-type-simple"},"brands":[],"_links":{"self":[{"href":"https:\/\/serverhot.vn\/fr\/wp-json\/wp\/v2\/product\/11564","targetHints":{"allow":["GET"]}}],"collection":[{"href":"https:\/\/serverhot.vn\/fr\/wp-json\/wp\/v2\/product"}],"about":[{"href":"https:\/\/serverhot.vn\/fr\/wp-json\/wp\/v2\/types\/product"}],"replies":[{"embeddable":true,"href":"https:\/\/serverhot.vn\/fr\/wp-json\/wp\/v2\/comments?post=11564"}],"wp:featuredmedia":[{"embeddable":true,"href":"https:\/\/serverhot.vn\/fr\/wp-json\/wp\/v2\/media\/11565"}],"wp:attachment":[{"href":"https:\/\/serverhot.vn\/fr\/wp-json\/wp\/v2\/media?parent=11564"}],"wp:term":[{"taxonomy":"pwb-brand","embeddable":true,"href":"https:\/\/serverhot.vn\/fr\/wp-json\/wp\/v2\/pwb-brand?post=11564"},{"taxonomy":"product_cat","embeddable":true,"href":"https:\/\/serverhot.vn\/fr\/wp-json\/wp\/v2\/product_cat?post=11564"},{"taxonomy":"product_tag","embeddable":true,"href":"https:\/\/serverhot.vn\/fr\/wp-json\/wp\/v2\/product_tag?post=11564"}],"curies":[{"name":"wp","href":"https:\/\/api.w.org\/{rel}","templated":true}]}}