{"id":11958,"date":"2024-06-29T15:44:04","date_gmt":"2024-06-29T08:44:04","guid":{"rendered":"https:\/\/serverhot.vn\/product\/uncategorized\/16-port-10-100base-tx-switch-planet-fnsw-1601-ma-san-pham-fnsw-1601\/"},"modified":"2024-06-29T15:44:06","modified_gmt":"2024-06-29T08:44:06","slug":"16-port-10-100base-tx-switch-planet-fnsw-1601-ma-san-pham-fnsw-1601","status":"publish","type":"product","link":"https:\/\/serverhot.vn\/fr\/-product-\/16-port-10-100base-tx-switch-planet-fnsw-1601-ma-san-pham-fnsw-1601\/","title":{"rendered":"16-Port 10\/100Base-TX Switch PLANET FNSW-1601 M\u00e3 s\u1ea3n ph\u1ea9m: FNSW-1601"},"content":{"rendered":"<div class=\"showText tabs\" id=\"tab2\">\n                                    <\/div>","protected":false},"excerpt":{"rendered":"<ul>\n<p><strong>Workgroup Switch<\/strong><\/p>\n<p>V\u1edbi dung l\u01b0\u1ee3ng chuy\u1ec3n m\u1ea1ch 3,2Gbps, FNSW-1601 c\u00f3 th\u1ec3 d\u1ec5 d\u00e0ng \u0111\u1ea1t \u0111\u01b0\u1ee3c b\u0103ng th\u00f4ng t\u1ed1c \u0111\u1ed9 cao trong m\u1ea1ng \u0111\u01b0\u1eddng tr\u1ee5c c\u1ee7a ph\u00f2ng ban trong c\u01a1 quan b\u1ea1n.<\/p>\n<p><strong>Department Switch<\/strong><\/p>\n<p><strong><\/strong>K\u1ebft n\u1ed1i tr\u1ef1c ti\u1ebfp gi\u1eefa c\u00e1c switch \u0111\u01b0\u1eddng tr\u1ee5c d\u00f9ng c\u1ea3 2 lo\u1ea1i c\u00e1p th\u1eb3ng v\u00e0 ch\u00e9o, ph\u00e2n \u0111o\u1ea1n l\u01b0u l\u01b0\u1ee3ng m\u1ea1ng trong h\u1ec7 th\u1ed1ng \u0111\u01b0\u1eddng tr\u1ee5c c\u1ee7a b\u1ea1n.<\/p>\n<p><strong>\u0110\u1eb7c t\u00ednh k\u1ef9 thu\u1eadt<\/strong><\/p>\n<ul>\n<li>\n<p>Tu\u00e2n theo chu\u1ea9n IEEE 802.3u 100Base-Tx, IEEE802.3 10Base-T<\/p>\n<\/li>\n<li>\n<p>16 c\u1ed5ng 100Base-Tx Fast Ethernet<\/p>\n<\/li>\n<li>\n<p>M\u1ed7i c\u1ed5ng c\u1ee7a switch h\u1ed7 tr\u1ee3 t\u1ef1 \u0111\u1ed9ng nh\u1eadn c\u00e1c t\u1ed1c \u0111\u1ed9 10\/20Mbps, 100\/200Mbps<\/p>\n<\/li>\n<li>\n<p>L\u1ecdc\/chuy\u1ec3n ti\u1ebfp d\u1eef li\u1ec7u theo t\u1ed1c \u0111\u1ed9 14400pps &#8211; 100Mbps, 14880 &#8211; 10Mbps<\/p>\n<\/li>\n<li>\n<p>Chuy\u1ec3n m\u1ea1ch theo ph\u01b0\u01a1ng ph\u00e1p Store and Forward hi\u1ec7u su\u1ea5t cao, ki\u1ec3m tra CRC lo\u1ea1i b\u1ecf c\u00e1c khung d\u1eef li\u1ec7u l\u1ed7i, t\u1ed1i \u01b0u b\u0103ng th\u00f4ng m\u1ea1ng<\/p>\n<\/li>\n<li>\n<p>\u0110i\u1ec1u khi\u1ec3n lu\u1ed3ng IEEE 802.3x song c\u00f4ng, \u0111i\u1ec1u khi\u1ec3n lu\u1ed3ng theo ki\u1ec3u back-pressure trong ch\u1ebf \u0111\u1ed9 truy\u1ec1n b\u00e1n song c\u00f4ng<\/p>\n<\/li>\n<li>\n<p>T\u1ef1 \u0111\u1ed9ng nh\u1eadn gi\u1eefa c\u00e1p th\u1eb3ng v\u00e0 ch\u00e9o, d\u1ec5 d\u00e0ng n\u1ed1i t\u1ea7ng c\u00e1c switch.<\/p>\n<\/li>\n<\/ul>\n<\/ul>","protected":false},"featured_media":11959,"comment_status":"closed","ping_status":"closed","template":"","meta":[],"pwb-brand":[],"product_cat":[2903],"product_tag":[2849],"class_list":{"0":"post-11958","1":"product","2":"type-product","3":"status-publish","4":"has-post-thumbnail","6":"product_cat-planet","7":"product_tag-switch","9":"first","10":"instock","11":"shipping-taxable","12":"product-type-simple"},"brands":[],"_links":{"self":[{"href":"https:\/\/serverhot.vn\/fr\/wp-json\/wp\/v2\/product\/11958","targetHints":{"allow":["GET"]}}],"collection":[{"href":"https:\/\/serverhot.vn\/fr\/wp-json\/wp\/v2\/product"}],"about":[{"href":"https:\/\/serverhot.vn\/fr\/wp-json\/wp\/v2\/types\/product"}],"replies":[{"embeddable":true,"href":"https:\/\/serverhot.vn\/fr\/wp-json\/wp\/v2\/comments?post=11958"}],"wp:featuredmedia":[{"embeddable":true,"href":"https:\/\/serverhot.vn\/fr\/wp-json\/wp\/v2\/media\/11959"}],"wp:attachment":[{"href":"https:\/\/serverhot.vn\/fr\/wp-json\/wp\/v2\/media?parent=11958"}],"wp:term":[{"taxonomy":"pwb-brand","embeddable":true,"href":"https:\/\/serverhot.vn\/fr\/wp-json\/wp\/v2\/pwb-brand?post=11958"},{"taxonomy":"product_cat","embeddable":true,"href":"https:\/\/serverhot.vn\/fr\/wp-json\/wp\/v2\/product_cat?post=11958"},{"taxonomy":"product_tag","embeddable":true,"href":"https:\/\/serverhot.vn\/fr\/wp-json\/wp\/v2\/product_tag?post=11958"}],"curies":[{"name":"wp","href":"https:\/\/api.w.org\/{rel}","templated":true}]}}